{"id":35201,"date":"2026-04-26T13:51:33","date_gmt":"2026-04-26T11:51:33","guid":{"rendered":"https:\/\/pinkpeas.es\/?post_type=product&#038;p=35201"},"modified":"2026-04-26T16:52:46","modified_gmt":"2026-04-26T14:52:46","slug":"mini-perro-pequeno-starter-pack-pienso-latas-y-snacks-2","status":"publish","type":"product","link":"https:\/\/pinkpeas.es\/ca\/producte\/mini-perro-pequeno-starter-pack-pienso-latas-y-snacks-2\/","title":{"rendered":"Mini Perro peque\u00f1o Starter Pack Pienso, latas y snacks"},"content":{"rendered":"<p>El Mini Adult Starter Pack contiene una selecci\u00f3n de productos a medida para los peque\u00f1os de la casa.<\/p>\n<p>Con una variedad de recetas completas y complementarias 100% vegetales, este pack est\u00e1 dise\u00f1ado espec\u00edficamente para cubrir las necesidades de los perros adultos de menor tama\u00f1o.<\/p>\n<p>Esta selecci\u00f3n contiene pienso completo Ami Dogs, alimento h\u00famedo en formato peque\u00f1o para que no se estropee una vez abierto. Tambi\u00e9n se incluyen snacks en formato peque\u00f1o tanto seco como semih\u00famedo para sesiones de juego y premiar la buena conducta. Todos los alimentos del Mini Adult Starter Pack son altamente palatables y f\u00e1cilmente digeribles.<\/p>","protected":false},"excerpt":{"rendered":"<p>El Mini Adult Starter Pack est\u00e1 hecho a medida para los m\u00e1s peque\u00f1os de la familia. Contiene una selecci\u00f3n de productos espec\u00edficos para perros de tama\u00f1o peque\u00f1o y mini de distintas marcas. La selecci\u00f3n de recetas veganas completas y complementarias para perros adultos de este pack lo hacen ideal para probar muchos sabores y texturas.<\/p>\n<p>Contiene 1 saco Ami Dogs Mini &amp; Toys de 1kg, 1 Tetrapak de 200g Vegdog, 1 Topper de no-ternera de Plantz, 1 snack Yup You Stink de Hownd, 1 snack Mobilities mini de Vegdog y 1 snack Tender Banana de Weego.<\/p>","protected":false},"featured_media":35208,"comment_status":"open","ping_status":"closed","template":"","meta":[],"product_brand":[620,617,618,619,622],"product_cat":[534,535,509],"product_tag":[511,512,513,531,514,527,515,528,551,546,517,536,586],"class_list":{"0":"post-35201","1":"product","2":"type-product","3":"status-publish","4":"has-post-thumbnail","6":"product_brand-ami","7":"product_brand-hownd","8":"product_brand-plantz","9":"product_brand-vegdog","10":"product_brand-weego","11":"product_cat-packs","12":"product_cat-packs-perros","13":"product_cat-perros","14":"product_tag-1-especie-perro","15":"product_tag-2-edad-adulto","16":"product_tag-2-edad-senior","17":"product_tag-3-producto-alimento-humedo","18":"product_tag-3-producto-alimento-seco","19":"product_tag-3-producto-receta-complementaria","20":"product_tag-3-producto-receta-completa","21":"product_tag-3-producto-snack","22":"product_tag-4-propiedades-alto-en-proteina","23":"product_tag-4-propiedades-dental","24":"product_tag-4-propiedades-estomago-sensible","25":"product_tag-4-propiedades-mini","26":"product_tag-6-textura-semihumedo","28":"first","29":"instock","30":"taxable","31":"shipping-taxable","32":"purchasable","33":"product-type-woosb"},"supplier_id":null,"supplier_sku":"","barcode":null,"atum_controlled":true,"out_stock_date":null,"out_stock_threshold":null,"inheritable":false,"inbound_stock":null,"stock_on_hold":null,"sold_today":null,"sales_last_days":null,"reserved_stock":null,"customer_returns":null,"warehouse_damage":null,"lost_in_post":null,"other_logs":null,"out_stock_days":null,"lost_sales":null,"has_location":false,"update_date":"2026-04-26T14:52:50","atum_locations":[],"atum_stock_status":"instock","restock_status":false,"low_stock_amount":"","sales_update_date":null,"calc_backorders":null,"_links":{"self":[{"href":"https:\/\/pinkpeas.es\/ca\/wp-json\/wp\/v2\/product\/35201","targetHints":{"allow":["GET"]}}],"collection":[{"href":"https:\/\/pinkpeas.es\/ca\/wp-json\/wp\/v2\/product"}],"about":[{"href":"https:\/\/pinkpeas.es\/ca\/wp-json\/wp\/v2\/types\/product"}],"replies":[{"embeddable":true,"href":"https:\/\/pinkpeas.es\/ca\/wp-json\/wp\/v2\/comments?post=35201"}],"wp:featuredmedia":[{"embeddable":true,"href":"https:\/\/pinkpeas.es\/ca\/wp-json\/wp\/v2\/media\/35208"}],"wp:attachment":[{"href":"https:\/\/pinkpeas.es\/ca\/wp-json\/wp\/v2\/media?parent=35201"}],"wp:term":[{"taxonomy":"product_brand","embeddable":true,"href":"https:\/\/pinkpeas.es\/ca\/wp-json\/wp\/v2\/product_brand?post=35201"},{"taxonomy":"product_cat","embeddable":true,"href":"https:\/\/pinkpeas.es\/ca\/wp-json\/wp\/v2\/product_cat?post=35201"},{"taxonomy":"product_tag","embeddable":true,"href":"https:\/\/pinkpeas.es\/ca\/wp-json\/wp\/v2\/product_tag?post=35201"}],"curies":[{"name":"wp","href":"https:\/\/api.w.org\/{rel}","templated":true}]}}