{"id":35200,"date":"2026-04-26T13:50:08","date_gmt":"2026-04-26T11:50:08","guid":{"rendered":"https:\/\/pinkpeas.es\/?post_type=product&#038;p=35200"},"modified":"2026-04-26T16:49:32","modified_gmt":"2026-04-26T14:49:32","slug":"puppy-cachorro-starter-pack-pienso-latas-y-snacks-2","status":"publish","type":"product","link":"https:\/\/pinkpeas.es\/ca\/producte\/puppy-cachorro-starter-pack-pienso-latas-y-snacks-2\/","title":{"rendered":"Puppy Cachorro Starter Pack Pienso, latas y snacks"},"content":{"rendered":"<p>El Puppy Starter Pack contiene una selecci\u00f3n de productos a medida para los j\u00f3venes de la casa.<\/p>\n<p>Con una variedad de recetas completas y complementarias 100% vegetales, este pack est\u00e1 dise\u00f1ado espec\u00edficamente para cubrir las necesidades de los cachorros en crecimiento. Esta selecci\u00f3n contiene pienso completo Benevo , alimentos h\u00famedos con texturas variadas y fuentes proteicas diversas para iniciar al cachorro en distintas opciones, adem\u00e1s de poder conocer algo m\u00e1s sobre sus preferencias a trav\u00e9s de la experimentaci\u00f3n.<\/p>\n<p>Tambi\u00e9n se incluyen snacks en formato peque\u00f1o tanto seco como semih\u00famedo para sesiones de juego y premiar la buena conducta. Todos los alimentos del Puppy Starter Pack son altamente palatables, f\u00e1cilmente digeribles y libres de gluten.<\/p>\n<p>&nbsp;<\/p>","protected":false},"excerpt":{"rendered":"<p>El Puppy Starter Pack est\u00e1 hecho a medida para los j\u00f3venes de la casa. Esta selecci\u00f3n de recetas veganas completas y complementarias de alta calidad est\u00e1 dise\u00f1ada para las necesidades espec\u00edficas de los cachorros en crecimiento.<\/p>\n<p>Contiene 1 saco Puppy Benevo de 1,8kg, 1 lata No-Ternera en salsa de Plantz, 1 lata Vegan Duo de Benevo, 1 topper de no-pollo en salsa de Plantz, 1 snack Playful Pup de Hownd, 1 snack Brainy Bites de Vegdog.<\/p>","protected":false},"featured_media":35203,"comment_status":"open","ping_status":"closed","template":"","meta":[],"product_brand":[617,626,618,619],"product_cat":[534,535,509],"product_tag":[511,526,531,514,527,515,528,579,536,586],"class_list":{"0":"post-35200","1":"product","2":"type-product","3":"status-publish","4":"has-post-thumbnail","6":"product_brand-hownd","7":"product_brand-benevo","8":"product_brand-plantz","9":"product_brand-vegdog","10":"product_cat-packs","11":"product_cat-packs-perros","12":"product_cat-perros","13":"product_tag-1-especie-perro","14":"product_tag-2-edad-puppy-cachorro","15":"product_tag-3-producto-alimento-humedo","16":"product_tag-3-producto-alimento-seco","17":"product_tag-3-producto-receta-complementaria","18":"product_tag-3-producto-receta-completa","19":"product_tag-3-producto-snack","20":"product_tag-4-propiedades-maxi","21":"product_tag-4-propiedades-mini","22":"product_tag-6-textura-semihumedo","24":"first","25":"outofstock","26":"taxable","27":"shipping-taxable","28":"purchasable","29":"product-type-woosb"},"supplier_id":null,"supplier_sku":"","barcode":null,"atum_controlled":true,"out_stock_date":null,"out_stock_threshold":null,"inheritable":false,"inbound_stock":null,"stock_on_hold":null,"sold_today":null,"sales_last_days":null,"reserved_stock":null,"customer_returns":null,"warehouse_damage":null,"lost_in_post":null,"other_logs":null,"out_stock_days":null,"lost_sales":null,"has_location":false,"update_date":"2026-04-26T14:49:34","atum_locations":[],"atum_stock_status":"outofstock","restock_status":false,"low_stock_amount":"","sales_update_date":"2025-06-13T15:21:19","calc_backorders":null,"_links":{"self":[{"href":"https:\/\/pinkpeas.es\/ca\/wp-json\/wp\/v2\/product\/35200","targetHints":{"allow":["GET"]}}],"collection":[{"href":"https:\/\/pinkpeas.es\/ca\/wp-json\/wp\/v2\/product"}],"about":[{"href":"https:\/\/pinkpeas.es\/ca\/wp-json\/wp\/v2\/types\/product"}],"replies":[{"embeddable":true,"href":"https:\/\/pinkpeas.es\/ca\/wp-json\/wp\/v2\/comments?post=35200"}],"wp:featuredmedia":[{"embeddable":true,"href":"https:\/\/pinkpeas.es\/ca\/wp-json\/wp\/v2\/media\/35203"}],"wp:attachment":[{"href":"https:\/\/pinkpeas.es\/ca\/wp-json\/wp\/v2\/media?parent=35200"}],"wp:term":[{"taxonomy":"product_brand","embeddable":true,"href":"https:\/\/pinkpeas.es\/ca\/wp-json\/wp\/v2\/product_brand?post=35200"},{"taxonomy":"product_cat","embeddable":true,"href":"https:\/\/pinkpeas.es\/ca\/wp-json\/wp\/v2\/product_cat?post=35200"},{"taxonomy":"product_tag","embeddable":true,"href":"https:\/\/pinkpeas.es\/ca\/wp-json\/wp\/v2\/product_tag?post=35200"}],"curies":[{"name":"wp","href":"https:\/\/api.w.org\/{rel}","templated":true}]}}