{"id":34776,"date":"2026-04-03T13:40:00","date_gmt":"2026-04-03T11:40:00","guid":{"rendered":"https:\/\/pinkpeas.es\/?post_type=product&#038;p=34776"},"modified":"2026-04-04T17:53:25","modified_gmt":"2026-04-04T15:53:25","slug":"brainy-bites-vegdog-snacks-veganos-hipoalergenicos-para-cachorros","status":"publish","type":"product","link":"https:\/\/pinkpeas.es\/ca\/producte\/brainy-bites-vegdog-snacks-veganos-hipoalergenicos-para-cachorros\/","title":{"rendered":"BRAINY BITES VEGDOG | Snacks veganos hipoalerg\u00e9nicos para cachorros"},"content":{"rendered":"<div class=\"mb-1 mt-2 whitespace-pre-line leading-relaxed first:mt-0\" data-sentry-component=\"P\" data-sentry-source-file=\"p.tsx\">Los Brainy Bites de VEGDOG son esos snacks peque\u00f1itos que marcan una gran diferencia: premios pr\u00e1cticos para el d\u00eda a d\u00eda, ideales para el entrenamiento y para reforzar conductas sin pasarte con la cantidad.<\/div>\n<div class=\"mb-1 mt-2 whitespace-pre-line leading-relaxed first:mt-0\" data-sentry-component=\"P\" data-sentry-source-file=\"p.tsx\">Su receta est\u00e1 pensada para apoyar la <strong>funci\u00f3n cerebral<\/strong> y el desarrollo, por eso incorpora <strong>aceite de algas (3%)<\/strong>, que aporta \u00e1cidos grasos importantes (como EPA y DHA) relacionados con el desarrollo del cerebro. Adem\u00e1s, utiliza <strong>prote\u00edna de fermentaci\u00f3n (20%)<\/strong> como fuente innovadora y sostenible, y una base vegetal f\u00e1cil de integrar en rutinas de premio.<\/div>\n<div data-sentry-component=\"P\" data-sentry-source-file=\"p.tsx\"><\/div>\n<div class=\"mb-1 mt-2 whitespace-pre-line leading-relaxed first:mt-0\" data-sentry-component=\"P\" data-sentry-source-file=\"p.tsx\">Son aptos para perros con alergias porque la f\u00f3rmula evita los al\u00e9rgenos m\u00e1s comunes en muchos casos (especialmente prote\u00ednas animales), y al ser de tama\u00f1o peque\u00f1o resultan s\u00faper c\u00f3modos para cachorros, perros mini o sesiones de adiestramiento con muchas repeticiones.<\/div>\n<h3>Beneficios clave<\/h3>\n<ul>\n<li><strong>Apoyo al desarrollo cerebral<\/strong> (con aceite de algas)<\/li>\n<li><strong>Ideales para entrenamiento<\/strong> (tama\u00f1o mini)<\/li>\n<li><strong>Aptos para al\u00e9rgic@s<\/strong><\/li>\n<li>Fuente de prote\u00edna innovadora: <strong>prote\u00edna de fermentaci\u00f3n (20%)<\/strong><\/li>\n<li>Apto desde <strong>cachorro hasta adult@<\/strong><\/li>\n<\/ul>","protected":false},"excerpt":{"rendered":"<p>Snacks veganos en tama\u00f1o mini, perfectos para <strong>entrenamiento<\/strong> y para acompa\u00f1ar a tu compi <strong>desde cachorro hasta adult@<\/strong>. Con <strong>prote\u00edna de fermentaci\u00f3n<\/strong> i <strong>aceite de algas (3%)<\/strong> como fuente de \u00e1cidos grasos clave para apoyar la <strong>salud y el desarrollo cerebral<\/strong>. Menos de 1kcal por pieza. Apto para perros con alergias. Disponible en sobres de 80g.<\/p>\n<p>&nbsp;<\/p>","protected":false},"featured_media":34779,"comment_status":"open","ping_status":"closed","template":"","meta":[],"product_brand":[619],"product_cat":[509,525],"product_tag":[511,512,527,528,529,516,517,548,518,519,520,521,522,524],"class_list":{"0":"post-34776","1":"product","2":"type-product","3":"status-publish","4":"has-post-thumbnail","6":"product_brand-vegdog","7":"product_cat-perros","8":"product_cat-snacks-perros","9":"product_tag-1-especie-perro","10":"product_tag-2-edad-adulto","11":"product_tag-3-producto-receta-complementaria","12":"product_tag-3-producto-snack","13":"product_tag-4-propiedades-bajo-en-grasa","14":"product_tag-4-propiedades-dieta-de-eliminacion","15":"product_tag-4-propiedades-estomago-sensible","16":"product_tag-4-propiedades-hipoalergenico","17":"product_tag-5-alergenos-sin-cereales","18":"product_tag-5-alergenos-sin-gluten","19":"product_tag-5-alergenos-sin-maiz","20":"product_tag-5-alergenos-sin-patata","21":"product_tag-5-alergenos-sin-soja","22":"product_tag-7-otros-marca-100-vegana","24":"first","25":"instock","26":"taxable","27":"shipping-taxable","28":"purchasable","29":"product-type-simple"},"supplier_id":30161,"supplier_sku":"","barcode":null,"atum_controlled":true,"out_stock_date":null,"out_stock_threshold":null,"inheritable":false,"inbound_stock":0,"stock_on_hold":1,"sold_today":0,"sales_last_days":1,"reserved_stock":0,"customer_returns":0,"warehouse_damage":0,"lost_in_post":0,"other_logs":0,"out_stock_days":0,"lost_sales":0,"has_location":false,"update_date":"2026-04-12T18:52:45","atum_locations":[],"atum_stock_status":"instock","restock_status":false,"low_stock_amount":2,"sales_update_date":"2026-04-12T18:52:45","calc_backorders":null,"_links":{"self":[{"href":"https:\/\/pinkpeas.es\/ca\/wp-json\/wp\/v2\/product\/34776","targetHints":{"allow":["GET"]}}],"collection":[{"href":"https:\/\/pinkpeas.es\/ca\/wp-json\/wp\/v2\/product"}],"about":[{"href":"https:\/\/pinkpeas.es\/ca\/wp-json\/wp\/v2\/types\/product"}],"replies":[{"embeddable":true,"href":"https:\/\/pinkpeas.es\/ca\/wp-json\/wp\/v2\/comments?post=34776"}],"wp:featuredmedia":[{"embeddable":true,"href":"https:\/\/pinkpeas.es\/ca\/wp-json\/wp\/v2\/media\/34779"}],"wp:attachment":[{"href":"https:\/\/pinkpeas.es\/ca\/wp-json\/wp\/v2\/media?parent=34776"}],"wp:term":[{"taxonomy":"product_brand","embeddable":true,"href":"https:\/\/pinkpeas.es\/ca\/wp-json\/wp\/v2\/product_brand?post=34776"},{"taxonomy":"product_cat","embeddable":true,"href":"https:\/\/pinkpeas.es\/ca\/wp-json\/wp\/v2\/product_cat?post=34776"},{"taxonomy":"product_tag","embeddable":true,"href":"https:\/\/pinkpeas.es\/ca\/wp-json\/wp\/v2\/product_tag?post=34776"}],"curies":[{"name":"wp","href":"https:\/\/api.w.org\/{rel}","templated":true}]}}