{"id":34772,"date":"2026-04-03T13:33:03","date_gmt":"2026-04-03T11:33:03","guid":{"rendered":"https:\/\/pinkpeas.es\/?post_type=product&#038;p=34772"},"modified":"2026-04-09T13:54:15","modified_gmt":"2026-04-09T11:54:15","slug":"ami-dogs-minitoys-pienso-completo-vegano-para-perros-de-tamano-pequeno","status":"publish","type":"product","link":"https:\/\/pinkpeas.es\/ca\/producte\/ami-dogs-minitoys-pienso-completo-vegano-para-perros-de-tamano-pequeno\/","title":{"rendered":"AMI Dogs Mini&#038;Toys Pienso completo vegano para perros de tama\u00f1o peque\u00f1o"},"content":{"rendered":"<div class=\"mb-1 mt-2 whitespace-pre-line leading-relaxed first:mt-0\" data-sentry-component=\"P\" data-sentry-source-file=\"p.tsx\">\n<div class=\"mb-1 mt-2 whitespace-pre-line leading-relaxed first:mt-0\" data-sentry-component=\"P\" data-sentry-source-file=\"p.tsx\">\n<div class=\"mb-1 mt-2 whitespace-pre-line leading-relaxed first:mt-0\" data-sentry-component=\"P\" data-sentry-source-file=\"p.tsx\">Am\u00ec MINI &amp; TOYS es la f\u00f3rmula de Am\u00ec Planet dise\u00f1ada espec\u00edficamente para perros adultos de tama\u00f1o peque\u00f1o (y muy peque\u00f1o). Es un alimento completo de mantenimiento que cubre sus necesidades nutricionales diarias y ayuda a cuidar su salud con una receta <strong>nutritiva, equilibrada y de buena digestibilidad<\/strong>.<\/div>\n<div data-sentry-component=\"P\" data-sentry-source-file=\"p.tsx\"><\/div>\n<div class=\"mb-1 mt-2 whitespace-pre-line leading-relaxed first:mt-0\" data-sentry-component=\"P\" data-sentry-source-file=\"p.tsx\">Ideal para el d\u00eda a d\u00eda, aporta una combinaci\u00f3n de ingredientes vegetales (ma\u00edz, arroz, guisantes y prote\u00ednas vegetales hidrolizadas) junto con vitaminas y minerales para mantener a tu compi en forma, con energ\u00eda y bienestar. Una opci\u00f3n pr\u00e1ctica para quienes buscan una alimentaci\u00f3n diaria completa para perros mini y toy.<\/div>\n<h3>Ideal para<\/h3>\n<ul>\n<li>Perros adultos de <strong>razas peque\u00f1as y toy<\/strong><\/li>\n<li>Rutinas de <strong>mantenimiento<\/strong> (nutrici\u00f3n diaria)<\/li>\n<li>Compis que necesitan una receta <strong>f\u00e1cil de digerir<\/strong><\/li>\n<\/ul>\n<\/div>\n<div class=\"mb-1 mt-2 whitespace-pre-line leading-relaxed first:mt-0\" data-sentry-component=\"P\" data-sentry-source-file=\"p.tsx\"><\/div>\n<\/div>","protected":false},"excerpt":{"rendered":"<p>Pienso completo de mantenimiento para perros adultos de <strong>razas peque\u00f1as y toy<\/strong>. F\u00f3rmula <strong>equilibrada y f\u00e1cil de digerir<\/strong>, pensada para una nutrici\u00f3n diaria saludable, con un <strong>26% de prote\u00edna<\/strong>. Disponible en sacos de 1kg y 3kg.<\/p>","protected":false},"featured_media":34784,"comment_status":"open","ping_status":"closed","template":"","meta":[],"product_brand":[620],"product_cat":[509,510],"product_tag":[511,514,515,536,521,522],"class_list":{"0":"post-34772","1":"product","2":"type-product","3":"status-publish","4":"has-post-thumbnail","6":"product_brand-ami","7":"product_cat-perros","8":"product_cat-comida-seca-perros","9":"product_tag-1-especie-perro","10":"product_tag-3-producto-alimento-seco","11":"product_tag-3-producto-receta-completa","12":"product_tag-4-propiedades-mini","13":"product_tag-5-alergenos-sin-patata","14":"product_tag-5-alergenos-sin-soja","16":"first","17":"instock","18":"taxable","19":"shipping-taxable","20":"purchasable","21":"product-type-variable"},"supplier_id":null,"supplier_sku":"","barcode":null,"atum_controlled":true,"out_stock_date":null,"out_stock_threshold":null,"inheritable":true,"inbound_stock":0,"stock_on_hold":0,"sold_today":0,"sales_last_days":0,"reserved_stock":0,"customer_returns":0,"warehouse_damage":0,"lost_in_post":0,"other_logs":0,"out_stock_days":null,"lost_sales":0,"has_location":false,"update_date":"2026-04-12T18:52:45","atum_locations":[],"atum_stock_status":"instock","restock_status":false,"low_stock_amount":"","sales_update_date":"2026-04-12T18:52:45","calc_backorders":null,"_links":{"self":[{"href":"https:\/\/pinkpeas.es\/ca\/wp-json\/wp\/v2\/product\/34772","targetHints":{"allow":["GET"]}}],"collection":[{"href":"https:\/\/pinkpeas.es\/ca\/wp-json\/wp\/v2\/product"}],"about":[{"href":"https:\/\/pinkpeas.es\/ca\/wp-json\/wp\/v2\/types\/product"}],"replies":[{"embeddable":true,"href":"https:\/\/pinkpeas.es\/ca\/wp-json\/wp\/v2\/comments?post=34772"}],"wp:featuredmedia":[{"embeddable":true,"href":"https:\/\/pinkpeas.es\/ca\/wp-json\/wp\/v2\/media\/34784"}],"wp:attachment":[{"href":"https:\/\/pinkpeas.es\/ca\/wp-json\/wp\/v2\/media?parent=34772"}],"wp:term":[{"taxonomy":"product_brand","embeddable":true,"href":"https:\/\/pinkpeas.es\/ca\/wp-json\/wp\/v2\/product_brand?post=34772"},{"taxonomy":"product_cat","embeddable":true,"href":"https:\/\/pinkpeas.es\/ca\/wp-json\/wp\/v2\/product_cat?post=34772"},{"taxonomy":"product_tag","embeddable":true,"href":"https:\/\/pinkpeas.es\/ca\/wp-json\/wp\/v2\/product_tag?post=34772"}],"curies":[{"name":"wp","href":"https:\/\/api.w.org\/{rel}","templated":true}]}}