{"id":34763,"date":"2026-04-02T23:37:28","date_gmt":"2026-04-02T21:37:28","guid":{"rendered":"https:\/\/pinkpeas.es\/?post_type=product&#038;p=34763"},"modified":"2026-04-07T13:00:57","modified_gmt":"2026-04-07T11:00:57","slug":"benevo-puppy-pienso-completo-vegano-para-cachorros-de-perro","status":"publish","type":"product","link":"https:\/\/pinkpeas.es\/ca\/producte\/benevo-puppy-pienso-completo-vegano-para-cachorros-de-perro\/","title":{"rendered":"BENEVO Puppy Pienso completo vegano para cachorros de perro"},"content":{"rendered":"<div class=\"mb-1 mt-2 whitespace-pre-line leading-relaxed first:mt-0\" data-sentry-component=\"P\" data-sentry-source-file=\"p.tsx\">\n<div class=\"mb-1 mt-2 whitespace-pre-line leading-relaxed first:mt-0\" data-sentry-component=\"P\" data-sentry-source-file=\"p.tsx\">Benevo Vegan Puppy Food es un pienso vegano para cachorros <strong>nutricionalmente completo<\/strong> y formulado profesionalmente para acompa\u00f1ar el crecimiento desde las primeras etapas. Elaborado en el Reino Unido desde 2012, Benevo Puppy ofrece una receta vegetal \u00fanica, pensada para ser <strong>sabrosa, equilibrada y f\u00e1cil de tolerar<\/strong>.<\/div>\n<div class=\"mb-1 mt-2 whitespace-pre-line leading-relaxed first:mt-0\" data-sentry-component=\"P\" data-sentry-source-file=\"p.tsx\">Su combinaci\u00f3n de ingredientes aporta un potente <strong>27% de prote\u00edna<\/strong> y est\u00e1 enriquecida con una gama de <strong>vitaminas y minerales<\/strong>. Adem\u00e1s, est\u00e1 suplementado con <strong>L-carnitina<\/strong>, <strong>taurina<\/strong> i <strong>calcio<\/strong>, nutrientes clave para apoyar el bienestar general y el desarrollo de l@s cachorr@s.<\/div>\n<div class=\"mb-1 mt-2 whitespace-pre-line leading-relaxed first:mt-0\" data-sentry-component=\"P\" data-sentry-source-file=\"p.tsx\">Y un punto muy importante para muchas familias: no solo es un alimento totalmente libre de carne, sino que tambi\u00e9n es <strong>sin trigo<\/strong>. Esto lo convierte en una opci\u00f3n <strong>hipoalerg\u00e9nica<\/strong> especialmente interesante para perros con alergias o sensibilidades, al eliminar de forma natural dos de los al\u00e9rgenos m\u00e1s comunes: <strong>prote\u00edna animal<\/strong> i <strong>trigo<\/strong>.<\/div>\n<h3>Ideal para<\/h3>\n<ul>\n<li>Cachorros que necesitan un alimento <strong>completo<\/strong> durante el crecimiento.<\/li>\n<li>Perros con <strong>sensibilidades<\/strong> o tendencia a alergias (receta sin trigo).<\/li>\n<\/ul>\n<h3>Sin&#8230;<\/h3>\n<div class=\"mb-1 mt-2 whitespace-pre-line leading-relaxed first:mt-0\" data-sentry-component=\"P\" data-sentry-source-file=\"p.tsx\">Elaborado <strong>sin<\/strong> carne, pescado, carne, huevos, l\u00e1cteos, trigo, colorantes artificiales ni sabores artificiales.<\/div>\n<div class=\"mb-1 mt-2 whitespace-pre-line leading-relaxed first:mt-0\" data-sentry-component=\"P\" data-sentry-source-file=\"p.tsx\"><\/div>\n<\/div>","protected":false},"excerpt":{"rendered":"<p>Benevo Puppy es un pienso seco <strong>100% vegetal<\/strong>, completo y equilibrado para <strong>cachorros en crecimiento<\/strong>. Aporta <strong>27% de prote\u00edna<\/strong>, y est\u00e1 suplementado con <strong>calcio, vitaminas, taurina y L-carnitina<\/strong> para apoyar un desarrollo saludable. Receta <strong>sin trigo<\/strong>, ideal como opci\u00f3n hipoalerg\u00e9nica para est\u00f3magos sensibles. Disponible en sacos de 1,8kg y 10kg.<\/p>","protected":false},"featured_media":34767,"comment_status":"open","ping_status":"closed","template":"","meta":[],"product_brand":[],"product_cat":[509,510],"product_tag":[511,526,514,515,519,521],"class_list":{"0":"post-34763","1":"product","2":"type-product","3":"status-publish","4":"has-post-thumbnail","6":"product_cat-perros","7":"product_cat-comida-seca-perros","8":"product_tag-1-especie-perro","9":"product_tag-2-edad-puppy-cachorro","10":"product_tag-3-producto-alimento-seco","11":"product_tag-3-producto-receta-completa","12":"product_tag-5-alergenos-sin-gluten","13":"product_tag-5-alergenos-sin-patata","15":"first","16":"instock","17":"taxable","18":"shipping-taxable","19":"purchasable","20":"product-type-variable"},"supplier_id":null,"supplier_sku":"","barcode":null,"atum_controlled":true,"out_stock_date":null,"out_stock_threshold":null,"inheritable":true,"inbound_stock":0,"stock_on_hold":0,"sold_today":null,"sales_last_days":null,"reserved_stock":0,"customer_returns":0,"warehouse_damage":0,"lost_in_post":0,"other_logs":0,"out_stock_days":null,"lost_sales":null,"has_location":false,"update_date":"2026-04-15T10:03:37","atum_locations":[],"atum_stock_status":"instock","restock_status":false,"low_stock_amount":"","sales_update_date":"2026-04-15T10:03:37","calc_backorders":null,"_links":{"self":[{"href":"https:\/\/pinkpeas.es\/ca\/wp-json\/wp\/v2\/product\/34763","targetHints":{"allow":["GET"]}}],"collection":[{"href":"https:\/\/pinkpeas.es\/ca\/wp-json\/wp\/v2\/product"}],"about":[{"href":"https:\/\/pinkpeas.es\/ca\/wp-json\/wp\/v2\/types\/product"}],"replies":[{"embeddable":true,"href":"https:\/\/pinkpeas.es\/ca\/wp-json\/wp\/v2\/comments?post=34763"}],"wp:featuredmedia":[{"embeddable":true,"href":"https:\/\/pinkpeas.es\/ca\/wp-json\/wp\/v2\/media\/34767"}],"wp:attachment":[{"href":"https:\/\/pinkpeas.es\/ca\/wp-json\/wp\/v2\/media?parent=34763"}],"wp:term":[{"taxonomy":"product_brand","embeddable":true,"href":"https:\/\/pinkpeas.es\/ca\/wp-json\/wp\/v2\/product_brand?post=34763"},{"taxonomy":"product_cat","embeddable":true,"href":"https:\/\/pinkpeas.es\/ca\/wp-json\/wp\/v2\/product_cat?post=34763"},{"taxonomy":"product_tag","embeddable":true,"href":"https:\/\/pinkpeas.es\/ca\/wp-json\/wp\/v2\/product_tag?post=34763"}],"curies":[{"name":"wp","href":"https:\/\/api.w.org\/{rel}","templated":true}]}}