{"id":33259,"date":"2025-12-28T14:03:37","date_gmt":"2025-12-28T13:03:37","guid":{"rendered":"https:\/\/pinkpeas.es\/?post_type=product&#038;p=33259"},"modified":"2026-03-27T10:34:59","modified_gmt":"2026-03-27T09:34:59","slug":"plantz-topper-de-no-pollo-en-salsa-100g-para-perros-y-gatos","status":"publish","type":"product","link":"https:\/\/pinkpeas.es\/ca\/producte\/plantz-topper-de-no-pollo-en-salsa-100g-para-perros-y-gatos\/","title":{"rendered":"PLANTZ Topper de \u00abNo-Pollo\u00bb en salsa 150g para perros y gatos"},"content":{"rendered":"<div class=\"hidden flex-col items-center gap-1 md:flex\"><strong style=\"font-family: -apple-system, BlinkMacSystemFont, 'Segoe UI', Roboto, 'Helvetica Neue', Arial, 'Noto Sans', sans-serif, 'Apple Color Emoji', 'Segoe UI Emoji', 'Segoe UI Symbol', 'Noto Color Emoji';\">Los TOPPERS de PLANTZ: Recetas complementarias llenas de sabor<\/strong><\/div>\n<div class=\"flex w-full flex-col gap-2\">\n<div class=\"flex w-full flex-col gap-4\">\n<div class=\"flex flex-col gap-4 w-full max-w-[calc(100%-36px)] sm:max-w-[calc(100%-48px)] text-black\" data-sentry-component=\"MessageTextContent\" data-sentry-source-file=\"assistant-message.tsx\">\n<div class=\"overflow-hidden prose prose-headings:font-medium prose-h1:mb-2 prose-h1:mt-0 prose-h1:text-2xl prose-h2:mb-2 prose-h2:mt-3 prose-h2:text-xl prose-h3:mb-2 prose-h3:mt-3 prose-h3:text-lg prose-h4:mb-2 prose-h4:mt-3 prose-h4:text-base prose-ol:m-0 prose-ul:m-0 prose-li:m-0 prose-pre:rounded-xl prose-pre:bg-[#fafafa] prose-hr:border-neutral-400 prose break-words prose-p:leading-relaxed prose-pre:p-0\">\n<div class=\"mb-1 mt-2 whitespace-pre-line leading-relaxed first:mt-0\" data-sentry-component=\"P\" data-sentry-source-file=\"p.tsx\">Descubre los nuevos TOPPERS de PLANTZ, recetas complementarias y jugosas dise\u00f1adas para perros desde los 4 meses (\u00a1y tambi\u00e9n para gatos!).<\/div>\n<div data-sentry-component=\"P\" data-sentry-source-file=\"p.tsx\"><\/div>\n<div class=\"mb-1 mt-2 whitespace-pre-line leading-relaxed first:mt-0\" data-sentry-component=\"P\" data-sentry-source-file=\"p.tsx\"><strong>Nutrici\u00f3n de calidad plant-based<\/strong><\/div>\n<div class=\"mb-1 mt-2 whitespace-pre-line leading-relaxed first:mt-0\" data-sentry-component=\"P\" data-sentry-source-file=\"p.tsx\">Altos en prote\u00edna vegetal de f\u00e1cil digesti\u00f3n con todos los amino\u00e1cidos esenciales y mayor biodisponibilidad que otras opciones plant-based. Con menos del 1% de grasas saturadas, bajos en sal, y sin conservantes artificiales, colorantes ni saborizantes. Adem\u00e1s, son muy bajos en antinutrientes.<\/div>\n<div data-sentry-component=\"P\" data-sentry-source-file=\"p.tsx\"><\/div>\n<div class=\"mb-1 mt-2 whitespace-pre-line leading-relaxed first:mt-0\" data-sentry-component=\"P\" data-sentry-source-file=\"p.tsx\">PLANTZ ha innovado con daditos de prote\u00edna vegetal que imitan la textura de la carne, creando una experiencia de masticaci\u00f3n \u00fanica en el sector plant-based. Tiernos, jugosos y llenos de sabor, estos daditos no solo son deliciosos, sino que tambi\u00e9n aportan mayor saciedad gracias a su masticaci\u00f3n satisfactoria.<\/div>\n<div data-sentry-component=\"P\" data-sentry-source-file=\"p.tsx\"><\/div>\n<div class=\"mb-1 mt-2 whitespace-pre-line leading-relaxed first:mt-0\" data-sentry-component=\"P\" data-sentry-source-file=\"p.tsx\"><strong>Dos sabores<\/strong><\/div>\n<div class=\"mb-1 mt-2 whitespace-pre-line leading-relaxed first:mt-0\" data-sentry-component=\"P\" data-sentry-source-file=\"p.tsx\">Elige entre \u00abNo-Pollo\u00bb y \u00abNo-Ternera\u00bb. Cada caja incluye 4 sobres de 150g de cada sabor (8 sobres totales).<\/div>\n<div data-sentry-component=\"P\" data-sentry-source-file=\"p.tsx\"><\/div>\n<div class=\"mb-1 mt-2 whitespace-pre-line leading-relaxed first:mt-0\" data-sentry-component=\"P\" data-sentry-source-file=\"p.tsx\">Perfectos como snack independiente o sobre el pienso seco para potenciar el inter\u00e9s y la palatabilidad.<\/div>\n<div data-sentry-component=\"P\" data-sentry-source-file=\"p.tsx\"><\/div>\n<\/div>\n<div data-sentry-component=\"P\" data-sentry-source-file=\"p.tsx\">IMPORTANTE: la etiqueta es igual en ambos sabores, el sabor viene impreso en el dorso del sobre junto con la fecha de caducidad. Like-Chicken = No-Pollo y Like-Beef = No-Ternera.<\/div>\n<\/div>\n<\/div>\n<\/div>\n<p>&nbsp;<\/p>\n","protected":false},"excerpt":{"rendered":"<p>Topper de NO-POLLO EN SALSA es la versi\u00f3n m\u00e1s caldosa y en formato peque\u00f1o de la l\u00ednea h\u00fameda PLANTZ. Ideal para a\u00f1adir sobre el pienso o para usar como premio h\u00famedo tanto para perros como para gatos. Es una receta complementaria, muy palatable y tierna con la textura carnosa original PLANTZ. Disponible en sobres de 150g.<\/p>","protected":false},"featured_media":33565,"comment_status":"open","ping_status":"closed","template":"","meta":[],"product_brand":[618],"product_cat":[555,530,509],"product_tag":[541,511,512,526,513,531,527,516,517,536,524],"class_list":{"0":"post-33259","1":"product","2":"type-product","3":"status-publish","4":"has-post-thumbnail","6":"product_brand-plantz","7":"product_cat-comida-humeda-gatos","8":"product_cat-comida-humeda-perros","9":"product_cat-perros","10":"product_tag-1-especie-gato","11":"product_tag-1-especie-perro","12":"product_tag-2-edad-adulto","13":"product_tag-2-edad-puppy-cachorro","14":"product_tag-2-edad-senior","15":"product_tag-3-producto-alimento-humedo","16":"product_tag-3-producto-receta-complementaria","17":"product_tag-4-propiedades-dieta-de-eliminacion","18":"product_tag-4-propiedades-estomago-sensible","19":"product_tag-4-propiedades-mini","20":"product_tag-7-otros-marca-100-vegana","22":"first","23":"instock","24":"taxable","25":"shipping-taxable","26":"purchasable","27":"product-type-simple"},"supplier_id":32489,"supplier_sku":"","barcode":null,"atum_controlled":true,"out_stock_date":null,"out_stock_threshold":null,"inheritable":false,"inbound_stock":0,"stock_on_hold":2,"sold_today":0,"sales_last_days":2,"reserved_stock":0,"customer_returns":0,"warehouse_damage":0,"lost_in_post":0,"other_logs":0,"out_stock_days":0,"lost_sales":0,"has_location":false,"update_date":"2026-04-07T14:04:59","atum_locations":[],"atum_stock_status":"instock","restock_status":false,"low_stock_amount":80,"sales_update_date":"2026-04-07T14:04:59","calc_backorders":null,"_links":{"self":[{"href":"https:\/\/pinkpeas.es\/ca\/wp-json\/wp\/v2\/product\/33259","targetHints":{"allow":["GET"]}}],"collection":[{"href":"https:\/\/pinkpeas.es\/ca\/wp-json\/wp\/v2\/product"}],"about":[{"href":"https:\/\/pinkpeas.es\/ca\/wp-json\/wp\/v2\/types\/product"}],"replies":[{"embeddable":true,"href":"https:\/\/pinkpeas.es\/ca\/wp-json\/wp\/v2\/comments?post=33259"}],"wp:featuredmedia":[{"embeddable":true,"href":"https:\/\/pinkpeas.es\/ca\/wp-json\/wp\/v2\/media\/33565"}],"wp:attachment":[{"href":"https:\/\/pinkpeas.es\/ca\/wp-json\/wp\/v2\/media?parent=33259"}],"wp:term":[{"taxonomy":"product_brand","embeddable":true,"href":"https:\/\/pinkpeas.es\/ca\/wp-json\/wp\/v2\/product_brand?post=33259"},{"taxonomy":"product_cat","embeddable":true,"href":"https:\/\/pinkpeas.es\/ca\/wp-json\/wp\/v2\/product_cat?post=33259"},{"taxonomy":"product_tag","embeddable":true,"href":"https:\/\/pinkpeas.es\/ca\/wp-json\/wp\/v2\/product_tag?post=33259"}],"curies":[{"name":"wp","href":"https:\/\/api.w.org\/{rel}","templated":true}]}}