{"id":33174,"date":"2025-12-04T12:11:27","date_gmt":"2025-12-04T11:11:27","guid":{"rendered":"https:\/\/pinkpeas.es\/?post_type=product&#038;p=33174"},"modified":"2026-04-09T08:48:34","modified_gmt":"2026-04-09T06:48:34","slug":"vegdog-chevvies-snack-xl-para-perro-sabor-barbacoa","status":"publish","type":"product","link":"https:\/\/pinkpeas.es\/ca\/producte\/vegdog-chevvies-snack-xl-para-perro-sabor-barbacoa\/","title":{"rendered":"VEGDOG Chevvies Snack XL para perro sabor barbacoa"},"content":{"rendered":"<div class=\"mb-1 mt-2 whitespace-pre-line leading-relaxed first:mt-0\" data-sentry-component=\"P\" data-sentry-source-file=\"p.tsx\">\u00bfA tu perro le encanta masticar y disfrutar de sabores intensos? \u00a1Entonces los <strong>CHEVVIES XL<\/strong>\u00a0son su nuevo capricho favorito!<\/div>\n<div class=\"mb-1 mt-2 whitespace-pre-line leading-relaxed first:mt-0\" data-sentry-component=\"P\" data-sentry-source-file=\"p.tsx\">Estos<strong> sticks extra grandes<\/strong> no son solo un snack, son toda una <strong>experiencia BBQ<\/strong> pensada para los peludos m\u00e1s exigentes.<\/div>\n<div data-sentry-component=\"P\" data-sentry-source-file=\"p.tsx\"><\/div>\n<div class=\"mb-1 mt-2 whitespace-pre-line leading-relaxed first:mt-0\" data-sentry-component=\"P\" data-sentry-source-file=\"p.tsx\">Su sabor natural a <strong>piment\u00f3n ahumado<\/strong> aporta ese toque ahumado y sabroso tan caracter\u00edstico del estilo BBQ, pero sin ning\u00fan aroma ni colorante artificial. El aroma recuerda a la le\u00f1a, las noches de verano y las peque\u00f1as aventuras al aire libre. Una delicia que transforma cualquier momento en un aut\u00e9ntico fest\u00edn.<\/div>\n<div data-sentry-component=\"P\" data-sentry-source-file=\"p.tsx\"><\/div>\n<div class=\"mb-1 mt-2 whitespace-pre-line leading-relaxed first:mt-0\" data-sentry-component=\"P\" data-sentry-source-file=\"p.tsx\">La receta de Chevvies XL es <strong>hipoalerg\u00e9nica<\/strong> y est\u00e1 especialmente pensada para perros con digesti\u00f3n sensible. Adem\u00e1s, con solo un 1% de grasa, ofrecen un placer de masticaci\u00f3n duradero y saludable, perfecto para perros medianos y grandes que disfrutan realmente de un buen snack.<\/div>\n<div data-sentry-component=\"P\" data-sentry-source-file=\"p.tsx\"><\/div>\n<div class=\"mb-1 mt-2 whitespace-pre-line leading-relaxed first:mt-0\" data-sentry-component=\"P\" data-sentry-source-file=\"p.tsx\">Por supuesto, como todos los productos que seleccionamos en PinkPeas, Chevvies XL es 100% vegano, no testado en animales y libre de ingredientes de origen animal.<\/div>\n<div class=\"mb-1 mt-2 whitespace-pre-line leading-relaxed first:mt-0\" data-sentry-component=\"P\" data-sentry-source-file=\"p.tsx\">Guarda los Chevvies XL en un lugar fresco y seco. Una vez abierto el envase, ci\u00e9rralo bien para conservar toda su frescura.<\/div>","protected":false},"excerpt":{"rendered":"<div class=\"mb-1 mt-2 whitespace-pre-line leading-relaxed first:mt-0\" data-sentry-component=\"P\" data-sentry-source-file=\"p.tsx\">CHEVVIES XL es un snack extra grande, con intenso sabor BBQ ahumado a piment\u00f3n y solo 1% de grasa, adem\u00e1s es hipoalerg\u00e9nico. Ideal para perros medianos y grandes que disfrutan masticando. Disponible en sobres autosellables de 200g, contiene 2 sticks XL.<\/div>","protected":false},"featured_media":33180,"comment_status":"open","ping_status":"closed","template":"","meta":[],"product_brand":[619],"product_cat":[509,525],"product_tag":[511,512,526,513,527,528,529,516,517,579,519,520,522,524],"class_list":{"0":"post-33174","1":"product","2":"type-product","3":"status-publish","4":"has-post-thumbnail","6":"product_brand-vegdog","7":"product_cat-perros","8":"product_cat-snacks-perros","9":"product_tag-1-especie-perro","10":"product_tag-2-edad-adulto","11":"product_tag-2-edad-puppy-cachorro","12":"product_tag-2-edad-senior","13":"product_tag-3-producto-receta-complementaria","14":"product_tag-3-producto-snack","15":"product_tag-4-propiedades-bajo-en-grasa","16":"product_tag-4-propiedades-dieta-de-eliminacion","17":"product_tag-4-propiedades-estomago-sensible","18":"product_tag-4-propiedades-maxi","19":"product_tag-5-alergenos-sin-gluten","20":"product_tag-5-alergenos-sin-maiz","21":"product_tag-5-alergenos-sin-soja","22":"product_tag-7-otros-marca-100-vegana","24":"first","25":"instock","26":"taxable","27":"shipping-taxable","28":"purchasable","29":"product-type-simple"},"supplier_id":30161,"supplier_sku":"","barcode":null,"atum_controlled":true,"out_stock_date":null,"out_stock_threshold":null,"inheritable":false,"inbound_stock":0,"stock_on_hold":1,"sold_today":0,"sales_last_days":1,"reserved_stock":0,"customer_returns":0,"warehouse_damage":0,"lost_in_post":0,"other_logs":0,"out_stock_days":0,"lost_sales":0,"has_location":false,"update_date":"2026-04-12T18:52:45","atum_locations":[],"atum_stock_status":"instock","restock_status":false,"low_stock_amount":2,"sales_update_date":"2026-04-12T18:52:45","calc_backorders":null,"_links":{"self":[{"href":"https:\/\/pinkpeas.es\/ca\/wp-json\/wp\/v2\/product\/33174","targetHints":{"allow":["GET"]}}],"collection":[{"href":"https:\/\/pinkpeas.es\/ca\/wp-json\/wp\/v2\/product"}],"about":[{"href":"https:\/\/pinkpeas.es\/ca\/wp-json\/wp\/v2\/types\/product"}],"replies":[{"embeddable":true,"href":"https:\/\/pinkpeas.es\/ca\/wp-json\/wp\/v2\/comments?post=33174"}],"wp:featuredmedia":[{"embeddable":true,"href":"https:\/\/pinkpeas.es\/ca\/wp-json\/wp\/v2\/media\/33180"}],"wp:attachment":[{"href":"https:\/\/pinkpeas.es\/ca\/wp-json\/wp\/v2\/media?parent=33174"}],"wp:term":[{"taxonomy":"product_brand","embeddable":true,"href":"https:\/\/pinkpeas.es\/ca\/wp-json\/wp\/v2\/product_brand?post=33174"},{"taxonomy":"product_cat","embeddable":true,"href":"https:\/\/pinkpeas.es\/ca\/wp-json\/wp\/v2\/product_cat?post=33174"},{"taxonomy":"product_tag","embeddable":true,"href":"https:\/\/pinkpeas.es\/ca\/wp-json\/wp\/v2\/product_tag?post=33174"}],"curies":[{"name":"wp","href":"https:\/\/api.w.org\/{rel}","templated":true}]}}