{"id":32788,"date":"2025-11-11T23:03:48","date_gmt":"2025-11-11T22:03:48","guid":{"rendered":"https:\/\/pinkpeas.es\/?post_type=product&#038;p=32788"},"modified":"2025-12-26T17:57:09","modified_gmt":"2025-12-26T16:57:09","slug":"comedero-slow-feeding-para-perros-circular-laberinto","status":"publish","type":"product","link":"https:\/\/pinkpeas.es\/ca\/producte\/comedero-slow-feeding-para-perros-circular-laberinto\/","title":{"rendered":"Comedero slow feeding para perros circular laberinto"},"content":{"rendered":"<p>Comedero slow feeding de silicona para prevenir que engulla pienso o alimentos h\u00famedos. Suave con las enc\u00edas.<\/p>\n<p>Apto para lavavajillas y congelador.<\/p>\n<p>Marca Trixie.<\/p>","protected":false},"excerpt":{"rendered":"<p>Comedero slow feeding de silicona para prevenir que engulla pienso o alimentos h\u00famedos. Suave con las enc\u00edas. Di\u00e1metro de 28cm.<\/p>","protected":false},"featured_media":32789,"comment_status":"open","ping_status":"closed","template":"","meta":[],"product_brand":[],"product_cat":[538,575,587,509],"product_tag":[541,578],"class_list":{"0":"post-32788","1":"product","2":"type-product","3":"status-publish","4":"has-post-thumbnail","6":"product_cat-gatos","7":"product_cat-higiene-gatos","8":"product_cat-higiene-perros","9":"product_cat-perros","10":"product_tag-1-especie-gato","11":"product_tag-3-producto-juguete","13":"first","14":"instock","15":"sale","16":"taxable","17":"shipping-taxable","18":"purchasable","19":"product-type-simple"},"supplier_id":30167,"supplier_sku":"","barcode":null,"atum_controlled":true,"out_stock_date":null,"out_stock_threshold":null,"inheritable":false,"inbound_stock":0,"stock_on_hold":0,"sold_today":0,"sales_last_days":0,"reserved_stock":0,"customer_returns":0,"warehouse_damage":0,"lost_in_post":0,"other_logs":0,"out_stock_days":0,"lost_sales":0,"has_location":false,"update_date":"2026-04-03T15:19:46","atum_locations":[],"atum_stock_status":"instock","restock_status":false,"low_stock_amount":1,"sales_update_date":"2026-04-03T15:19:46","calc_backorders":null,"_links":{"self":[{"href":"https:\/\/pinkpeas.es\/ca\/wp-json\/wp\/v2\/product\/32788","targetHints":{"allow":["GET"]}}],"collection":[{"href":"https:\/\/pinkpeas.es\/ca\/wp-json\/wp\/v2\/product"}],"about":[{"href":"https:\/\/pinkpeas.es\/ca\/wp-json\/wp\/v2\/types\/product"}],"replies":[{"embeddable":true,"href":"https:\/\/pinkpeas.es\/ca\/wp-json\/wp\/v2\/comments?post=32788"}],"wp:featuredmedia":[{"embeddable":true,"href":"https:\/\/pinkpeas.es\/ca\/wp-json\/wp\/v2\/media\/32789"}],"wp:attachment":[{"href":"https:\/\/pinkpeas.es\/ca\/wp-json\/wp\/v2\/media?parent=32788"}],"wp:term":[{"taxonomy":"product_brand","embeddable":true,"href":"https:\/\/pinkpeas.es\/ca\/wp-json\/wp\/v2\/product_brand?post=32788"},{"taxonomy":"product_cat","embeddable":true,"href":"https:\/\/pinkpeas.es\/ca\/wp-json\/wp\/v2\/product_cat?post=32788"},{"taxonomy":"product_tag","embeddable":true,"href":"https:\/\/pinkpeas.es\/ca\/wp-json\/wp\/v2\/product_tag?post=32788"}],"curies":[{"name":"wp","href":"https:\/\/api.w.org\/{rel}","templated":true}]}}