{"id":32751,"date":"2025-11-11T20:47:53","date_gmt":"2025-11-11T19:47:53","guid":{"rendered":"https:\/\/pinkpeas.es\/?post_type=product&#038;p=32751"},"modified":"2026-04-02T17:01:45","modified_gmt":"2026-04-02T15:01:45","slug":"peluche-zorte-el-jabali-del-santuario-el-hogar","status":"publish","type":"product","link":"https:\/\/pinkpeas.es\/ca\/producte\/peluche-zorte-el-jabali-del-santuario-el-hogar\/","title":{"rendered":"Peluche Zorte el Jabal\u00ed del Santuario El Hogar"},"content":{"rendered":"<p><span style=\"font-family: -apple-system, BlinkMacSystemFont, 'Segoe UI', Roboto, 'Helvetica Neue', Arial, 'Noto Sans', sans-serif, 'Apple Color Emoji', 'Segoe UI Emoji', 'Segoe UI Symbol', 'Noto Color Emoji';\">\u00a1Ha llegado Zorte, el primer peluche de jabal\u00ed del Hogar! Para una educaci\u00f3n antiespecista con los peques.<\/span><\/p>\n<div class=\"elementor-element elementor-element-1488bd76 elementor-align-left elementor-widget elementor-widget-product-short-description\" data-id=\"1488bd76\" data-element_type=\"widget\" data-widget_type=\"product-short-description.default\">\n<div class=\"elementor-widget-container\">\n<div class=\"woocommerce-product-details__short-description\">\n<p>Zorte es un jabal\u00ed cari\u00f1oso, dulce y con un coraz\u00f3n enorme. Lo rescatamos con solo dos semanas de vida; estaba herido y solo, sin su madre. Lo cuidamos hasta que pudo salir adelante y a d\u00eda de hoy es un precioso jabal\u00ed.<\/p>\n<p>La caza deja a muchos beb\u00e9s hu\u00e9rfanos como lo fue \u00e9l, pero los jabal\u00edes no son una plaga: son parte esencial de nuestra fauna y merecen respeto y protecci\u00f3n.<\/p>\n<\/div>\n<p>Con la compra de este peluche ayudas al Hogar a cuidar de todos sus habitantes.<\/p>\n<\/div>\n<\/div>","protected":false},"excerpt":{"rendered":"<p><span style=\"font-family: -apple-system, BlinkMacSystemFont, 'Segoe UI', Roboto, 'Helvetica Neue', Arial, 'Noto Sans', sans-serif, 'Apple Color Emoji', 'Segoe UI Emoji', 'Segoe UI Symbol', 'Noto Color Emoji';\">\u00a1Ha llegado Zorte, el primer peluche de jabal\u00ed del Hogar! Para una educaci\u00f3n antiespecista con los peques.<\/span><\/p>\n<p>Con la compra de este peluche ayudas al Hogar a cuidar de todos sus habitantes.<\/p>","protected":false},"featured_media":32755,"comment_status":"open","ping_status":"closed","template":"","meta":[],"product_brand":[],"product_cat":[22],"product_tag":[557],"class_list":{"0":"post-32751","1":"product","2":"type-product","3":"status-publish","4":"has-post-thumbnail","6":"product_cat-sin-categorizar","7":"product_tag-7-otros-dona","9":"first","10":"instock","11":"purchasable","12":"product-type-simple"},"supplier_id":30162,"supplier_sku":"","barcode":null,"atum_controlled":true,"out_stock_date":null,"out_stock_threshold":null,"inheritable":false,"inbound_stock":0,"stock_on_hold":0,"sold_today":0,"sales_last_days":0,"reserved_stock":0,"customer_returns":0,"warehouse_damage":0,"lost_in_post":0,"other_logs":0,"out_stock_days":0,"lost_sales":0,"has_location":false,"update_date":"2026-04-29T15:14:40","atum_locations":[],"atum_stock_status":"instock","restock_status":false,"low_stock_amount":1,"sales_update_date":"2026-04-29T15:14:40","calc_backorders":null,"_links":{"self":[{"href":"https:\/\/pinkpeas.es\/ca\/wp-json\/wp\/v2\/product\/32751","targetHints":{"allow":["GET"]}}],"collection":[{"href":"https:\/\/pinkpeas.es\/ca\/wp-json\/wp\/v2\/product"}],"about":[{"href":"https:\/\/pinkpeas.es\/ca\/wp-json\/wp\/v2\/types\/product"}],"replies":[{"embeddable":true,"href":"https:\/\/pinkpeas.es\/ca\/wp-json\/wp\/v2\/comments?post=32751"}],"wp:featuredmedia":[{"embeddable":true,"href":"https:\/\/pinkpeas.es\/ca\/wp-json\/wp\/v2\/media\/32755"}],"wp:attachment":[{"href":"https:\/\/pinkpeas.es\/ca\/wp-json\/wp\/v2\/media?parent=32751"}],"wp:term":[{"taxonomy":"product_brand","embeddable":true,"href":"https:\/\/pinkpeas.es\/ca\/wp-json\/wp\/v2\/product_brand?post=32751"},{"taxonomy":"product_cat","embeddable":true,"href":"https:\/\/pinkpeas.es\/ca\/wp-json\/wp\/v2\/product_cat?post=32751"},{"taxonomy":"product_tag","embeddable":true,"href":"https:\/\/pinkpeas.es\/ca\/wp-json\/wp\/v2\/product_tag?post=32751"}],"curies":[{"name":"wp","href":"https:\/\/api.w.org\/{rel}","templated":true}]}}