{"id":32706,"date":"2025-11-06T17:44:19","date_gmt":"2025-11-06T16:44:19","guid":{"rendered":"https:\/\/pinkpeas.es\/?post_type=product&#038;p=32706"},"modified":"2026-04-03T14:22:56","modified_gmt":"2026-04-03T12:22:56","slug":"plantz-starter-pack-pienso-latas-y-snacks-para-perro-senior","status":"publish","type":"product","link":"https:\/\/pinkpeas.es\/ca\/producte\/plantz-starter-pack-pienso-latas-y-snacks-para-perro-senior\/","title":{"rendered":"PLANTZ Starter Pack Pienso, latas y snacks para perro SENIOR"},"content":{"rendered":"<p>La selecci\u00f3n de degustaci\u00f3n de comida o Starter Pack de PLANTZ para perros senior contiene una selecci\u00f3n de productos PLANTZ con recetas de alta calidad, completas y 100% vegetales para perros adultos. Esta selecci\u00f3n vegana contiene distintas recetas h\u00famedas con las novedosas texturas de la marca, as\u00ed como su pienso para perros adultos.<\/p>\n<p>Contiene 1 saco Garden Goodness Senior de 5kg, 1 tetrapak de 380g de No-Ternera, 1 tetrapak de 380g de No-Caza y 1 lata de 400g de No-Pollo en gelatina.<\/p>\n<p>&nbsp;<\/p>","protected":false},"excerpt":{"rendered":"<p>El Starter Pack de PLANTZ para perros senior contiene una selecci\u00f3n de productos de la marca. Con recetas completas, veganas y de alta calidad para perros adultos este pack te permite iniciarte en los sabores y texturas innovadoras de PLANTZ. Contiene 1 saco Garden Goodness Senior de 5kg, 1 tetrapak de 380g de No-Ternera, 1 tetrapak de 380g de No-Caza y 1 lata de 400g de No-Pollo en gelatina.<\/p>","protected":false},"featured_media":32707,"comment_status":"open","ping_status":"closed","template":"","meta":[],"product_brand":[618],"product_cat":[534,535,509],"product_tag":[511,513,531,514,515,551,529,516,517,548,544,520,524],"class_list":{"0":"post-32706","1":"product","2":"type-product","3":"status-publish","4":"has-post-thumbnail","6":"product_brand-plantz","7":"product_cat-packs","8":"product_cat-packs-perros","9":"product_cat-perros","10":"product_tag-1-especie-perro","11":"product_tag-2-edad-senior","12":"product_tag-3-producto-alimento-humedo","13":"product_tag-3-producto-alimento-seco","14":"product_tag-3-producto-receta-completa","15":"product_tag-4-propiedades-alto-en-proteina","16":"product_tag-4-propiedades-bajo-en-grasa","17":"product_tag-4-propiedades-dieta-de-eliminacion","18":"product_tag-4-propiedades-estomago-sensible","19":"product_tag-4-propiedades-hipoalergenico","20":"product_tag-4-propiedades-piel-sensible","21":"product_tag-5-alergenos-sin-maiz","22":"product_tag-7-otros-marca-100-vegana","24":"first","25":"instock","26":"taxable","27":"shipping-taxable","28":"purchasable","29":"product-type-woosb"},"supplier_id":32489,"supplier_sku":"","barcode":null,"atum_controlled":true,"out_stock_date":null,"out_stock_threshold":null,"inheritable":false,"inbound_stock":null,"stock_on_hold":0,"sold_today":0,"sales_last_days":0,"reserved_stock":null,"customer_returns":null,"warehouse_damage":null,"lost_in_post":null,"other_logs":null,"out_stock_days":0,"lost_sales":0,"has_location":false,"update_date":"2026-04-03T12:23:03","atum_locations":[],"atum_stock_status":"instock","restock_status":false,"low_stock_amount":"","sales_update_date":"2026-03-18T11:21:10","calc_backorders":0,"_links":{"self":[{"href":"https:\/\/pinkpeas.es\/ca\/wp-json\/wp\/v2\/product\/32706","targetHints":{"allow":["GET"]}}],"collection":[{"href":"https:\/\/pinkpeas.es\/ca\/wp-json\/wp\/v2\/product"}],"about":[{"href":"https:\/\/pinkpeas.es\/ca\/wp-json\/wp\/v2\/types\/product"}],"replies":[{"embeddable":true,"href":"https:\/\/pinkpeas.es\/ca\/wp-json\/wp\/v2\/comments?post=32706"}],"wp:featuredmedia":[{"embeddable":true,"href":"https:\/\/pinkpeas.es\/ca\/wp-json\/wp\/v2\/media\/32707"}],"wp:attachment":[{"href":"https:\/\/pinkpeas.es\/ca\/wp-json\/wp\/v2\/media?parent=32706"}],"wp:term":[{"taxonomy":"product_brand","embeddable":true,"href":"https:\/\/pinkpeas.es\/ca\/wp-json\/wp\/v2\/product_brand?post=32706"},{"taxonomy":"product_cat","embeddable":true,"href":"https:\/\/pinkpeas.es\/ca\/wp-json\/wp\/v2\/product_cat?post=32706"},{"taxonomy":"product_tag","embeddable":true,"href":"https:\/\/pinkpeas.es\/ca\/wp-json\/wp\/v2\/product_tag?post=32706"}],"curies":[{"name":"wp","href":"https:\/\/api.w.org\/{rel}","templated":true}]}}