{"id":32686,"date":"2025-11-06T11:23:46","date_gmt":"2025-11-06T10:23:46","guid":{"rendered":"https:\/\/pinkpeas.es\/?post_type=product&#038;p=32686"},"modified":"2026-04-09T12:56:47","modified_gmt":"2026-04-09T10:56:47","slug":"benevo-cat-pienso-completo-vegano-para-gatos","status":"publish","type":"product","link":"https:\/\/pinkpeas.es\/ca\/producte\/benevo-cat-pienso-completo-vegano-para-gatos\/","title":{"rendered":"BENEVO Cat Pienso completo vegano para gatos"},"content":{"rendered":"<div class=\"mb-1 mt-2 whitespace-pre-line leading-relaxed first:mt-0\" data-sentry-component=\"P\" data-sentry-source-file=\"p.tsx\">Benevo Adult Original Vegan Cat Food es un pienso vegano para gatos <strong>nutricionalmente completo<\/strong>, formulado profesionalmente y elaborado en el Reino Unido desde 2005. Su receta vegetal est\u00e1 dise\u00f1ada para ofrecer una alimentaci\u00f3n diaria <strong>equilibrada, sabrosa y fiable<\/strong>, con un perfil nutricional adaptado a las necesidades de los gatos adultos.<\/div>\n<div data-sentry-component=\"P\" data-sentry-source-file=\"p.tsx\"><\/div>\n<div class=\"mb-1 mt-2 whitespace-pre-line leading-relaxed first:mt-0\" data-sentry-component=\"P\" data-sentry-source-file=\"p.tsx\">Esta f\u00f3rmula aporta un potente <strong>28% de prote\u00edna<\/strong> y est\u00e1 enriquecida con una amplia gama de <strong>vitaminas y minerales<\/strong>. Adem\u00e1s, incluye <strong>taurina de origen no animal<\/strong>, un nutriente clave en la alimentaci\u00f3n felina, y est\u00e1 fortificada con <strong>vitaminas del grupo B<\/strong>, <strong>espirulina<\/strong> y aceites <strong>omega 3 y 6<\/strong> para apoyar la salud y el bienestar general.<\/div>\n<div data-sentry-component=\"P\" data-sentry-source-file=\"p.tsx\"><\/div>\n<div class=\"mb-1 mt-2 whitespace-pre-line leading-relaxed first:mt-0\" data-sentry-component=\"P\" data-sentry-source-file=\"p.tsx\">Tambi\u00e9n incorpora <strong>prebi\u00f3tico FOS<\/strong>, que ayuda a favorecer una digesti\u00f3n saludable, lo que lo convierte en una opci\u00f3n especialmente interesante para compa\u00f1er@s con est\u00f3magos sensibles.<\/div>\n<h3>Ideal para<\/h3>\n<ul>\n<li><strong>Gatos adultos<\/strong> que necesitan un pienso completo y equilibrado.<\/li>\n<li>Gatos con <strong>alergias o sensibilidades<\/strong> alimentarias (opci\u00f3n sin ingredientes de origen animal).<\/li>\n<\/ul>\n<h3>Sin&#8230;<\/h3>\n<div class=\"mb-1 mt-2 whitespace-pre-line leading-relaxed first:mt-0\" data-sentry-component=\"P\" data-sentry-source-file=\"p.tsx\">Elaborado <strong>sin<\/strong> pescado, carne, huevo, l\u00e1cteos, ingredientes GM (transg\u00e9nicos), colorantes artificiales ni sabores artificiales.<\/div>","protected":false},"excerpt":{"rendered":"<p>Benevo Original es un pienso seco <strong>100% vegetal<\/strong> y completo para <strong>gatos adultos<\/strong>, formulado para cubrir (y superar) sus necesidades nutricionales. Aporta <strong>28% de prote\u00edna<\/strong>, <strong>taurina no animal<\/strong>, prebi\u00f3tico <strong>FOS<\/strong> para la digesti\u00f3n y est\u00e1 enriquecido con vitaminas y minerales. Una opci\u00f3n ideal para hogares que buscan una alimentaci\u00f3n \u00e9tica y equilibrada. Disponible en sacos de 2kg y 10kg.<\/p>","protected":false},"featured_media":34757,"comment_status":"open","ping_status":"closed","template":"","meta":[],"product_brand":[],"product_cat":[552,538],"product_tag":[541,512,513,514,515],"class_list":{"0":"post-32686","1":"product","2":"type-product","3":"status-publish","4":"has-post-thumbnail","6":"product_cat-comida-seca-gatos","7":"product_cat-gatos","8":"product_tag-1-especie-gato","9":"product_tag-2-edad-adulto","10":"product_tag-2-edad-senior","11":"product_tag-3-producto-alimento-seco","12":"product_tag-3-producto-receta-completa","14":"first","15":"instock","16":"sale","17":"taxable","18":"shipping-taxable","19":"purchasable","20":"product-type-variable"},"supplier_id":null,"supplier_sku":"","barcode":null,"atum_controlled":true,"out_stock_date":null,"out_stock_threshold":null,"inheritable":true,"inbound_stock":0,"stock_on_hold":0,"sold_today":null,"sales_last_days":null,"reserved_stock":0,"customer_returns":0,"warehouse_damage":0,"lost_in_post":0,"other_logs":0,"out_stock_days":null,"lost_sales":null,"has_location":false,"update_date":"2026-04-09T10:56:50","atum_locations":[],"atum_stock_status":"instock","restock_status":false,"low_stock_amount":"","sales_update_date":"2026-04-08T20:33:24","calc_backorders":null,"_links":{"self":[{"href":"https:\/\/pinkpeas.es\/ca\/wp-json\/wp\/v2\/product\/32686","targetHints":{"allow":["GET"]}}],"collection":[{"href":"https:\/\/pinkpeas.es\/ca\/wp-json\/wp\/v2\/product"}],"about":[{"href":"https:\/\/pinkpeas.es\/ca\/wp-json\/wp\/v2\/types\/product"}],"replies":[{"embeddable":true,"href":"https:\/\/pinkpeas.es\/ca\/wp-json\/wp\/v2\/comments?post=32686"}],"wp:featuredmedia":[{"embeddable":true,"href":"https:\/\/pinkpeas.es\/ca\/wp-json\/wp\/v2\/media\/34757"}],"wp:attachment":[{"href":"https:\/\/pinkpeas.es\/ca\/wp-json\/wp\/v2\/media?parent=32686"}],"wp:term":[{"taxonomy":"product_brand","embeddable":true,"href":"https:\/\/pinkpeas.es\/ca\/wp-json\/wp\/v2\/product_brand?post=32686"},{"taxonomy":"product_cat","embeddable":true,"href":"https:\/\/pinkpeas.es\/ca\/wp-json\/wp\/v2\/product_cat?post=32686"},{"taxonomy":"product_tag","embeddable":true,"href":"https:\/\/pinkpeas.es\/ca\/wp-json\/wp\/v2\/product_tag?post=32686"}],"curies":[{"name":"wp","href":"https:\/\/api.w.org\/{rel}","templated":true}]}}