{"id":32604,"date":"2025-10-29T23:46:38","date_gmt":"2025-10-29T22:46:38","guid":{"rendered":"https:\/\/pinkpeas.es\/?post_type=product&#038;p=32604"},"modified":"2026-05-13T00:19:05","modified_gmt":"2026-05-12T22:19:05","slug":"plantz-x5-recetas-completas-de-comida-humeda-para-perros","status":"publish","type":"product","link":"https:\/\/pinkpeas.es\/ca\/producte\/plantz-x5-recetas-completas-de-comida-humeda-para-perros\/","title":{"rendered":"PLANTZ x5 Recetas completas de comida h\u00fameda para perros"},"content":{"rendered":"<p>Las 2 l\u00edneas de comida h\u00fameda de PLANTZ se unen en este pack de degustaci\u00f3n.<\/p>\n<p><strong>No-Pollo en gelatina <\/strong>i <strong>No-Ternera en salsa <\/strong>forman parte de la l\u00ednea hipoalerg\u00e9nica Harvest Blend de<strong> PLANTZ. <\/strong>Se trata de recetas completas y veganas dise\u00f1adas para perros adultos a partir de 12 meses (y aptas para gatos!). Sus receta son <strong>hipoalerg\u00e9nicas<\/strong> y contienen<strong> prote\u00ednas de alta calidad, f\u00e1cil digesti\u00f3n y una textura incre\u00edble<\/strong> y \u00fanica. Al ser recetas completas contienen todos los nutrientes que necesita un perro para estar sano siendo una buena opci\u00f3n tanto como alimentaci\u00f3n principal como para complementar su dieta habitual. Las fuentes de prote\u00ednas principales son el guisante y las habas,<\/p>\n<p>Los Tetrapaks de <strong>No-Pollo en salsa<\/strong>, <strong>No-Ternera en salsa<\/strong> i <strong>No-Caza en salsa<\/strong> forman parte de la l\u00ednea Garden Goodness y tienen caracter\u00edsticas parecidas con la gran diferencia de que las fuentes de prote\u00ednas principales son la soja y el trigo.<\/p>\n<p>PLANTZ ha desarrollado sus daditos de prote\u00edna vegetal con una <strong>textura muy parecida a la carne<\/strong> que le da a sus recetas h\u00famedas una calidad y palatabilidad \u00fanicas. Los daditos de prote\u00edna vegetal PLANTZ son perfectos para masticar, tiernos, jugosos y llenos de sabor.<\/p>","protected":false},"excerpt":{"rendered":"<p>Las recetas de comida h\u00fameda de PLANTZ son tremendamente palatables y est\u00e1n dise\u00f1adas para todos los tama\u00f1os de perro (y son aptas para gatos!), con una textura innovadora de trocitos de \u00abcarne\u00bb vegetal en salsa o gelatina. 5 recetas con mucho en com\u00fan pero mezclas muy distintas. Este pack incluye 3 TetraPaks de 380g de la l\u00ednea Garden Goodness y 2 latas de 400g de la l\u00ednea hipoalerg\u00e9nica Harvest Blend.<\/p>","protected":false},"featured_media":32605,"comment_status":"open","ping_status":"closed","template":"","meta":[],"product_brand":[618],"product_cat":[555,530,534,591,535,509],"product_tag":[541,511,512,513,531,515,516,517,532,536,518,519,520,522,524],"class_list":{"0":"post-32604","1":"product","2":"type-product","3":"status-publish","4":"has-post-thumbnail","6":"product_brand-plantz","7":"product_cat-comida-humeda-gatos","8":"product_cat-comida-humeda-perros","9":"product_cat-packs","10":"product_cat-packs-gatos","11":"product_cat-packs-perros","12":"product_cat-perros","13":"product_tag-1-especie-gato","14":"product_tag-1-especie-perro","15":"product_tag-2-edad-adulto","16":"product_tag-2-edad-senior","17":"product_tag-3-producto-alimento-humedo","18":"product_tag-3-producto-receta-completa","19":"product_tag-4-propiedades-dieta-de-eliminacion","20":"product_tag-4-propiedades-estomago-sensible","21":"product_tag-4-propiedades-gastrointestinal","22":"product_tag-4-propiedades-mini","23":"product_tag-5-alergenos-sin-cereales","24":"product_tag-5-alergenos-sin-gluten","25":"product_tag-5-alergenos-sin-maiz","26":"product_tag-5-alergenos-sin-soja","27":"product_tag-7-otros-marca-100-vegana","29":"first","30":"instock","31":"taxable","32":"shipping-taxable","33":"purchasable","34":"product-type-woosb"},"supplier_id":32489,"supplier_sku":"","barcode":null,"atum_controlled":true,"out_stock_date":null,"out_stock_threshold":null,"inheritable":false,"inbound_stock":null,"stock_on_hold":1,"sold_today":1,"sales_last_days":1,"reserved_stock":null,"customer_returns":null,"warehouse_damage":null,"lost_in_post":null,"other_logs":null,"out_stock_days":0,"lost_sales":0,"has_location":false,"update_date":"2026-05-12T22:19:10","atum_locations":[],"atum_stock_status":"instock","restock_status":false,"low_stock_amount":10,"sales_update_date":"2026-05-12T22:19:10","calc_backorders":0,"_links":{"self":[{"href":"https:\/\/pinkpeas.es\/ca\/wp-json\/wp\/v2\/product\/32604","targetHints":{"allow":["GET"]}}],"collection":[{"href":"https:\/\/pinkpeas.es\/ca\/wp-json\/wp\/v2\/product"}],"about":[{"href":"https:\/\/pinkpeas.es\/ca\/wp-json\/wp\/v2\/types\/product"}],"replies":[{"embeddable":true,"href":"https:\/\/pinkpeas.es\/ca\/wp-json\/wp\/v2\/comments?post=32604"}],"wp:featuredmedia":[{"embeddable":true,"href":"https:\/\/pinkpeas.es\/ca\/wp-json\/wp\/v2\/media\/32605"}],"wp:attachment":[{"href":"https:\/\/pinkpeas.es\/ca\/wp-json\/wp\/v2\/media?parent=32604"}],"wp:term":[{"taxonomy":"product_brand","embeddable":true,"href":"https:\/\/pinkpeas.es\/ca\/wp-json\/wp\/v2\/product_brand?post=32604"},{"taxonomy":"product_cat","embeddable":true,"href":"https:\/\/pinkpeas.es\/ca\/wp-json\/wp\/v2\/product_cat?post=32604"},{"taxonomy":"product_tag","embeddable":true,"href":"https:\/\/pinkpeas.es\/ca\/wp-json\/wp\/v2\/product_tag?post=32604"}],"curies":[{"name":"wp","href":"https:\/\/api.w.org\/{rel}","templated":true}]}}