{"id":32598,"date":"2025-10-29T23:20:59","date_gmt":"2025-10-29T22:20:59","guid":{"rendered":"https:\/\/pinkpeas.es\/?post_type=product&#038;p=32598"},"modified":"2026-04-28T13:27:44","modified_gmt":"2026-04-28T11:27:44","slug":"plantz-x9-tetrapaks-no-pollo-ternera-caza-en-salsa-para-perros-380g","status":"publish","type":"product","link":"https:\/\/pinkpeas.es\/ca\/producte\/plantz-x9-tetrapaks-no-pollo-ternera-caza-en-salsa-para-perros-380g\/","title":{"rendered":"PLANTZ x6 Tetrapaks \u00abNo-Pollo\/Ternera\/Caza\u00bb en salsa para perros 380g"},"content":{"rendered":"<p>La linea Garden Goodness de PLANTZ incluye No-Pollo, No-Ternera y No-Caza EN SALSA. Se trata de una l\u00ednea de alimento completo y vegano dise\u00f1ado para perros adultos a partir de 12 meses (y apto para gatos!). Sus recetas son muy <strong>f\u00e1ciles de digerir, bajas en grasa y con una textura incre\u00edble<\/strong> y \u00fanica. Al ser una receta completa contiene todos los nutrientes que necesita un perro para estar sano siendo una buena opci\u00f3n tanto como alimentaci\u00f3n principal como para complementar su dieta habitual.<\/p>\n<p>PLANTZ ha desarrollado sus daditos de prote\u00edna vegetal con una <strong>textura muy parecida a la carne<\/strong> que le da a sus recetas h\u00famedas una calidad y palatabilidad \u00fanicas. Los daditos de prote\u00edna vegetal PLANTZ son perfectos para masticar, tiernos, jugosos y llenos de sabor.<\/p>\n<h3>Embalaje sostenible<\/h3>\n<p>Envasado en un Tetra Pak sostenible, deja una huella verde: gracias a su forma pr\u00e1ctica, los Tetra Paks se pueden empaquetar herm\u00e9ticamente durante el transporte, de modo que se emite un 91 % menos de CO2. Adem\u00e1s, el embalaje se compone en un 70% de materias primas renovables. Despu\u00e9s de su uso, se puede plegar para que apenas ocupe espacio en la basura. Esto significa que el Tetra Pak tiene un equilibrio ecol\u00f3gico cinco veces mejor que el envase convencional. Adem\u00e1s, su manipulaci\u00f3n es muy sencilla e higi\u00e9nica y no ofrece ning\u00fan riesgo de lesiones en comparaci\u00f3n con una lata.<\/p>","protected":false},"excerpt":{"rendered":"<p>NO-POLLO, NO-TERNERA y NO-CAZA forman parte de la l\u00ednea Garden Goodness de Plantz. Recetas rompedoras, completas y muy palatables. Dise\u00f1adas para todos los tama\u00f1os de perros (y aptas para gatos), con una textura innovadora de trocitos de \u00abcarne\u00bb vegetal en salsa. En un envase optimizado para poder usarlo en casi cualquier lugar, con abref\u00e1cil. Disponibles en envases de 380g.<\/p>","protected":false},"featured_media":33110,"comment_status":"open","ping_status":"closed","template":"","meta":[],"product_brand":[618],"product_cat":[555,530,534,591,535,509],"product_tag":[541,511,512,513,531,515,517,532,536,524],"class_list":{"0":"post-32598","1":"product","2":"type-product","3":"status-publish","4":"has-post-thumbnail","6":"product_brand-plantz","7":"product_cat-comida-humeda-gatos","8":"product_cat-comida-humeda-perros","9":"product_cat-packs","10":"product_cat-packs-gatos","11":"product_cat-packs-perros","12":"product_cat-perros","13":"product_tag-1-especie-gato","14":"product_tag-1-especie-perro","15":"product_tag-2-edad-adulto","16":"product_tag-2-edad-senior","17":"product_tag-3-producto-alimento-humedo","18":"product_tag-3-producto-receta-completa","19":"product_tag-4-propiedades-estomago-sensible","20":"product_tag-4-propiedades-gastrointestinal","21":"product_tag-4-propiedades-mini","22":"product_tag-7-otros-marca-100-vegana","24":"first","25":"instock","26":"sale","27":"taxable","28":"shipping-taxable","29":"purchasable","30":"product-type-woosb"},"supplier_id":32489,"supplier_sku":"","barcode":null,"atum_controlled":true,"out_stock_date":null,"out_stock_threshold":null,"inheritable":false,"inbound_stock":null,"stock_on_hold":0,"sold_today":0,"sales_last_days":2,"reserved_stock":null,"customer_returns":null,"warehouse_damage":null,"lost_in_post":null,"other_logs":null,"out_stock_days":0,"lost_sales":0,"has_location":false,"update_date":"2026-05-04T15:26:54","atum_locations":[],"atum_stock_status":"instock","restock_status":false,"low_stock_amount":10,"sales_update_date":"2026-05-04T15:26:54","calc_backorders":0,"_links":{"self":[{"href":"https:\/\/pinkpeas.es\/ca\/wp-json\/wp\/v2\/product\/32598","targetHints":{"allow":["GET"]}}],"collection":[{"href":"https:\/\/pinkpeas.es\/ca\/wp-json\/wp\/v2\/product"}],"about":[{"href":"https:\/\/pinkpeas.es\/ca\/wp-json\/wp\/v2\/types\/product"}],"replies":[{"embeddable":true,"href":"https:\/\/pinkpeas.es\/ca\/wp-json\/wp\/v2\/comments?post=32598"}],"wp:featuredmedia":[{"embeddable":true,"href":"https:\/\/pinkpeas.es\/ca\/wp-json\/wp\/v2\/media\/33110"}],"wp:attachment":[{"href":"https:\/\/pinkpeas.es\/ca\/wp-json\/wp\/v2\/media?parent=32598"}],"wp:term":[{"taxonomy":"product_brand","embeddable":true,"href":"https:\/\/pinkpeas.es\/ca\/wp-json\/wp\/v2\/product_brand?post=32598"},{"taxonomy":"product_cat","embeddable":true,"href":"https:\/\/pinkpeas.es\/ca\/wp-json\/wp\/v2\/product_cat?post=32598"},{"taxonomy":"product_tag","embeddable":true,"href":"https:\/\/pinkpeas.es\/ca\/wp-json\/wp\/v2\/product_tag?post=32598"}],"curies":[{"name":"wp","href":"https:\/\/api.w.org\/{rel}","templated":true}]}}