{"id":32597,"date":"2025-10-29T23:20:39","date_gmt":"2025-10-29T22:20:39","guid":{"rendered":"https:\/\/pinkpeas.es\/?post_type=product&#038;p=32597"},"modified":"2026-05-11T20:56:54","modified_gmt":"2026-05-11T18:56:54","slug":"plantz-x6-no-pollo-ternera-para-perros-receta-hipoalergenica-400g","status":"publish","type":"product","link":"https:\/\/pinkpeas.es\/ca\/producte\/plantz-x6-no-pollo-ternera-para-perros-receta-hipoalergenica-400g\/","title":{"rendered":"PLANTZ x6 \u00abNo-Pollo\/Ternera\u00bb para perros receta hipoalerg\u00e9nica 400g"},"content":{"rendered":"<p><strong>No-Pollo en gelatina <\/strong>i <strong>No-Ternera en salsa <\/strong>forman parte de la l\u00ednea hipoalerg\u00e9nica Harvest Blend de<strong> PLANTZ. <\/strong>Se trata de recetas completas y veganas dise\u00f1adas para perros adultos a partir de 12 meses (y aptas para gatos!). Sus receta son <strong>hipoalerg\u00e9nicas<\/strong> y contienen<strong> prote\u00ednas de alta calidad, f\u00e1cil digesti\u00f3n y una textura incre\u00edble<\/strong> y \u00fanica. Al ser recetas completas contienen todos los nutrientes que necesita un perro para estar sano siendo una buena opci\u00f3n tanto como alimentaci\u00f3n principal como para complementar su dieta habitual.<\/p>\n<p>PLANTZ ha desarrollado sus daditos de prote\u00edna vegetal con una <strong>textura muy parecida a la carne<\/strong> que le da a sus recetas h\u00famedas una calidad y palatabilidad \u00fanicas. Los daditos de prote\u00edna vegetal PLANTZ son perfectos para masticar, tiernos, jugosos y llenos de sabor. La l\u00ednea Harvest Blend est\u00e1 creada a partir de prote\u00ednas de alta calidad e <strong>hipoalerg\u00e9nicas: guisante, haba verde y patata.<\/strong><\/p>","protected":false},"excerpt":{"rendered":"<p>NO-POLLO en gelatina y NO-TERNERA en salsa forman parte de la nueva linea hipoalerg\u00e9nica de comida h\u00fameda PLANTZ. Recetas completas y muy palatables dise\u00f1adas para todos los tama\u00f1os de perros (y aptas para gatos), con una textura innovadora de trocitos de \u00abcarne\u00bb vegetal en salsa. Disponibles en envases de 400g.<\/p>","protected":false},"featured_media":32600,"comment_status":"open","ping_status":"closed","template":"","meta":[],"product_brand":[618],"product_cat":[555,530,534,591,535,509],"product_tag":[541,511,512,513,531,515,516,517,532,536,518,519,520,522,524],"class_list":{"0":"post-32597","1":"product","2":"type-product","3":"status-publish","4":"has-post-thumbnail","6":"product_brand-plantz","7":"product_cat-comida-humeda-gatos","8":"product_cat-comida-humeda-perros","9":"product_cat-packs","10":"product_cat-packs-gatos","11":"product_cat-packs-perros","12":"product_cat-perros","13":"product_tag-1-especie-gato","14":"product_tag-1-especie-perro","15":"product_tag-2-edad-adulto","16":"product_tag-2-edad-senior","17":"product_tag-3-producto-alimento-humedo","18":"product_tag-3-producto-receta-completa","19":"product_tag-4-propiedades-dieta-de-eliminacion","20":"product_tag-4-propiedades-estomago-sensible","21":"product_tag-4-propiedades-gastrointestinal","22":"product_tag-4-propiedades-mini","23":"product_tag-5-alergenos-sin-cereales","24":"product_tag-5-alergenos-sin-gluten","25":"product_tag-5-alergenos-sin-maiz","26":"product_tag-5-alergenos-sin-soja","27":"product_tag-7-otros-marca-100-vegana","29":"first","30":"instock","31":"taxable","32":"shipping-taxable","33":"purchasable","34":"product-type-woosb"},"supplier_id":32489,"supplier_sku":"","barcode":null,"atum_controlled":true,"out_stock_date":null,"out_stock_threshold":null,"inheritable":false,"inbound_stock":null,"stock_on_hold":1,"sold_today":1,"sales_last_days":1,"reserved_stock":null,"customer_returns":null,"warehouse_damage":null,"lost_in_post":null,"other_logs":null,"out_stock_days":0,"lost_sales":0,"has_location":false,"update_date":"2026-05-11T18:56:56","atum_locations":[],"atum_stock_status":"instock","restock_status":false,"low_stock_amount":10,"sales_update_date":"2026-05-11T18:56:56","calc_backorders":0,"_links":{"self":[{"href":"https:\/\/pinkpeas.es\/ca\/wp-json\/wp\/v2\/product\/32597","targetHints":{"allow":["GET"]}}],"collection":[{"href":"https:\/\/pinkpeas.es\/ca\/wp-json\/wp\/v2\/product"}],"about":[{"href":"https:\/\/pinkpeas.es\/ca\/wp-json\/wp\/v2\/types\/product"}],"replies":[{"embeddable":true,"href":"https:\/\/pinkpeas.es\/ca\/wp-json\/wp\/v2\/comments?post=32597"}],"wp:featuredmedia":[{"embeddable":true,"href":"https:\/\/pinkpeas.es\/ca\/wp-json\/wp\/v2\/media\/32600"}],"wp:attachment":[{"href":"https:\/\/pinkpeas.es\/ca\/wp-json\/wp\/v2\/media?parent=32597"}],"wp:term":[{"taxonomy":"product_brand","embeddable":true,"href":"https:\/\/pinkpeas.es\/ca\/wp-json\/wp\/v2\/product_brand?post=32597"},{"taxonomy":"product_cat","embeddable":true,"href":"https:\/\/pinkpeas.es\/ca\/wp-json\/wp\/v2\/product_cat?post=32597"},{"taxonomy":"product_tag","embeddable":true,"href":"https:\/\/pinkpeas.es\/ca\/wp-json\/wp\/v2\/product_tag?post=32597"}],"curies":[{"name":"wp","href":"https:\/\/api.w.org\/{rel}","templated":true}]}}