{"id":32558,"date":"2025-10-29T17:33:29","date_gmt":"2025-10-29T16:33:29","guid":{"rendered":"https:\/\/pinkpeas.es\/?post_type=product&#038;p=32558"},"modified":"2026-04-09T13:54:12","modified_gmt":"2026-04-09T11:54:12","slug":"weego-tender-snacks-de-manzana-para-perros","status":"publish","type":"product","link":"https:\/\/pinkpeas.es\/ca\/producte\/weego-tender-snacks-de-manzana-para-perros\/","title":{"rendered":"WEEGO Tender snacks de Manzana para perros"},"content":{"rendered":"<p>Los <strong>Tender snacks de Manzana <\/strong>forman parte de la l\u00ednea hipoalerg\u00e9nica y vegana de<strong> WEEGO. <\/strong>Estos peque\u00f1os snacks semih\u00famedos est\u00e1n libres de soja y cereales, pero llenos de sabor a fruta. Son f\u00e1ciles de digerir y, gracias a su selecci\u00f3n de ingredientes con un gran contenido en fibra y paraprobi\u00f3ticos, apoyan el buen funcionamiento del tr\u00e1nsito intestinal.<\/p>\n<p>&nbsp;<\/p>","protected":false},"excerpt":{"rendered":"<p>Los Tender Snacks de Manzana de WEEGO son los premios perfectos para el paseo o un entrenamiento. F\u00e1ciles de digerir, hipoalerg\u00e9nicos y con sabor a frutas. Disponibles en 3 sabores en envases de 50g.<\/p>","protected":false},"featured_media":32565,"comment_status":"open","ping_status":"closed","template":"","meta":[],"product_brand":[622],"product_cat":[509,525],"product_tag":[511,512,526,513,527,528,529,517,536,518,519,520,522,524],"class_list":{"0":"post-32558","1":"product","2":"type-product","3":"status-publish","4":"has-post-thumbnail","6":"product_brand-weego","7":"product_cat-perros","8":"product_cat-snacks-perros","9":"product_tag-1-especie-perro","10":"product_tag-2-edad-adulto","11":"product_tag-2-edad-puppy-cachorro","12":"product_tag-2-edad-senior","13":"product_tag-3-producto-receta-complementaria","14":"product_tag-3-producto-snack","15":"product_tag-4-propiedades-bajo-en-grasa","16":"product_tag-4-propiedades-estomago-sensible","17":"product_tag-4-propiedades-mini","18":"product_tag-5-alergenos-sin-cereales","19":"product_tag-5-alergenos-sin-gluten","20":"product_tag-5-alergenos-sin-maiz","21":"product_tag-5-alergenos-sin-soja","22":"product_tag-7-otros-marca-100-vegana","24":"first","25":"instock","26":"taxable","27":"shipping-taxable","28":"purchasable","29":"product-type-simple"},"supplier_id":32564,"supplier_sku":"","barcode":null,"atum_controlled":true,"out_stock_date":null,"out_stock_threshold":null,"inheritable":false,"inbound_stock":0,"stock_on_hold":0,"sold_today":0,"sales_last_days":0,"reserved_stock":0,"customer_returns":0,"warehouse_damage":0,"lost_in_post":0,"other_logs":0,"out_stock_days":0,"lost_sales":0,"has_location":false,"update_date":"2026-04-09T11:50:35","atum_locations":[],"atum_stock_status":"instock","restock_status":false,"low_stock_amount":4,"sales_update_date":"2026-04-09T11:50:35","calc_backorders":null,"_links":{"self":[{"href":"https:\/\/pinkpeas.es\/ca\/wp-json\/wp\/v2\/product\/32558","targetHints":{"allow":["GET"]}}],"collection":[{"href":"https:\/\/pinkpeas.es\/ca\/wp-json\/wp\/v2\/product"}],"about":[{"href":"https:\/\/pinkpeas.es\/ca\/wp-json\/wp\/v2\/types\/product"}],"replies":[{"embeddable":true,"href":"https:\/\/pinkpeas.es\/ca\/wp-json\/wp\/v2\/comments?post=32558"}],"wp:featuredmedia":[{"embeddable":true,"href":"https:\/\/pinkpeas.es\/ca\/wp-json\/wp\/v2\/media\/32565"}],"wp:attachment":[{"href":"https:\/\/pinkpeas.es\/ca\/wp-json\/wp\/v2\/media?parent=32558"}],"wp:term":[{"taxonomy":"product_brand","embeddable":true,"href":"https:\/\/pinkpeas.es\/ca\/wp-json\/wp\/v2\/product_brand?post=32558"},{"taxonomy":"product_cat","embeddable":true,"href":"https:\/\/pinkpeas.es\/ca\/wp-json\/wp\/v2\/product_cat?post=32558"},{"taxonomy":"product_tag","embeddable":true,"href":"https:\/\/pinkpeas.es\/ca\/wp-json\/wp\/v2\/product_tag?post=32558"}],"curies":[{"name":"wp","href":"https:\/\/api.w.org\/{rel}","templated":true}]}}