{"id":32547,"date":"2025-10-28T22:39:34","date_gmt":"2025-10-28T21:39:34","guid":{"rendered":"https:\/\/pinkpeas.es\/?post_type=product&#038;p=32547"},"modified":"2026-03-24T17:23:42","modified_gmt":"2026-03-24T16:23:42","slug":"hownd-balsamo-con-aceite-de-canamo-para-trufa-y-patas-con-proteccion-solar","status":"publish","type":"product","link":"https:\/\/pinkpeas.es\/ca\/producte\/hownd-balsamo-con-aceite-de-canamo-para-trufa-y-patas-con-proteccion-solar\/","title":{"rendered":"Hownd B\u00e1lsamo con aceite de c\u00e1\u00f1amo para trufa y patas con protecci\u00f3n solar"},"content":{"rendered":"<p>Hemp by Hownd es el <strong>b\u00e1lsamo con aceite de c\u00e1\u00f1amo<\/strong> para narices y patas de Hownd. <strong>Protege, calma e hidrata<\/strong> durante todo el a\u00f1o. Es 100% vegano, sin aroma, de r\u00e1pida absorci\u00f3n y natural.<\/p>\n<h3>Cu\u00e1ndo usarlo<\/h3>\n<p>El b\u00e1lsamo se puede utilizar en los meses de verano para proteger las \u00e1reas del hocico y el o\u00eddo externo de los <strong>rayos UVA y UVB<\/strong>, as\u00ed como cualquier piel expuesta; y en el per\u00edodo de invierno para proteger las almohadillas suaves de un perro en hielo y pavimentos salados. Perfecto para masajes de patas y <em>paticuras<\/em>! Este maravilloso b\u00e1lsamo es ideal para tener a mano en casa para aplicar en zonas sin pelo secas, agrietadas o piel dolorida. Hemp by Hownd se puede usar en perros adultos y es seguro para su uso en cachorros a partir de las 12 semanas.<\/p>\n<h3>Propiedades<\/h3>\n<p>Los ingredientes bot\u00e1nicos trabajan juntos para hidratar y <strong>proteger eficazmente almohadillas, narices y pieles finas o expuestas<\/strong>, y proporciona protecci\u00f3n solar de manera \u00fanica. Este b\u00e1lsamo contiene una generosa cantidad de aceite de semilla de c\u00e1\u00f1amo org\u00e1nico, una de las fuentes m\u00e1s ricas del mundo de \u00e1cidos grasos esenciales <strong>Omega 3 y Omega 6<\/strong>, vitales para una salud \u00f3ptima de la piel. Hemos obtenido este extraordinario ingrediente de una de las principales granjas de c\u00e1\u00f1amo org\u00e1nico de Europa que tiene certificaci\u00f3n GMP <em>(Good Manufacturing and Practice)<\/em>, as\u00ed como la certificaci\u00f3n <em>Organic<\/em>.<\/p>\n<h3>La opci\u00f3n \u00e9tica<\/h3>\n<p>El b\u00e1lsamo Hemp by Hownd no contiene productos qu\u00edmicos agresivos como alcohol, parabenos, jab\u00f3n ni colorantes. Es seguro usarlo con productos t\u00f3picos contra pulgas. Los productos para la higiene de HOWND cuentan con el sello de aprobaci\u00f3n de Leaping Bunny de Cruelty Free International, la \u00fanica acreditaci\u00f3n contra la crueldad animal reconocida a nivel mundial, y acreditados por PETA Cruelty Free, la Vegetarian (Vegan) Society y The Ethical Company Organization.<\/p>\n<p>&nbsp;<\/p>","protected":false},"excerpt":{"rendered":"<p>El b\u00e1lsamo con aceite de c\u00e1\u00f1amo Hownd es un b\u00e1lsamo para hidratar trufas y patitas irritadas o con inflamaci\u00f3n. Sin olores a\u00f1adidos, contiene tambi\u00e9n cal\u00e9ndula, manteca de karit\u00e9, aceite de almendras dulces y factores de protecci\u00f3n solar. Disponible en envases de 50g.<\/p>","protected":false},"featured_media":32556,"comment_status":"open","ping_status":"closed","template":"","meta":[],"product_brand":[617],"product_cat":[538,575,587,509],"product_tag":[588,541,511,512,553,526,513,576,548,544,524],"class_list":{"0":"post-32547","1":"product","2":"type-product","3":"status-publish","4":"has-post-thumbnail","6":"product_brand-hownd","7":"product_cat-gatos","8":"product_cat-higiene-gatos","9":"product_cat-higiene-perros","10":"product_cat-perros","11":"product_tag-1-especie-caballo","12":"product_tag-1-especie-gato","13":"product_tag-1-especie-perro","14":"product_tag-2-edad-adulto","15":"product_tag-2-edad-kitten-gatito","16":"product_tag-2-edad-puppy-cachorro","17":"product_tag-2-edad-senior","18":"product_tag-3-producto-higiene","19":"product_tag-4-propiedades-hipoalergenico","20":"product_tag-4-propiedades-piel-sensible","21":"product_tag-7-otros-marca-100-vegana","23":"first","24":"instock","25":"taxable","26":"shipping-taxable","27":"purchasable","28":"product-type-simple"},"supplier_id":30169,"supplier_sku":"","barcode":null,"atum_controlled":true,"out_stock_date":null,"out_stock_threshold":null,"inheritable":false,"inbound_stock":0,"stock_on_hold":1,"sold_today":0,"sales_last_days":0,"reserved_stock":0,"customer_returns":0,"warehouse_damage":0,"lost_in_post":0,"other_logs":0,"out_stock_days":0,"lost_sales":0,"has_location":false,"update_date":"2026-04-13T22:49:07","atum_locations":[],"atum_stock_status":"instock","restock_status":false,"low_stock_amount":5,"sales_update_date":"2026-04-13T22:49:07","calc_backorders":null,"_links":{"self":[{"href":"https:\/\/pinkpeas.es\/ca\/wp-json\/wp\/v2\/product\/32547","targetHints":{"allow":["GET"]}}],"collection":[{"href":"https:\/\/pinkpeas.es\/ca\/wp-json\/wp\/v2\/product"}],"about":[{"href":"https:\/\/pinkpeas.es\/ca\/wp-json\/wp\/v2\/types\/product"}],"replies":[{"embeddable":true,"href":"https:\/\/pinkpeas.es\/ca\/wp-json\/wp\/v2\/comments?post=32547"}],"wp:featuredmedia":[{"embeddable":true,"href":"https:\/\/pinkpeas.es\/ca\/wp-json\/wp\/v2\/media\/32556"}],"wp:attachment":[{"href":"https:\/\/pinkpeas.es\/ca\/wp-json\/wp\/v2\/media?parent=32547"}],"wp:term":[{"taxonomy":"product_brand","embeddable":true,"href":"https:\/\/pinkpeas.es\/ca\/wp-json\/wp\/v2\/product_brand?post=32547"},{"taxonomy":"product_cat","embeddable":true,"href":"https:\/\/pinkpeas.es\/ca\/wp-json\/wp\/v2\/product_cat?post=32547"},{"taxonomy":"product_tag","embeddable":true,"href":"https:\/\/pinkpeas.es\/ca\/wp-json\/wp\/v2\/product_tag?post=32547"}],"curies":[{"name":"wp","href":"https:\/\/api.w.org\/{rel}","templated":true}]}}