{"id":32544,"date":"2025-10-28T21:59:21","date_gmt":"2025-10-28T20:59:21","guid":{"rendered":"https:\/\/pinkpeas.es\/?post_type=product&#038;p=32544"},"modified":"2026-04-09T08:48:34","modified_gmt":"2026-04-09T06:48:34","slug":"pure-bites-vegdog-snacks-veganos-cremosos-e-hipoalergenicos-para-perros","status":"publish","type":"product","link":"https:\/\/pinkpeas.es\/ca\/producte\/pure-bites-vegdog-snacks-veganos-cremosos-e-hipoalergenicos-para-perros\/","title":{"rendered":"PURE BITES VEGDOG | Snacks veganos cremosos e hipoalerg\u00e9nicos para perros"},"content":{"rendered":"<p>Los snacks <strong>PURE BITES<\/strong> de Vegdog son la gran novedad en la linea de premios de la marca. Incorpora la innovadora <strong>prote\u00edna de fermentaci\u00f3n<\/strong> mucho m\u00e1s sostenible que la prote\u00edna c\u00e1rnica o vegetal. Tambi\u00e9n incluye boniato, guisante y una buena dosis de levadura de cerveza. Una perfecta mezcla <strong>hipoalerg\u00e9nica<\/strong>.<\/p>\n<p>Su textura crujiente por fuera y cremosa por dentro junto con el umami tremendo de la levadura de cerveza hace que los PURE BITES vengan pisando fuerte.<\/p>\n<p><strong>100% veg\u00e0<\/strong><br \/>\nPorque amamos a todos los animales, los snacks VEGDOG no contienen ingredientes de origen animal ni han sido testados en animales. Tampoco incluyen atrayentes ni colorantes artificiales.<\/p>\n<p><strong>Conservaci\u00f3n<\/strong><br \/>\nGuarda los PURE BITES en un lugar fresco y seco. Despu\u00e9s de abrir el envase, ci\u00e9rralo bien para mantener su textura crujiente y su sabor intacto.<\/p>","protected":false},"excerpt":{"rendered":"<p>PURE BITES de VEGDOG son los snacks veganos m\u00e1s innovadores gracias a su prote\u00edna de fermentaci\u00f3n. Son crujientes por fuera, cremosos por dentro y totalmente hipoalerg\u00e9nicos! Disponible en envases de 115 g.<\/p>\n<p>&nbsp;<\/p>","protected":false},"featured_media":32562,"comment_status":"open","ping_status":"closed","template":"","meta":[],"product_brand":[619],"product_cat":[509,525],"product_tag":[511,512,513,527,528,529,516,517,548,519,520,522,524],"class_list":{"0":"post-32544","1":"product","2":"type-product","3":"status-publish","4":"has-post-thumbnail","6":"product_brand-vegdog","7":"product_cat-perros","8":"product_cat-snacks-perros","9":"product_tag-1-especie-perro","10":"product_tag-2-edad-adulto","11":"product_tag-2-edad-senior","12":"product_tag-3-producto-receta-complementaria","13":"product_tag-3-producto-snack","14":"product_tag-4-propiedades-bajo-en-grasa","15":"product_tag-4-propiedades-dieta-de-eliminacion","16":"product_tag-4-propiedades-estomago-sensible","17":"product_tag-4-propiedades-hipoalergenico","18":"product_tag-5-alergenos-sin-gluten","19":"product_tag-5-alergenos-sin-maiz","20":"product_tag-5-alergenos-sin-soja","21":"product_tag-7-otros-marca-100-vegana","23":"first","24":"instock","25":"taxable","26":"shipping-taxable","27":"purchasable","28":"product-type-simple"},"supplier_id":30161,"supplier_sku":"","barcode":null,"atum_controlled":true,"out_stock_date":null,"out_stock_threshold":null,"inheritable":false,"inbound_stock":0,"stock_on_hold":1,"sold_today":1,"sales_last_days":1,"reserved_stock":0,"customer_returns":0,"warehouse_damage":0,"lost_in_post":0,"other_logs":0,"out_stock_days":0,"lost_sales":0,"has_location":false,"update_date":"2026-04-09T06:48:59","atum_locations":[],"atum_stock_status":"instock","restock_status":false,"low_stock_amount":2,"sales_update_date":"2026-04-09T06:48:59","calc_backorders":null,"_links":{"self":[{"href":"https:\/\/pinkpeas.es\/ca\/wp-json\/wp\/v2\/product\/32544","targetHints":{"allow":["GET"]}}],"collection":[{"href":"https:\/\/pinkpeas.es\/ca\/wp-json\/wp\/v2\/product"}],"about":[{"href":"https:\/\/pinkpeas.es\/ca\/wp-json\/wp\/v2\/types\/product"}],"replies":[{"embeddable":true,"href":"https:\/\/pinkpeas.es\/ca\/wp-json\/wp\/v2\/comments?post=32544"}],"wp:featuredmedia":[{"embeddable":true,"href":"https:\/\/pinkpeas.es\/ca\/wp-json\/wp\/v2\/media\/32562"}],"wp:attachment":[{"href":"https:\/\/pinkpeas.es\/ca\/wp-json\/wp\/v2\/media?parent=32544"}],"wp:term":[{"taxonomy":"product_brand","embeddable":true,"href":"https:\/\/pinkpeas.es\/ca\/wp-json\/wp\/v2\/product_brand?post=32544"},{"taxonomy":"product_cat","embeddable":true,"href":"https:\/\/pinkpeas.es\/ca\/wp-json\/wp\/v2\/product_cat?post=32544"},{"taxonomy":"product_tag","embeddable":true,"href":"https:\/\/pinkpeas.es\/ca\/wp-json\/wp\/v2\/product_tag?post=32544"}],"curies":[{"name":"wp","href":"https:\/\/api.w.org\/{rel}","templated":true}]}}