{"id":32543,"date":"2025-10-28T21:58:30","date_gmt":"2025-10-28T20:58:30","guid":{"rendered":"https:\/\/pinkpeas.es\/?post_type=product&#038;p=32543"},"modified":"2026-03-24T17:24:56","modified_gmt":"2026-03-24T16:24:56","slug":"hownd-knot-a-care-desenredante-natural-con-queratina-vegana","status":"publish","type":"product","link":"https:\/\/pinkpeas.es\/ca\/producte\/hownd-knot-a-care-desenredante-natural-con-queratina-vegana\/","title":{"rendered":"Hownd Knot a Care Desenredante natural con queratina vegana"},"content":{"rendered":"<p>Knot a Care es el desenredante natural de Hownd, nutritivo, <strong>hipoalerg\u00e9nico y libre de crueldad animal<\/strong>. Apto para perros a partir de 12 semanas y uso diario. No solo hidrata, sino que ayuda a calmar la piel en mantos de todo tipo de pelo.<\/p>\n<h3>Propiedades<\/h3>\n<p><strong>Hidrata<\/strong> y ayuda a mejorar la calidad y el brillo del manto. Con un pH equilibrado y libre de siliconas, elaborado con con achicoria como prebi\u00f3tico y <strong>queratina vegana<\/strong> para obtener resultados sedosos, elegantes y brillantes. Perfumado con aceites esenciales de <strong>bergamota y pachul\u00ed<\/strong>.<\/p>\n<h3>La opci\u00f3n \u00e9tica<\/h3>\n<p>El desenredante Knot a Care no contiene productos qu\u00edmicos agresivos como alcohol, parabenos, jab\u00f3n ni colorantes. Es seguro usarlo con productos t\u00f3picos contra pulgas. Los productos para la higiene de HOWND cuentan con el sello de aprobaci\u00f3n de Leaping Bunny de Cruelty Free International, la \u00fanica acreditaci\u00f3n contra la crueldad animal reconocida a nivel mundial, y acreditados por PETA Cruelty Free, la Vegetarian (Vegan) Society y The Ethical Company Organization.<\/p>\n<p>&nbsp;<\/p>","protected":false},"excerpt":{"rendered":"<p>Knot a Care desenredante natural de Hownd es un spray hipoalerg\u00e9nico y 100% vegetal con queratina vegana ideal para deshacer nudos en el pelo de l0s perros. Con aceite de bergamota y pachul\u00ed. Disponible en envases de 250ml.<\/p>","protected":false},"featured_media":32545,"comment_status":"open","ping_status":"closed","template":"","meta":[],"product_brand":[617],"product_cat":[538,575,587,509],"product_tag":[588,541,511,512,553,526,513,576,548,544,524],"class_list":{"0":"post-32543","1":"product","2":"type-product","3":"status-publish","4":"has-post-thumbnail","6":"product_brand-hownd","7":"product_cat-gatos","8":"product_cat-higiene-gatos","9":"product_cat-higiene-perros","10":"product_cat-perros","11":"product_tag-1-especie-caballo","12":"product_tag-1-especie-gato","13":"product_tag-1-especie-perro","14":"product_tag-2-edad-adulto","15":"product_tag-2-edad-kitten-gatito","16":"product_tag-2-edad-puppy-cachorro","17":"product_tag-2-edad-senior","18":"product_tag-3-producto-higiene","19":"product_tag-4-propiedades-hipoalergenico","20":"product_tag-4-propiedades-piel-sensible","21":"product_tag-7-otros-marca-100-vegana","23":"first","24":"instock","25":"taxable","26":"shipping-taxable","27":"purchasable","28":"product-type-simple"},"supplier_id":30169,"supplier_sku":"","barcode":null,"atum_controlled":true,"out_stock_date":null,"out_stock_threshold":null,"inheritable":false,"inbound_stock":0,"stock_on_hold":0,"sold_today":0,"sales_last_days":0,"reserved_stock":0,"customer_returns":0,"warehouse_damage":0,"lost_in_post":0,"other_logs":0,"out_stock_days":0,"lost_sales":0,"has_location":false,"update_date":"2026-03-30T10:48:36","atum_locations":[],"atum_stock_status":"instock","restock_status":false,"low_stock_amount":5,"sales_update_date":"2026-03-30T10:48:36","calc_backorders":null,"_links":{"self":[{"href":"https:\/\/pinkpeas.es\/ca\/wp-json\/wp\/v2\/product\/32543","targetHints":{"allow":["GET"]}}],"collection":[{"href":"https:\/\/pinkpeas.es\/ca\/wp-json\/wp\/v2\/product"}],"about":[{"href":"https:\/\/pinkpeas.es\/ca\/wp-json\/wp\/v2\/types\/product"}],"replies":[{"embeddable":true,"href":"https:\/\/pinkpeas.es\/ca\/wp-json\/wp\/v2\/comments?post=32543"}],"wp:featuredmedia":[{"embeddable":true,"href":"https:\/\/pinkpeas.es\/ca\/wp-json\/wp\/v2\/media\/32545"}],"wp:attachment":[{"href":"https:\/\/pinkpeas.es\/ca\/wp-json\/wp\/v2\/media?parent=32543"}],"wp:term":[{"taxonomy":"product_brand","embeddable":true,"href":"https:\/\/pinkpeas.es\/ca\/wp-json\/wp\/v2\/product_brand?post=32543"},{"taxonomy":"product_cat","embeddable":true,"href":"https:\/\/pinkpeas.es\/ca\/wp-json\/wp\/v2\/product_cat?post=32543"},{"taxonomy":"product_tag","embeddable":true,"href":"https:\/\/pinkpeas.es\/ca\/wp-json\/wp\/v2\/product_tag?post=32543"}],"curies":[{"name":"wp","href":"https:\/\/api.w.org\/{rel}","templated":true}]}}