{"id":32532,"date":"2025-10-28T20:56:08","date_gmt":"2025-10-28T19:56:08","guid":{"rendered":"https:\/\/pinkpeas.es\/?post_type=product&#038;p=32532"},"modified":"2026-03-10T09:08:24","modified_gmt":"2026-03-10T08:08:24","slug":"vegdog-mobilities-mini-snack-con-patata-para-articulaciones","status":"publish","type":"product","link":"https:\/\/pinkpeas.es\/ca\/producte\/vegdog-mobilities-mini-snack-con-patata-para-articulaciones\/","title":{"rendered":"VEGDOG Mobilities Mini Snack con Patata para articulaciones"},"content":{"rendered":"<p>Los <strong>snacks MOBILITIES<\/strong> son ideales para todos aquellos perros que necesitan un aporte extra<strong> para cuidar sus articulaciones<\/strong>. \u00bfTu perro tiene un mont\u00f3n de energ\u00eda y le encanta correr? Qu\u00e9 maravilla! Pero hacer mucho ejercicio a menudo supone una gran tensi\u00f3n para las articulaciones, de la misma forma, los perros mayores tambi\u00e9n se ven afectados por problemas de movilidad.<\/p>\n<h3>Valor nutricional<\/h3>\n<p>MOBILITIES contiene una cantidad importante de glucosamina vegana que puede ayudar a mantener y apoyar la salud de las articulaciones. Estos snacks en grasas y muy bien tolerados, incluso por perros nutricionalmente sensibles. La receta est\u00e1 elaborada con una base de patatas, proporciona prote\u00ednas e hidratos de carbono de f\u00e1cil digesti\u00f3n, as\u00ed como valiosos minerales como el potasio y el magnesio. Pero no solamente tiene utilidad sino que MOBILITIES tiene un sabor intenso y con un gran poder umami palatable gracias a la levadura de cerveza y el apio arom\u00e1tico.<\/p>\n<h3>100% veg\u00e0<\/h3>\n<p>Como queremos proteger a todos los animales, los snacks VEGDOG no s\u00f3lo no contienen ingredientes animales, sino que no han sido testados con animales. Tampoco contienen atrayentes y colorantes.<\/p>\n<p>Debes guardar los MOBILITIES en un lugar fresco y seco. Despu\u00e9s de abrirlo, ci\u00e9rralo de nuevo herm\u00e9ticamente para evitar que se seque.<\/p>\n<p>&nbsp;<\/p>","protected":false},"excerpt":{"rendered":"<p>MOBILITIES MINI de VEGDOG es el nuevo formato de los ya cl\u00e1sicos Mobilities. Con esta nueva versi\u00f3n, podr\u00e1s usarlos tambi\u00e9n para entrenamientos o premios. Para la mejora de las articulaciones tanto en perros que hacen mucho ejercicio como en perros que necesitan un soporte extra. Un masticable bajo en grasas con una receta muy cuidada llena de umami. Disponible en envases de 115g.<\/p>","protected":false},"featured_media":32534,"comment_status":"open","ping_status":"closed","template":"","meta":[],"product_brand":[619],"product_cat":[509,525],"product_tag":[511,512,526,513,527,528,537,529,516,517,536,519,520,522,524],"class_list":{"0":"post-32532","1":"product","2":"type-product","3":"status-publish","4":"has-post-thumbnail","6":"product_brand-vegdog","7":"product_cat-perros","8":"product_cat-snacks-perros","9":"product_tag-1-especie-perro","10":"product_tag-2-edad-adulto","11":"product_tag-2-edad-puppy-cachorro","12":"product_tag-2-edad-senior","13":"product_tag-3-producto-receta-complementaria","14":"product_tag-3-producto-snack","15":"product_tag-4-propiedades-articular","16":"product_tag-4-propiedades-bajo-en-grasa","17":"product_tag-4-propiedades-dieta-de-eliminacion","18":"product_tag-4-propiedades-estomago-sensible","19":"product_tag-4-propiedades-mini","20":"product_tag-5-alergenos-sin-gluten","21":"product_tag-5-alergenos-sin-maiz","22":"product_tag-5-alergenos-sin-soja","23":"product_tag-7-otros-marca-100-vegana","25":"first","26":"instock","27":"taxable","28":"shipping-taxable","29":"purchasable","30":"product-type-simple"},"supplier_id":30161,"supplier_sku":"","barcode":null,"atum_controlled":true,"out_stock_date":null,"out_stock_threshold":null,"inheritable":false,"inbound_stock":0,"stock_on_hold":1,"sold_today":0,"sales_last_days":0,"reserved_stock":0,"customer_returns":0,"warehouse_damage":0,"lost_in_post":0,"other_logs":0,"out_stock_days":0,"lost_sales":0,"has_location":false,"update_date":"2026-04-08T20:34:45","atum_locations":[],"atum_stock_status":"instock","restock_status":false,"low_stock_amount":2,"sales_update_date":"2026-04-08T20:34:45","calc_backorders":null,"_links":{"self":[{"href":"https:\/\/pinkpeas.es\/ca\/wp-json\/wp\/v2\/product\/32532","targetHints":{"allow":["GET"]}}],"collection":[{"href":"https:\/\/pinkpeas.es\/ca\/wp-json\/wp\/v2\/product"}],"about":[{"href":"https:\/\/pinkpeas.es\/ca\/wp-json\/wp\/v2\/types\/product"}],"replies":[{"embeddable":true,"href":"https:\/\/pinkpeas.es\/ca\/wp-json\/wp\/v2\/comments?post=32532"}],"wp:featuredmedia":[{"embeddable":true,"href":"https:\/\/pinkpeas.es\/ca\/wp-json\/wp\/v2\/media\/32534"}],"wp:attachment":[{"href":"https:\/\/pinkpeas.es\/ca\/wp-json\/wp\/v2\/media?parent=32532"}],"wp:term":[{"taxonomy":"product_brand","embeddable":true,"href":"https:\/\/pinkpeas.es\/ca\/wp-json\/wp\/v2\/product_brand?post=32532"},{"taxonomy":"product_cat","embeddable":true,"href":"https:\/\/pinkpeas.es\/ca\/wp-json\/wp\/v2\/product_cat?post=32532"},{"taxonomy":"product_tag","embeddable":true,"href":"https:\/\/pinkpeas.es\/ca\/wp-json\/wp\/v2\/product_tag?post=32532"}],"curies":[{"name":"wp","href":"https:\/\/api.w.org\/{rel}","templated":true}]}}