{"id":32521,"date":"2025-10-24T22:51:12","date_gmt":"2025-10-24T20:51:12","guid":{"rendered":"https:\/\/pinkpeas.es\/?post_type=product&#038;p=32521"},"modified":"2026-05-05T18:01:35","modified_gmt":"2026-05-05T16:01:35","slug":"plantz-harvest-blend-no-ternera-en-salsa-para-perros-400g","status":"publish","type":"product","link":"https:\/\/pinkpeas.es\/ca\/producte\/plantz-harvest-blend-no-ternera-en-salsa-para-perros-400g\/","title":{"rendered":"PLANTZ \u00abNo-Ternera\u00bb en salsa para perros receta hipoalerg\u00e9nica 400g"},"content":{"rendered":"<p><strong>NO-TERNERA EN SALSA<\/strong> es un alimento completo y vegano de la gama Harvest Blend dise\u00f1ado para perros adultos a partir de 12 meses (y apto para gatos!). Su receta es <strong>hipoalerg\u00e9nica<\/strong> y contiene<strong> prote\u00ednas de alta calidad, f\u00e1cil digesti\u00f3n y una textura incre\u00edble<\/strong> y \u00fanica. Al ser una receta completa contiene todos los nutrientes que necesita un perro para estar sano siendo una buena opci\u00f3n tanto como alimentaci\u00f3n principal como para complementar su dieta habitual.<\/p>\n<p>PLANTZ ha desarrollado sus daditos de prote\u00edna vegetal con una <strong>textura muy parecida a la carne<\/strong> que le da a sus recetas h\u00famedas una calidad y palatabilidad \u00fanicas. Los daditos de prote\u00edna vegetal PLANTZ son perfectos para masticar, tiernos, jugosos y llenos de sabor. La l\u00ednea Harvest Blend est\u00e1 creada a partir de prote\u00ednas de alta calidad e <strong>hipoalerg\u00e9nicas: guisante, haba verde y patata.<\/strong><\/p>\n<p>La receta de NO-TERNERA EN SALSA incluye tambi\u00e9n vegetales como <strong>jud\u00eda verde y boniato<\/strong> para completar una receta jugosa y con un gran sabor. Su <strong>textura es la m\u00e1s l\u00edquida<\/strong> de las recetas h\u00famedas PLANTZ, un guiso de \u00abcarne\u00bb y verduras en toda regla!<\/p>\n<p>&nbsp;<\/p>","protected":false},"excerpt":{"rendered":"<p>NO-TERNERA EN SALSA es la nueva linea hipoalerg\u00e9nica de comida h\u00fameda PLANTZ. Una receta completa y muy palatable dise\u00f1ada para todos los tama\u00f1os de perros (y apta para gatos), con una textura innovadora de trocitos de \u00abcarne\u00bb vegetal en salsa. Disponible en envases de 400g.<\/p>","protected":false},"featured_media":32523,"comment_status":"open","ping_status":"closed","template":"","meta":[],"product_brand":[618],"product_cat":[555,530,509],"product_tag":[541,511,512,513,531,515,516,517,532,536,518,519,520,522,556,524],"class_list":{"0":"post-32521","1":"product","2":"type-product","3":"status-publish","4":"has-post-thumbnail","6":"product_brand-plantz","7":"product_cat-comida-humeda-gatos","8":"product_cat-comida-humeda-perros","9":"product_cat-perros","10":"product_tag-1-especie-gato","11":"product_tag-1-especie-perro","12":"product_tag-2-edad-adulto","13":"product_tag-2-edad-senior","14":"product_tag-3-producto-alimento-humedo","15":"product_tag-3-producto-receta-completa","16":"product_tag-4-propiedades-dieta-de-eliminacion","17":"product_tag-4-propiedades-estomago-sensible","18":"product_tag-4-propiedades-gastrointestinal","19":"product_tag-4-propiedades-mini","20":"product_tag-5-alergenos-sin-cereales","21":"product_tag-5-alergenos-sin-gluten","22":"product_tag-5-alergenos-sin-maiz","23":"product_tag-5-alergenos-sin-soja","24":"product_tag-6-textura-gelatina","25":"product_tag-7-otros-marca-100-vegana","27":"first","28":"instock","29":"taxable","30":"shipping-taxable","31":"purchasable","32":"product-type-simple"},"supplier_id":32489,"supplier_sku":"","barcode":null,"atum_controlled":true,"out_stock_date":null,"out_stock_threshold":null,"inheritable":false,"inbound_stock":0,"stock_on_hold":12,"sold_today":0,"sales_last_days":22,"reserved_stock":0,"customer_returns":0,"warehouse_damage":0,"lost_in_post":0,"other_logs":0,"out_stock_days":0,"lost_sales":0,"has_location":false,"update_date":"2026-05-05T16:00:25","atum_locations":[],"atum_stock_status":"instock","restock_status":false,"low_stock_amount":10,"sales_update_date":"2026-05-05T16:00:25","calc_backorders":null,"_links":{"self":[{"href":"https:\/\/pinkpeas.es\/ca\/wp-json\/wp\/v2\/product\/32521","targetHints":{"allow":["GET"]}}],"collection":[{"href":"https:\/\/pinkpeas.es\/ca\/wp-json\/wp\/v2\/product"}],"about":[{"href":"https:\/\/pinkpeas.es\/ca\/wp-json\/wp\/v2\/types\/product"}],"replies":[{"embeddable":true,"href":"https:\/\/pinkpeas.es\/ca\/wp-json\/wp\/v2\/comments?post=32521"}],"wp:featuredmedia":[{"embeddable":true,"href":"https:\/\/pinkpeas.es\/ca\/wp-json\/wp\/v2\/media\/32523"}],"wp:attachment":[{"href":"https:\/\/pinkpeas.es\/ca\/wp-json\/wp\/v2\/media?parent=32521"}],"wp:term":[{"taxonomy":"product_brand","embeddable":true,"href":"https:\/\/pinkpeas.es\/ca\/wp-json\/wp\/v2\/product_brand?post=32521"},{"taxonomy":"product_cat","embeddable":true,"href":"https:\/\/pinkpeas.es\/ca\/wp-json\/wp\/v2\/product_cat?post=32521"},{"taxonomy":"product_tag","embeddable":true,"href":"https:\/\/pinkpeas.es\/ca\/wp-json\/wp\/v2\/product_tag?post=32521"}],"curies":[{"name":"wp","href":"https:\/\/api.w.org\/{rel}","templated":true}]}}