{"id":32496,"date":"2025-10-24T09:56:42","date_gmt":"2025-10-24T07:56:42","guid":{"rendered":"https:\/\/pinkpeas.es\/?post_type=product&#038;p=32496"},"modified":"2026-05-02T15:53:00","modified_gmt":"2026-05-02T13:53:00","slug":"plantz-garden-goodness-no-ternera-en-salsa-para-perros-380g","status":"publish","type":"product","link":"https:\/\/pinkpeas.es\/ca\/producte\/plantz-garden-goodness-no-ternera-en-salsa-para-perros-380g\/","title":{"rendered":"PLANTZ Garden Goodness \u00abNo-Ternera\u00bb en salsa para perros 380g"},"content":{"rendered":"<p><strong>NO-TERNERA EN SALSA<\/strong> es un alimento completo y vegano dise\u00f1ado para perros adultos a partir de 12 meses (y apto para gatos!). Su receta es muy <strong>f\u00e1cil de digerir, baja en grasa y con una textura incre\u00edble<\/strong> y \u00fanica. Al ser una receta completa contiene todos los nutrientes que necesita un perro para estar sano siendo una buena opci\u00f3n tanto como alimentaci\u00f3n principal como para complementar su dieta habitual.<\/p>\n<p>PLANTZ ha desarrollado sus daditos de prote\u00edna vegetal con una <strong>textura muy parecida a la carne<\/strong> que le da a sus recetas h\u00famedas una calidad y palatabilidad \u00fanicas. Los daditos de prote\u00edna vegetal PLANTZ son perfectos para masticar, tiernos, jugosos y llenos de sabor.<\/p>\n<p>La receta de NO-TERNERA EN SALSA incluye tambi\u00e9n una mezcla de pasta y vegetales como calabaza, calabac\u00edn y pera. Con c\u00e1scaras de psyllium para <strong>mejorar el tr\u00e1nsito intestinal<\/strong> y una mezcla de aceite de c\u00e1rtamo y linaza rica en antioxidantes y Omega 3 y 6 que contribuyen a la <strong>salud cardiovascular<\/strong>.<\/p>\n<p>Su <strong>textura es la m\u00e1s cremosa<\/strong> de las recetas h\u00famedas PLANTZ gracias a la pasta que incorpora, un plato al estilo italiano suave y sabroso!<\/p>\n<h3>Embalaje sostenible<\/h3>\n<p>Envasado en un Tetra Pak sostenible, deja una huella verde: gracias a su forma pr\u00e1ctica, los Tetra Paks se pueden empaquetar herm\u00e9ticamente durante el transporte, de modo que se emite un 91 % menos de CO2. Adem\u00e1s, el embalaje se compone en un 70% de materias primas renovables. Despu\u00e9s de su uso, se puede plegar para que apenas ocupe espacio en la basura. Esto significa que el Tetra Pak tiene un equilibrio ecol\u00f3gico cinco veces mejor que el envase convencional. Adem\u00e1s, su manipulaci\u00f3n es muy sencilla e higi\u00e9nica y no ofrece ning\u00fan riesgo de lesiones en comparaci\u00f3n con una lata.<\/p>","protected":false},"excerpt":{"rendered":"<p>NO-TERNERA es uno de los productos m\u00e1s rompedores de PLANTZ en comida h\u00fameda. Una receta completa y muy palatable dise\u00f1ada para todos los tama\u00f1os de perros (y apta para gatos), con una textura innovadora de trocitos de \u00abcarne\u00bb vegetal en salsa. En un envase optimizado para poder usarlo en casi cualquier lugar, con abref\u00e1cil. Disponible en envases de 380g.<\/p>","protected":false},"featured_media":32507,"comment_status":"open","ping_status":"closed","template":"","meta":[],"product_brand":[618],"product_cat":[555,530,509],"product_tag":[541,511,512,580,526,513,531,515,517,532,536,524],"class_list":{"0":"post-32496","1":"product","2":"type-product","3":"status-publish","4":"has-post-thumbnail","6":"product_brand-plantz","7":"product_cat-comida-humeda-gatos","8":"product_cat-comida-humeda-perros","9":"product_cat-perros","10":"product_tag-1-especie-gato","11":"product_tag-1-especie-perro","12":"product_tag-2-edad-adulto","13":"product_tag-2-edad-junior-otras-especies","14":"product_tag-2-edad-puppy-cachorro","15":"product_tag-2-edad-senior","16":"product_tag-3-producto-alimento-humedo","17":"product_tag-3-producto-receta-completa","18":"product_tag-4-propiedades-estomago-sensible","19":"product_tag-4-propiedades-gastrointestinal","20":"product_tag-4-propiedades-mini","21":"product_tag-7-otros-marca-100-vegana","23":"first","24":"instock","25":"sale","26":"taxable","27":"shipping-taxable","28":"purchasable","29":"product-type-simple"},"supplier_id":32489,"supplier_sku":"","barcode":null,"atum_controlled":true,"out_stock_date":null,"out_stock_threshold":null,"inheritable":false,"inbound_stock":0,"stock_on_hold":19,"sold_today":0,"sales_last_days":30,"reserved_stock":0,"customer_returns":0,"warehouse_damage":0,"lost_in_post":0,"other_logs":0,"out_stock_days":0,"lost_sales":0,"has_location":false,"update_date":"2026-05-04T15:26:54","atum_locations":[],"atum_stock_status":"instock","restock_status":false,"low_stock_amount":10,"sales_update_date":"2026-05-04T15:26:54","calc_backorders":null,"_links":{"self":[{"href":"https:\/\/pinkpeas.es\/ca\/wp-json\/wp\/v2\/product\/32496","targetHints":{"allow":["GET"]}}],"collection":[{"href":"https:\/\/pinkpeas.es\/ca\/wp-json\/wp\/v2\/product"}],"about":[{"href":"https:\/\/pinkpeas.es\/ca\/wp-json\/wp\/v2\/types\/product"}],"replies":[{"embeddable":true,"href":"https:\/\/pinkpeas.es\/ca\/wp-json\/wp\/v2\/comments?post=32496"}],"wp:featuredmedia":[{"embeddable":true,"href":"https:\/\/pinkpeas.es\/ca\/wp-json\/wp\/v2\/media\/32507"}],"wp:attachment":[{"href":"https:\/\/pinkpeas.es\/ca\/wp-json\/wp\/v2\/media?parent=32496"}],"wp:term":[{"taxonomy":"product_brand","embeddable":true,"href":"https:\/\/pinkpeas.es\/ca\/wp-json\/wp\/v2\/product_brand?post=32496"},{"taxonomy":"product_cat","embeddable":true,"href":"https:\/\/pinkpeas.es\/ca\/wp-json\/wp\/v2\/product_cat?post=32496"},{"taxonomy":"product_tag","embeddable":true,"href":"https:\/\/pinkpeas.es\/ca\/wp-json\/wp\/v2\/product_tag?post=32496"}],"curies":[{"name":"wp","href":"https:\/\/api.w.org\/{rel}","templated":true}]}}