{"id":32483,"date":"2025-10-23T23:15:44","date_gmt":"2025-10-23T21:15:44","guid":{"rendered":"https:\/\/pinkpeas.es\/?post_type=product&#038;p=32483"},"modified":"2026-03-24T17:15:26","modified_gmt":"2026-03-24T16:15:26","slug":"plantz-garden-goodness-adult-pienso-para-perros-adultos-con-yucca-y-chlorella","status":"publish","type":"product","link":"https:\/\/pinkpeas.es\/ca\/producte\/plantz-garden-goodness-adult-pienso-para-perros-adultos-con-yucca-y-chlorella\/","title":{"rendered":"Plantz Garden Goodness Adult | Pienso para perros adultos con yucca y chlorella"},"content":{"rendered":"<p><strong>Garden Goodness de PLANTZ<\/strong>\u00a0es un <strong>pienso vegano para perros de 1 a 7 a\u00f1os nutricionalmente completo y equilibrado<\/strong>. Su f\u00f3rmula aprobada por veterinarios es de f\u00e1cil digesti\u00f3n, hipoalerg\u00e9nica y adecuada para perros con intolerancias a prote\u00ednas animales. Contiene una mezcla equilibrada de <strong>prote\u00ednas vegetales de gran calidad<\/strong>, incluyendo prote\u00edna de patata, guisantes y pipas de girasol, adem\u00e1s de <strong>microalgas y yucca<\/strong>. Tambi\u00e9n incorpora una mezcla de verduras como zanahoria, calabaza y remolacha, sin olvidar una buena cantidad de levadura de cerveza. Su especial mezcla de aceites contribuye a un buen aporte de Omega 3 y 6 con aceite de c\u00e1\u00f1amo, colza, lino, pipa de uva y onagra.<\/p>\n<h3>Adecuado para<\/h3>\n<p><strong>Garden Goodness de PLANTZ<\/strong> es adecuado para perros que requieren una dieta baja en al\u00e9rgenos. Gracias a la yucca contribuye al control de la presi\u00f3n arterial y, junto a la chlorella favorecen la funci\u00f3n renal y hep\u00e1tica. <strong>La levadura de cerveza, la prote\u00edna de patata y la ra\u00edz de achicoria sirven como fuente de prebi\u00f3ticos para lograr est\u00f3magos sanos y felices.<\/strong><\/p>\n<p>Este pienso <strong>no contiene soja, gluten, OGM, trigo, cereales, rellenos, aditivos, colorantes ni conservantes.<\/strong> Es un alimento completo para perros de 1 a 7 a\u00f1os, para perros de m\u00e1s de 7 a\u00f1os existe la versi\u00f3n Senior.<\/p>\n<p>Almacena el saco bien cerrado o en un contenedor que pueda cerrarse adecuadamente, en un lugar fresco y seco.<\/p>\n<p>&nbsp;<\/p>","protected":false},"excerpt":{"rendered":"<p>Garden Goodness Adult con Yucca y Chlorella de PLANTZ es un pienso vegano completo y de alta calidad para perros adultos. Es hipoalerg\u00e9nico, de f\u00e1cil digesti\u00f3n y contiene una mezcla equilibrada de prote\u00ednas de calidad. Disponible en sacos de 5kg y 10kg.<\/p>","protected":false},"featured_media":32490,"comment_status":"open","ping_status":"closed","template":"","meta":[],"product_brand":[618,622],"product_cat":[510,509],"product_tag":[511,512,580,515,529,559,516,517,532,548,544,519,522],"class_list":{"0":"post-32483","1":"product","2":"type-product","3":"status-publish","4":"has-post-thumbnail","6":"product_brand-plantz","7":"product_brand-weego","8":"product_cat-comida-seca-perros","9":"product_cat-perros","10":"product_tag-1-especie-perro","11":"product_tag-2-edad-adulto","12":"product_tag-2-edad-junior-otras-especies","13":"product_tag-3-producto-receta-completa","14":"product_tag-4-propiedades-bajo-en-grasa","15":"product_tag-4-propiedades-bajo-en-purinas","16":"product_tag-4-propiedades-dieta-de-eliminacion","17":"product_tag-4-propiedades-estomago-sensible","18":"product_tag-4-propiedades-gastrointestinal","19":"product_tag-4-propiedades-hipoalergenico","20":"product_tag-4-propiedades-piel-sensible","21":"product_tag-5-alergenos-sin-gluten","22":"product_tag-5-alergenos-sin-soja","24":"first","25":"instock","26":"taxable","27":"shipping-taxable","28":"purchasable","29":"product-type-variable"},"supplier_id":null,"supplier_sku":"","barcode":null,"atum_controlled":true,"out_stock_date":null,"out_stock_threshold":null,"inheritable":true,"inbound_stock":0,"stock_on_hold":1,"sold_today":0,"sales_last_days":1,"reserved_stock":0,"customer_returns":0,"warehouse_damage":0,"lost_in_post":0,"other_logs":0,"out_stock_days":null,"lost_sales":0,"has_location":false,"update_date":"2026-04-02T11:44:13","atum_locations":[],"atum_stock_status":"instock","restock_status":false,"low_stock_amount":"","sales_update_date":"2026-03-30T21:08:28","calc_backorders":null,"_links":{"self":[{"href":"https:\/\/pinkpeas.es\/ca\/wp-json\/wp\/v2\/product\/32483","targetHints":{"allow":["GET"]}}],"collection":[{"href":"https:\/\/pinkpeas.es\/ca\/wp-json\/wp\/v2\/product"}],"about":[{"href":"https:\/\/pinkpeas.es\/ca\/wp-json\/wp\/v2\/types\/product"}],"replies":[{"embeddable":true,"href":"https:\/\/pinkpeas.es\/ca\/wp-json\/wp\/v2\/comments?post=32483"}],"wp:featuredmedia":[{"embeddable":true,"href":"https:\/\/pinkpeas.es\/ca\/wp-json\/wp\/v2\/media\/32490"}],"wp:attachment":[{"href":"https:\/\/pinkpeas.es\/ca\/wp-json\/wp\/v2\/media?parent=32483"}],"wp:term":[{"taxonomy":"product_brand","embeddable":true,"href":"https:\/\/pinkpeas.es\/ca\/wp-json\/wp\/v2\/product_brand?post=32483"},{"taxonomy":"product_cat","embeddable":true,"href":"https:\/\/pinkpeas.es\/ca\/wp-json\/wp\/v2\/product_cat?post=32483"},{"taxonomy":"product_tag","embeddable":true,"href":"https:\/\/pinkpeas.es\/ca\/wp-json\/wp\/v2\/product_tag?post=32483"}],"curies":[{"name":"wp","href":"https:\/\/api.w.org\/{rel}","templated":true}]}}