{"id":32472,"date":"2025-10-21T01:00:45","date_gmt":"2025-10-20T23:00:45","guid":{"rendered":"https:\/\/pinkpeas.es\/?post_type=product&#038;p=32472"},"modified":"2026-04-02T23:10:42","modified_gmt":"2026-04-02T21:10:42","slug":"arena-aglomerante-de-bentonita-con-carbon-activo-weego","status":"publish","type":"product","link":"https:\/\/pinkpeas.es\/ca\/producte\/arena-aglomerante-de-bentonita-con-carbon-activo-weego\/","title":{"rendered":"Arena aglomerante de bentonita con Carb\u00f3n Activo &#8211; Weego"},"content":{"rendered":"<p data-start=\"179\" data-end=\"460\">La <strong data-start=\"182\" data-end=\"230\">arena aglomerante con Carb\u00f3n Activo de Weego<\/strong> es una opci\u00f3n de alta calidad, hipoalerg\u00e9nica y sin olores a\u00f1adidos. Formada por arena de bentonita y gr\u00e1nulos de carb\u00f3n activado, no se pega a las patas de tu gato y es apta para gatitos.<\/p>\n<p data-start=\"179\" data-end=\"460\">El carb\u00f3n activo contribuye a la reducci\u00f3n del olor en el arenero, adem\u00e1s de no generar polvo siendo una buena opci\u00f3n para gatos con problemas respiratorios.<\/p>\n<p data-start=\"1504\" data-end=\"1758\"><strong data-start=\"1504\" data-end=\"1522\">Consejo de uso<\/strong><br data-start=\"1522\" data-end=\"1525\" \/>Coloca una capa de al menos 7 cm en la bandeja, retira los grumos a diario y reempl\u00e1zala cada 2\u20133 semanas, o seg\u00fan lo veas necesario.<\/p>\n<p data-start=\"1504\" data-end=\"1758\">5L de arena de bentonita con Carb\u00f3n Activo duran aproximadamente 30 d\u00edas para un gato, 15 d\u00edas para 2 gatos y 10 d\u00edas para 3 gatos.<\/p>","protected":false},"excerpt":{"rendered":"<p>La <strong data-start=\"1802\" data-end=\"1850\">arena aglomerante<\/strong> de bentonita con<strong data-start=\"1802\" data-end=\"1850\"> Carb\u00f3n Activo de Weego <\/strong>es una opci\u00f3n de larga duraci\u00f3n, sin polvo y apta para gatitos. Aglutina r\u00e1pido, el carb\u00f3n activo ayuda a controlar los olores y no lleva perfumes a\u00f1adidos. No se pega a las patas. Disponible en sacos de 5L y 15L.<\/p>\n<p>&nbsp;<\/p>","protected":false},"featured_media":32628,"comment_status":"open","ping_status":"closed","template":"","meta":[],"product_brand":[622],"product_cat":[538,575],"product_tag":[541,553,576,548],"class_list":{"0":"post-32472","1":"product","2":"type-product","3":"status-publish","4":"has-post-thumbnail","6":"product_brand-weego","7":"product_cat-gatos","8":"product_cat-higiene-gatos","9":"product_tag-1-especie-gato","10":"product_tag-2-edad-kitten-gatito","11":"product_tag-3-producto-higiene","12":"product_tag-4-propiedades-hipoalergenico","14":"first","15":"outofstock","16":"taxable","17":"shipping-taxable","18":"purchasable","19":"product-type-variable"},"supplier_id":30152,"supplier_sku":"","barcode":null,"atum_controlled":true,"out_stock_date":"2025-10-21 01:00:45","out_stock_threshold":null,"inheritable":true,"inbound_stock":0,"stock_on_hold":0,"sold_today":0,"sales_last_days":0,"reserved_stock":0,"customer_returns":0,"warehouse_damage":0,"lost_in_post":0,"other_logs":0,"out_stock_days":70,"lost_sales":0,"has_location":false,"update_date":"2026-04-02T21:10:31","atum_locations":[],"atum_stock_status":"outofstock","restock_status":false,"low_stock_amount":"","sales_update_date":"2026-04-02T21:10:31","calc_backorders":null,"_links":{"self":[{"href":"https:\/\/pinkpeas.es\/ca\/wp-json\/wp\/v2\/product\/32472","targetHints":{"allow":["GET"]}}],"collection":[{"href":"https:\/\/pinkpeas.es\/ca\/wp-json\/wp\/v2\/product"}],"about":[{"href":"https:\/\/pinkpeas.es\/ca\/wp-json\/wp\/v2\/types\/product"}],"replies":[{"embeddable":true,"href":"https:\/\/pinkpeas.es\/ca\/wp-json\/wp\/v2\/comments?post=32472"}],"wp:featuredmedia":[{"embeddable":true,"href":"https:\/\/pinkpeas.es\/ca\/wp-json\/wp\/v2\/media\/32628"}],"wp:attachment":[{"href":"https:\/\/pinkpeas.es\/ca\/wp-json\/wp\/v2\/media?parent=32472"}],"wp:term":[{"taxonomy":"product_brand","embeddable":true,"href":"https:\/\/pinkpeas.es\/ca\/wp-json\/wp\/v2\/product_brand?post=32472"},{"taxonomy":"product_cat","embeddable":true,"href":"https:\/\/pinkpeas.es\/ca\/wp-json\/wp\/v2\/product_cat?post=32472"},{"taxonomy":"product_tag","embeddable":true,"href":"https:\/\/pinkpeas.es\/ca\/wp-json\/wp\/v2\/product_tag?post=32472"}],"curies":[{"name":"wp","href":"https:\/\/api.w.org\/{rel}","templated":true}]}}