{"id":31849,"date":"2025-07-03T10:30:56","date_gmt":"2025-07-03T08:30:56","guid":{"rendered":"https:\/\/pinkpeas.es\/?post_type=product&#038;p=31849"},"modified":"2026-03-16T18:06:29","modified_gmt":"2026-03-16T17:06:29","slug":"wrap-a-pill-pasta-para-medicaciones","status":"publish","type":"product","link":"https:\/\/pinkpeas.es\/ca\/producte\/wrap-a-pill-pasta-para-medicaciones\/","title":{"rendered":"WRAP A PILL Pasta para medicaciones de perro y gato"},"content":{"rendered":"<p><strong>WRAP A PILL<\/strong> es una pasta moldeable de calidad excelente, dise\u00f1ada para ocultar y administrar comprimidos a perros y gatos gracias a su alta palatabilidad.<\/p>\n<p>Su <strong>aroma a bacon<\/strong> resulta altamente apetecible, facilitando la toma de medicaci\u00f3n incluso en animales exigentes. Textura flexible, no se pega a las manos. Sin conservantes artificiales ni az\u00facares a\u00f1adidos.<\/p>\n<p>F\u00e1cil de dividir y moldear seg\u00fan el tama\u00f1o del comprimido. Apto para todas las razas y edades.<\/p>\n<p>Envase de 119g.<\/p>\n<p>&nbsp;<\/p>","protected":false},"excerpt":{"rendered":"<p>WRAP A PILL es una pasta suave de alta calidad con irresistible aroma a bacon e ingredientes 100% vegetales. Con una palatabilidad excelente es perfecta para envolver y administrar pastillas a tu compa\u00f1ero animal sin estr\u00e9s. Ideal para garantizar la toma de medicamentos de forma f\u00e1cil y apetitosa en perros y gatos.<\/p>\n<p>&nbsp;<\/p>","protected":false},"featured_media":31893,"comment_status":"open","ping_status":"closed","template":"","meta":[],"product_brand":[],"product_cat":[538,509,539,540],"product_tag":[541,511,512,526,513,542,519,520,521,522,524],"class_list":{"0":"post-31849","1":"product","2":"type-product","3":"status-publish","4":"has-post-thumbnail","6":"product_cat-gatos","7":"product_cat-perros","8":"product_cat-suplementacion-gatos","9":"product_cat-suplementacion-perros","10":"product_tag-1-especie-gato","11":"product_tag-1-especie-perro","12":"product_tag-2-edad-adulto","13":"product_tag-2-edad-puppy-cachorro","14":"product_tag-2-edad-senior","15":"product_tag-3-producto-nutraceutico-suplemento","16":"product_tag-5-alergenos-sin-gluten","17":"product_tag-5-alergenos-sin-maiz","18":"product_tag-5-alergenos-sin-patata","19":"product_tag-5-alergenos-sin-soja","20":"product_tag-7-otros-marca-100-vegana","22":"first","23":"outofstock","24":"taxable","25":"shipping-taxable","26":"purchasable","27":"product-type-simple"},"supplier_id":30165,"supplier_sku":"","barcode":null,"atum_controlled":true,"out_stock_date":"2026-03-16 18:06:30","out_stock_threshold":null,"inheritable":false,"inbound_stock":0,"stock_on_hold":2,"sold_today":0,"sales_last_days":0,"reserved_stock":0,"customer_returns":0,"warehouse_damage":0,"lost_in_post":0,"other_logs":0,"out_stock_days":43,"lost_sales":288,"has_location":false,"update_date":"2026-04-28T20:57:46","atum_locations":[],"atum_stock_status":"outofstock","restock_status":false,"low_stock_amount":1,"sales_update_date":"2026-04-28T20:57:46","calc_backorders":null,"_links":{"self":[{"href":"https:\/\/pinkpeas.es\/ca\/wp-json\/wp\/v2\/product\/31849","targetHints":{"allow":["GET"]}}],"collection":[{"href":"https:\/\/pinkpeas.es\/ca\/wp-json\/wp\/v2\/product"}],"about":[{"href":"https:\/\/pinkpeas.es\/ca\/wp-json\/wp\/v2\/types\/product"}],"replies":[{"embeddable":true,"href":"https:\/\/pinkpeas.es\/ca\/wp-json\/wp\/v2\/comments?post=31849"}],"wp:featuredmedia":[{"embeddable":true,"href":"https:\/\/pinkpeas.es\/ca\/wp-json\/wp\/v2\/media\/31893"}],"wp:attachment":[{"href":"https:\/\/pinkpeas.es\/ca\/wp-json\/wp\/v2\/media?parent=31849"}],"wp:term":[{"taxonomy":"product_brand","embeddable":true,"href":"https:\/\/pinkpeas.es\/ca\/wp-json\/wp\/v2\/product_brand?post=31849"},{"taxonomy":"product_cat","embeddable":true,"href":"https:\/\/pinkpeas.es\/ca\/wp-json\/wp\/v2\/product_cat?post=31849"},{"taxonomy":"product_tag","embeddable":true,"href":"https:\/\/pinkpeas.es\/ca\/wp-json\/wp\/v2\/product_tag?post=31849"}],"curies":[{"name":"wp","href":"https:\/\/api.w.org\/{rel}","templated":true}]}}