{"id":28473,"date":"2025-04-03T15:55:23","date_gmt":"2025-04-03T13:55:23","guid":{"rendered":"https:\/\/seosemia.es\/clientes\/pinkpeas-nueva\/?post_type=product&#038;p=28473"},"modified":"2026-04-03T18:20:28","modified_gmt":"2026-04-03T16:20:28","slug":"vegdog-10x-adult-tetrapak-guisantes-y-avena-para-perros-390g","status":"publish","type":"product","link":"https:\/\/pinkpeas.es\/ca\/producte\/vegdog-10x-adult-tetrapak-guisantes-y-avena-para-perros-390g\/","title":{"rendered":"VEGDOG 10x Adult Tetrapak Guisantes y Avena para perros 390g"},"content":{"rendered":"<p><strong>ADULT TETRA PAK<\/strong> es un alimento completo y vegano apto para perros adultos a partir de 12 meses con mucho apetito\u2026no importa lo grandes o peque\u00f1os que se sientan! Que sea una receta completa implica proporcionar todos los nutrientes vitales, as\u00ed que puedes alimentar a diario a tu compa\u00f1ero con ella. ADULT TETRAPAK cubre totalmente las necesidades de tu animal sin recurrir a ingredientes de origen animal. Estas recetas no est\u00e1n probadas en animales ni contienen atrayentes, colorantes ni conservantes. Los ingredientes cumplen con los m\u00e1s altos est\u00e1ndares de calidad.<\/p>\n<h3>Fuente principales de prote\u00ednas<\/h3>\n<p>Contiene fuentes de prote\u00ednas alternativas, por lo que tambi\u00e9n es adecuado para perros con alergias. Para cubrir adecuadamente las necesidades proteicas la receta contiene copos de avena, prote\u00ednas de altramuz y guisantes. Estas valiosas fuentes de prote\u00ednas tienen un perfil de amino\u00e1cidos \u00f3ptimo para la nutrici\u00f3n canina por lo que ayuda a fortalecer los m\u00fasculos. Las semillas de lino y las algas a\u00f1adidas proporcionan \u00e1cidos grasos esenciales omega-3 y omega-6. El polvo mineral desarrollado para las recetas de VEGDOG proporciona otros micronutrientes vitales como B12, taurina y carnitina, complementa los ingredientes saludables de las patatas, br\u00f3coli y guisantes. La mezcla secreta de levadura completa la receta y evoca un sabor intenso y arom\u00e1tico de forma 100% natural elevando la palatabilidad al m\u00e1ximo.<\/p>\n<h3>No apto para<\/h3>\n<p>VEGDOG ADULT en Tetra Pak <strong>no es adecuado para cachorros y perras lactantes<\/strong>, ya que tienen mayores necesidades de nutrientes y energ\u00eda.<\/p>\n<h3>Embalaje sostenible<\/h3>\n<p>Envasado en un Tetra Pak sostenible, deja una huella verde: gracias a su forma pr\u00e1ctica, los Tetra Paks se pueden empaquetar herm\u00e9ticamente durante el transporte, de modo que se emite un 91 % menos de CO2. Adem\u00e1s, el embalaje se compone en un 70% de materias primas renovables. Despu\u00e9s de su uso, se puede plegar para que apenas ocupe espacio en la basura. Esto significa que el Tetra Pak tiene un equilibrio ecol\u00f3gico cinco veces mejor que el envase convencional. Adem\u00e1s, su manipulaci\u00f3n es muy sencilla e higi\u00e9nica y no ofrece ning\u00fan riesgo de lesiones en comparaci\u00f3n con una lata.<\/p>\n<h3>Recomendaciones<\/h3>\n<p>Las recomendaciones de alimentaci\u00f3n son s\u00f3lo pautas; las necesidades de cada perro pueden variar. En el caso de un cambio de dieta debe hacerse lentamente durante al menos 3 semanas. Reducir progresivamente la comida habitual y sustituir la cantidad por la variedad VEGDOG elegida. Para perros sensibles a los alimentos, conviene alargar un poco m\u00e1s el proceso a como m\u00ednimo 4 semanas. Es importante tener en cuenta que en las primeras semanas despu\u00e9s del cambio puede haber un cambio en la cantidad y consistencia de las heces, as\u00ed como un aumento de la formaci\u00f3n de gases. Sin embargo, despu\u00e9s del per\u00edodo de transici\u00f3n, esto deber\u00eda suceder cada vez menos y despu\u00e9s de unas semanas deber\u00eda desaparecer. Proporcione siempre agua fresca a su perro.<\/p>\n<p>Guardar en lugar fresco y seco. Vida \u00fatil despu\u00e9s de la apertura: Vea la parte inferior de la lata para ver la fecha de caducidad. Vida \u00fatil m\u00ednima: 2 a\u00f1os. Una vez abierto, se puede conservar en el frigor\u00edfico durante 2-3 d\u00edas.<\/p>\n<p>&nbsp;<\/p>","protected":false},"excerpt":{"rendered":"<p>ADULT TETRA PAK es la novedad de VEGDOG en comida h\u00fameda. Una receta completa y muy palatable apta para todos los tama\u00f1os de perros y con un envase optimizado para poder usarlo en casi cualquier lugar.<\/p>","protected":false},"featured_media":26436,"comment_status":"open","ping_status":"closed","template":"","meta":[],"product_brand":[],"product_cat":[530,534,535,509],"product_tag":[511,512,513,531,515,516,517,532,536,533,518,519,520,522,524],"class_list":{"0":"post-28473","1":"product","2":"type-product","3":"status-publish","4":"has-post-thumbnail","6":"product_cat-comida-humeda-perros","7":"product_cat-packs","8":"product_cat-packs-perros","9":"product_cat-perros","10":"product_tag-1-especie-perro","11":"product_tag-2-edad-adulto","12":"product_tag-2-edad-senior","13":"product_tag-3-producto-alimento-humedo","14":"product_tag-3-producto-receta-completa","15":"product_tag-4-propiedades-dieta-de-eliminacion","16":"product_tag-4-propiedades-estomago-sensible","17":"product_tag-4-propiedades-gastrointestinal","18":"product_tag-4-propiedades-mini","19":"product_tag-4-propiedades-proteina-novel","20":"product_tag-5-alergenos-sin-cereales","21":"product_tag-5-alergenos-sin-gluten","22":"product_tag-5-alergenos-sin-maiz","23":"product_tag-5-alergenos-sin-soja","24":"product_tag-7-otros-marca-100-vegana","26":"first","27":"instock","28":"taxable","29":"shipping-taxable","30":"purchasable","31":"product-type-woosb"},"supplier_id":30161,"supplier_sku":"","barcode":null,"atum_controlled":true,"out_stock_date":null,"out_stock_threshold":null,"inheritable":false,"inbound_stock":null,"stock_on_hold":null,"sold_today":null,"sales_last_days":null,"reserved_stock":null,"customer_returns":null,"warehouse_damage":null,"lost_in_post":null,"other_logs":null,"out_stock_days":null,"lost_sales":null,"has_location":false,"update_date":"2026-04-03T16:20:30","atum_locations":[],"atum_stock_status":"instock","restock_status":false,"low_stock_amount":"","sales_update_date":null,"calc_backorders":null,"_links":{"self":[{"href":"https:\/\/pinkpeas.es\/ca\/wp-json\/wp\/v2\/product\/28473","targetHints":{"allow":["GET"]}}],"collection":[{"href":"https:\/\/pinkpeas.es\/ca\/wp-json\/wp\/v2\/product"}],"about":[{"href":"https:\/\/pinkpeas.es\/ca\/wp-json\/wp\/v2\/types\/product"}],"replies":[{"embeddable":true,"href":"https:\/\/pinkpeas.es\/ca\/wp-json\/wp\/v2\/comments?post=28473"}],"wp:featuredmedia":[{"embeddable":true,"href":"https:\/\/pinkpeas.es\/ca\/wp-json\/wp\/v2\/media\/26436"}],"wp:attachment":[{"href":"https:\/\/pinkpeas.es\/ca\/wp-json\/wp\/v2\/media?parent=28473"}],"wp:term":[{"taxonomy":"product_brand","embeddable":true,"href":"https:\/\/pinkpeas.es\/ca\/wp-json\/wp\/v2\/product_brand?post=28473"},{"taxonomy":"product_cat","embeddable":true,"href":"https:\/\/pinkpeas.es\/ca\/wp-json\/wp\/v2\/product_cat?post=28473"},{"taxonomy":"product_tag","embeddable":true,"href":"https:\/\/pinkpeas.es\/ca\/wp-json\/wp\/v2\/product_tag?post=28473"}],"curies":[{"name":"wp","href":"https:\/\/api.w.org\/{rel}","templated":true}]}}