{"id":28462,"date":"2025-04-03T15:55:22","date_gmt":"2025-04-03T13:55:22","guid":{"rendered":"https:\/\/seosemia.es\/clientes\/pinkpeas-nueva\/?post_type=product&#038;p=28462"},"modified":"2026-03-24T23:36:26","modified_gmt":"2026-03-24T22:36:26","slug":"travelwow-perros-suplemento-vegano","status":"publish","type":"product","link":"https:\/\/pinkpeas.es\/ca\/producte\/travelwow-perros-suplemento-vegano\/","title":{"rendered":"TravelWow Perros &#8211; Suplemento vegano"},"content":{"rendered":"<p><strong>Wowzen Travelwow<\/strong> para perros est\u00e1 recomendado para <strong>situaciones de estr\u00e9s<\/strong> o agitaci\u00f3n como por ejemplo viajes, mudanzas, visitas al veterinario, &#8230; Con una gran tolerancia, TravelWow es una herramienta muy \u00fatil para animales sensibles a los cambios. Contiene hip\u00e9rico que tiene propiedades ansiol\u00edticas y antidepresivas, jengibre con propiedades antiem\u00e9ticas para ayudar con las n\u00e1useas y tript\u00f3fano que contribuye a regular el sue\u00f1o y el apetito.<\/p>\n<p>Su f\u00f3rmula libre de cereales e ingredientes de origen animal la hace apta para animales con sensibilidades alimentarias.<\/p>\n<p>&nbsp;<\/p>","protected":false},"excerpt":{"rendered":"<p>Wowzen Travelwow ayuda en situaciones de agitaci\u00f3n y estr\u00e9s en perros con una f\u00f3rmula vegana y sin cereales. Presentado en envases de 12 comprimidos de 850mg.<\/p>","protected":false},"featured_media":27501,"comment_status":"open","ping_status":"closed","template":"","meta":[],"product_brand":[],"product_cat":[509,540],"product_tag":[511,512,526,513,542,536,518,519,520,521,522],"class_list":{"0":"post-28462","1":"product","2":"type-product","3":"status-publish","4":"has-post-thumbnail","6":"product_cat-perros","7":"product_cat-suplementacion-perros","8":"product_tag-1-especie-perro","9":"product_tag-2-edad-adulto","10":"product_tag-2-edad-puppy-cachorro","11":"product_tag-2-edad-senior","12":"product_tag-3-producto-nutraceutico-suplemento","13":"product_tag-4-propiedades-mini","14":"product_tag-5-alergenos-sin-cereales","15":"product_tag-5-alergenos-sin-gluten","16":"product_tag-5-alergenos-sin-maiz","17":"product_tag-5-alergenos-sin-patata","18":"product_tag-5-alergenos-sin-soja","20":"first","21":"instock","22":"taxable","23":"shipping-taxable","24":"purchasable","25":"product-type-simple"},"supplier_id":30151,"supplier_sku":"","barcode":"8422947076214","atum_controlled":true,"out_stock_date":null,"out_stock_threshold":null,"inheritable":false,"inbound_stock":0,"stock_on_hold":0,"sold_today":0,"sales_last_days":0,"reserved_stock":0,"customer_returns":0,"warehouse_damage":0,"lost_in_post":0,"other_logs":0,"out_stock_days":0,"lost_sales":0,"has_location":false,"update_date":"2026-04-03T11:34:04","atum_locations":[],"atum_stock_status":"instock","restock_status":false,"low_stock_amount":1,"sales_update_date":"2026-04-03T11:34:04","calc_backorders":null,"_links":{"self":[{"href":"https:\/\/pinkpeas.es\/ca\/wp-json\/wp\/v2\/product\/28462","targetHints":{"allow":["GET"]}}],"collection":[{"href":"https:\/\/pinkpeas.es\/ca\/wp-json\/wp\/v2\/product"}],"about":[{"href":"https:\/\/pinkpeas.es\/ca\/wp-json\/wp\/v2\/types\/product"}],"replies":[{"embeddable":true,"href":"https:\/\/pinkpeas.es\/ca\/wp-json\/wp\/v2\/comments?post=28462"}],"wp:featuredmedia":[{"embeddable":true,"href":"https:\/\/pinkpeas.es\/ca\/wp-json\/wp\/v2\/media\/27501"}],"wp:attachment":[{"href":"https:\/\/pinkpeas.es\/ca\/wp-json\/wp\/v2\/media?parent=28462"}],"wp:term":[{"taxonomy":"product_brand","embeddable":true,"href":"https:\/\/pinkpeas.es\/ca\/wp-json\/wp\/v2\/product_brand?post=28462"},{"taxonomy":"product_cat","embeddable":true,"href":"https:\/\/pinkpeas.es\/ca\/wp-json\/wp\/v2\/product_cat?post=28462"},{"taxonomy":"product_tag","embeddable":true,"href":"https:\/\/pinkpeas.es\/ca\/wp-json\/wp\/v2\/product_tag?post=28462"}],"curies":[{"name":"wp","href":"https:\/\/api.w.org\/{rel}","templated":true}]}}