{"id":28460,"date":"2025-04-03T15:55:22","date_gmt":"2025-04-03T13:55:22","guid":{"rendered":"https:\/\/seosemia.es\/clientes\/pinkpeas-nueva\/?post_type=product&#038;p=28460"},"modified":"2026-03-24T23:36:25","modified_gmt":"2026-03-24T22:36:25","slug":"hepatowow-gatos-suplemento-hepatico-vegano","status":"publish","type":"product","link":"https:\/\/pinkpeas.es\/ca\/producte\/hepatowow-gatos-suplemento-hepatico-vegano\/","title":{"rendered":"HepatoWow Gatos &#8211; Suplemento hep\u00e1tico vegano"},"content":{"rendered":"<p><strong>Wowzen Hepatowow<\/strong> para gatos est\u00e1 recomendado para mejorar y reforzar la salud del h\u00edgado. Especialmente formulado para prevenir patolog\u00edas o apoyar el tratamiento de dolencias hep\u00e1ticas. Contiene silibina proveniente del cardo mariano con propiedades que promueven la <strong>regeneraci\u00f3n hep\u00e1tica<\/strong>, contribuyen a reducir la inflamaci\u00f3n y a bloquear las toxinas.<\/p>\n<p>Su f\u00f3rmula libre de cereales e ingredientes de origen animal la hace apta para animales con sensibilidades alimentarias.<\/p>\n<p>&nbsp;<\/p>","protected":false},"excerpt":{"rendered":"<p>Wowzen Hepatowow favorece la salud hep\u00e1tica de los gatos con una f\u00f3rmula vegana y sin cereales. Presentado en envases de 30ml.<\/p>","protected":false},"featured_media":27499,"comment_status":"open","ping_status":"closed","template":"","meta":[],"product_brand":[],"product_cat":[538,539],"product_tag":[541,512,553,513,542,547,518,519,520,521,522],"class_list":{"0":"post-28460","1":"product","2":"type-product","3":"status-publish","4":"has-post-thumbnail","6":"product_cat-gatos","7":"product_cat-suplementacion-gatos","8":"product_tag-1-especie-gato","9":"product_tag-2-edad-adulto","10":"product_tag-2-edad-kitten-gatito","11":"product_tag-2-edad-senior","12":"product_tag-3-producto-nutraceutico-suplemento","13":"product_tag-4-propiedades-hepatico","14":"product_tag-5-alergenos-sin-cereales","15":"product_tag-5-alergenos-sin-gluten","16":"product_tag-5-alergenos-sin-maiz","17":"product_tag-5-alergenos-sin-patata","18":"product_tag-5-alergenos-sin-soja","20":"first","21":"instock","22":"taxable","23":"shipping-taxable","24":"purchasable","25":"product-type-simple"},"supplier_id":30151,"supplier_sku":"","barcode":"8422947076184","atum_controlled":true,"out_stock_date":null,"out_stock_threshold":null,"inheritable":false,"inbound_stock":0,"stock_on_hold":1,"sold_today":0,"sales_last_days":0,"reserved_stock":0,"customer_returns":0,"warehouse_damage":0,"lost_in_post":0,"other_logs":0,"out_stock_days":0,"lost_sales":0,"has_location":false,"update_date":"2026-04-08T20:34:45","atum_locations":[],"atum_stock_status":"instock","restock_status":false,"low_stock_amount":1,"sales_update_date":"2026-04-08T20:34:45","calc_backorders":null,"_links":{"self":[{"href":"https:\/\/pinkpeas.es\/ca\/wp-json\/wp\/v2\/product\/28460","targetHints":{"allow":["GET"]}}],"collection":[{"href":"https:\/\/pinkpeas.es\/ca\/wp-json\/wp\/v2\/product"}],"about":[{"href":"https:\/\/pinkpeas.es\/ca\/wp-json\/wp\/v2\/types\/product"}],"replies":[{"embeddable":true,"href":"https:\/\/pinkpeas.es\/ca\/wp-json\/wp\/v2\/comments?post=28460"}],"wp:featuredmedia":[{"embeddable":true,"href":"https:\/\/pinkpeas.es\/ca\/wp-json\/wp\/v2\/media\/27499"}],"wp:attachment":[{"href":"https:\/\/pinkpeas.es\/ca\/wp-json\/wp\/v2\/media?parent=28460"}],"wp:term":[{"taxonomy":"product_brand","embeddable":true,"href":"https:\/\/pinkpeas.es\/ca\/wp-json\/wp\/v2\/product_brand?post=28460"},{"taxonomy":"product_cat","embeddable":true,"href":"https:\/\/pinkpeas.es\/ca\/wp-json\/wp\/v2\/product_cat?post=28460"},{"taxonomy":"product_tag","embeddable":true,"href":"https:\/\/pinkpeas.es\/ca\/wp-json\/wp\/v2\/product_tag?post=28460"}],"curies":[{"name":"wp","href":"https:\/\/api.w.org\/{rel}","templated":true}]}}