{"id":28454,"date":"2025-04-03T15:55:09","date_gmt":"2025-04-03T13:55:09","guid":{"rendered":"https:\/\/seosemia.es\/clientes\/pinkpeas-nueva\/?post_type=product&#038;p=28454"},"modified":"2026-03-24T23:51:09","modified_gmt":"2026-03-24T22:51:09","slug":"hepatowow-perros-suplemento-vegano-hepatico","status":"publish","type":"product","link":"https:\/\/pinkpeas.es\/ca\/producte\/hepatowow-perros-suplemento-vegano-hepatico\/","title":{"rendered":"HepatoWow Perros &#8211; Suplemento vegano hep\u00e1tico"},"content":{"rendered":"<p><strong>Wowzen Hepatowow<\/strong> para perros est\u00e1 recomendado para mejorar y reforzar la salud del h\u00edgado. Especialmente formulado para prevenir patolog\u00edas o apoyar el tratamiento de dolencias hep\u00e1ticas. Contiene silibina proveniente del cardo mariano con propiedades que promueven la <strong>regeneraci\u00f3n hep\u00e1tica<\/strong>, contribuyen a reducir la inflamaci\u00f3n y a <strong>bloquear las toxinas<\/strong>. Su f\u00f3rmula libre de cereales e ingredientes de origen animal la hace apta para animales con sensibilidades alimentarias.<\/p>\n<p>&nbsp;<\/p>","protected":false},"excerpt":{"rendered":"<p>Wowzen Hepatowow Perros favorece la salud hep\u00e1tica de los perros con una f\u00f3rmula vegana y sin cereales. Presentado en envases de 48 comprimidos de 300mg o 600mg.<\/p>","protected":false},"featured_media":27497,"comment_status":"open","ping_status":"closed","template":"","meta":[],"product_brand":[],"product_cat":[509,540],"product_tag":[511,512,526,513,542,547,536,518,519,520,521,522],"class_list":{"0":"post-28454","1":"product","2":"type-product","3":"status-publish","4":"has-post-thumbnail","6":"product_cat-perros","7":"product_cat-suplementacion-perros","8":"product_tag-1-especie-perro","9":"product_tag-2-edad-adulto","10":"product_tag-2-edad-puppy-cachorro","11":"product_tag-2-edad-senior","12":"product_tag-3-producto-nutraceutico-suplemento","13":"product_tag-4-propiedades-hepatico","14":"product_tag-4-propiedades-mini","15":"product_tag-5-alergenos-sin-cereales","16":"product_tag-5-alergenos-sin-gluten","17":"product_tag-5-alergenos-sin-maiz","18":"product_tag-5-alergenos-sin-patata","19":"product_tag-5-alergenos-sin-soja","21":"first","22":"instock","23":"taxable","24":"shipping-taxable","25":"purchasable","26":"product-type-variable"},"supplier_id":null,"supplier_sku":"","barcode":null,"atum_controlled":true,"out_stock_date":null,"out_stock_threshold":null,"inheritable":true,"inbound_stock":0,"stock_on_hold":0,"sold_today":0,"sales_last_days":2,"reserved_stock":0,"customer_returns":0,"warehouse_damage":0,"lost_in_post":0,"other_logs":0,"out_stock_days":null,"lost_sales":0,"has_location":false,"update_date":"2026-03-24T22:18:00","atum_locations":[],"atum_stock_status":"instock","restock_status":false,"low_stock_amount":"","sales_update_date":"2026-03-24T22:18:00","calc_backorders":null,"_links":{"self":[{"href":"https:\/\/pinkpeas.es\/ca\/wp-json\/wp\/v2\/product\/28454","targetHints":{"allow":["GET"]}}],"collection":[{"href":"https:\/\/pinkpeas.es\/ca\/wp-json\/wp\/v2\/product"}],"about":[{"href":"https:\/\/pinkpeas.es\/ca\/wp-json\/wp\/v2\/types\/product"}],"replies":[{"embeddable":true,"href":"https:\/\/pinkpeas.es\/ca\/wp-json\/wp\/v2\/comments?post=28454"}],"wp:featuredmedia":[{"embeddable":true,"href":"https:\/\/pinkpeas.es\/ca\/wp-json\/wp\/v2\/media\/27497"}],"wp:attachment":[{"href":"https:\/\/pinkpeas.es\/ca\/wp-json\/wp\/v2\/media?parent=28454"}],"wp:term":[{"taxonomy":"product_brand","embeddable":true,"href":"https:\/\/pinkpeas.es\/ca\/wp-json\/wp\/v2\/product_brand?post=28454"},{"taxonomy":"product_cat","embeddable":true,"href":"https:\/\/pinkpeas.es\/ca\/wp-json\/wp\/v2\/product_cat?post=28454"},{"taxonomy":"product_tag","embeddable":true,"href":"https:\/\/pinkpeas.es\/ca\/wp-json\/wp\/v2\/product_tag?post=28454"}],"curies":[{"name":"wp","href":"https:\/\/api.w.org\/{rel}","templated":true}]}}