{"id":28453,"date":"2025-04-03T15:55:09","date_gmt":"2025-04-03T13:55:09","guid":{"rendered":"https:\/\/seosemia.es\/clientes\/pinkpeas-nueva\/?post_type=product&#038;p=28453"},"modified":"2025-06-16T15:41:24","modified_gmt":"2025-06-16T13:41:24","slug":"totebag-de-algodon-de-la-gateria","status":"publish","type":"product","link":"https:\/\/pinkpeas.es\/ca\/producte\/totebag-de-algodon-de-la-gateria\/","title":{"rendered":"Totebag de cot\u00f3 de La Gateria"},"content":{"rendered":"<p>Las Totebag de La Gateria son bolsas de tela de algod\u00f3n org\u00e1nico con el precioso logo de <strong>La Gateria Barcelona<\/strong>.<\/p>\n<p>Puedes elegir entre los dos colores de tela: negra y crudo.<\/p>\n<p>Con la compra de estas bolsas contribuyes a que La Gateria Barcelona pueda seguir alojando <strong>gatos en adopci\u00f3n<\/strong>, cubriendo todas sus necesidades con las mejores atenciones y <strong>busc\u00e1ndoles hogar<\/strong>.<\/p>\n<p>&nbsp;<\/p>","protected":false},"excerpt":{"rendered":"<p>Las Totebag de La Gateria son bolsas de tela de algod\u00f3n org\u00e1nico con el precioso logo de La Gateria Barcelona. Puedes elegir entre los dos colores de tela.<\/p>","protected":false},"featured_media":27494,"comment_status":"open","ping_status":"closed","template":"","meta":[],"product_brand":[],"product_cat":[22],"product_tag":[557],"class_list":{"0":"post-28453","1":"product","2":"type-product","3":"status-publish","4":"has-post-thumbnail","6":"product_cat-sin-categorizar","7":"product_tag-7-otros-dona","9":"first","10":"instock","11":"purchasable","12":"product-type-variable"},"supplier_id":null,"supplier_sku":"","barcode":null,"atum_controlled":true,"out_stock_date":null,"out_stock_threshold":null,"inheritable":true,"inbound_stock":0,"stock_on_hold":0,"sold_today":null,"sales_last_days":null,"reserved_stock":0,"customer_returns":0,"warehouse_damage":0,"lost_in_post":0,"other_logs":0,"out_stock_days":null,"lost_sales":null,"has_location":false,"update_date":"2026-02-12T08:19:41","atum_locations":[],"atum_stock_status":"instock","restock_status":false,"low_stock_amount":"","sales_update_date":"2026-02-12T08:19:41","calc_backorders":null,"_links":{"self":[{"href":"https:\/\/pinkpeas.es\/ca\/wp-json\/wp\/v2\/product\/28453","targetHints":{"allow":["GET"]}}],"collection":[{"href":"https:\/\/pinkpeas.es\/ca\/wp-json\/wp\/v2\/product"}],"about":[{"href":"https:\/\/pinkpeas.es\/ca\/wp-json\/wp\/v2\/types\/product"}],"replies":[{"embeddable":true,"href":"https:\/\/pinkpeas.es\/ca\/wp-json\/wp\/v2\/comments?post=28453"}],"wp:featuredmedia":[{"embeddable":true,"href":"https:\/\/pinkpeas.es\/ca\/wp-json\/wp\/v2\/media\/27494"}],"wp:attachment":[{"href":"https:\/\/pinkpeas.es\/ca\/wp-json\/wp\/v2\/media?parent=28453"}],"wp:term":[{"taxonomy":"product_brand","embeddable":true,"href":"https:\/\/pinkpeas.es\/ca\/wp-json\/wp\/v2\/product_brand?post=28453"},{"taxonomy":"product_cat","embeddable":true,"href":"https:\/\/pinkpeas.es\/ca\/wp-json\/wp\/v2\/product_cat?post=28453"},{"taxonomy":"product_tag","embeddable":true,"href":"https:\/\/pinkpeas.es\/ca\/wp-json\/wp\/v2\/product_tag?post=28453"}],"curies":[{"name":"wp","href":"https:\/\/api.w.org\/{rel}","templated":true}]}}