{"id":28438,"date":"2025-04-03T15:54:49","date_gmt":"2025-04-03T13:54:49","guid":{"rendered":"https:\/\/seosemia.es\/clientes\/pinkpeas-nueva\/?post_type=product&#038;p=28438"},"modified":"2025-10-29T17:26:52","modified_gmt":"2025-10-29T16:26:52","slug":"olivi-corazon-de-madera-de-olivo-juguete-con-cuerda-perros","status":"publish","type":"product","link":"https:\/\/pinkpeas.es\/ca\/producte\/olivi-corazon-de-madera-de-olivo-juguete-con-cuerda-perros\/","title":{"rendered":"Olivi Coraz\u00f3n de Madera de Olivo. Juguete con cuerda Perros"},"content":{"rendered":"<p>El coraz\u00f3n de madera de OLIVI es un juguete de <strong>madera de olivo 100% natural impregnado en aceites<\/strong> que le dan un olor delicioso. Las ligninas y taninos presentes de forma natural en esta madera tienen un efecto antibacteriano, ideal para un juguete masticable. Masticar satisface una necesidad natural de los perros y contribuye a su relajaci\u00f3n, aliviando el aburrimiento.<\/p>\n<p>Contribuye a <strong>limpiar el sarro de forma natural<\/strong> y sirve para todos los tama\u00f1os de perro. La madera de olivo procede de cultivos sostenibles y es especialmente dura, m\u00e1s que la madera de roble, y sin tendencia a astillarse. Est\u00e1 refinado con <strong>aceite de oliva de buena calidad<\/strong>, hecho a mano y es naturalmente vegano. No contiene qu\u00edmicos ni pl\u00e1sticos.<\/p>\n<p>Dependiendo de la fuerza de masticaci\u00f3n del perro, la madera puede roerse desprendiendo trozos de varios cent\u00edmetros o fibras. No es habitual que los perros coman dichos trozos o fibras, pero deben eliminarse como medida de precauci\u00f3n. De la misma forma, si el juguete pierde tama\u00f1o al ser ro\u00eddo, debe ser retirado cuando sea demasiado peque\u00f1o y pudiera ser tragado. Dada la dureza de la madera, no es ideal para perros con problemas dentales como dientes sensibles o flojos.<\/p>\n<p>&nbsp;<\/p>","protected":false},"excerpt":{"rendered":"<p>Coraz\u00f3n de Madera de OLIVI es un juguete de madera de olivo 100% natural y de alta resistencia. Un coraz\u00f3n masticable y muy vers\u00e1til atravesado por una cuerda anudada en los extremos. Disponible en 24cm o 34cm.<\/p>","protected":false},"featured_media":27446,"comment_status":"open","ping_status":"closed","template":"","meta":[],"product_brand":[],"product_cat":[577,509],"product_tag":[511,512,513,578,579],"class_list":{"0":"post-28438","1":"product","2":"type-product","3":"status-publish","4":"has-post-thumbnail","6":"product_cat-juguetes-perros","7":"product_cat-perros","8":"product_tag-1-especie-perro","9":"product_tag-2-edad-adulto","10":"product_tag-2-edad-senior","11":"product_tag-3-producto-juguete","12":"product_tag-4-propiedades-maxi","14":"first","15":"instock","16":"sale","17":"taxable","18":"shipping-taxable","19":"purchasable","20":"product-type-variable"},"supplier_id":null,"supplier_sku":"","barcode":null,"atum_controlled":true,"out_stock_date":null,"out_stock_threshold":null,"inheritable":true,"inbound_stock":0,"stock_on_hold":0,"sold_today":null,"sales_last_days":null,"reserved_stock":0,"customer_returns":0,"warehouse_damage":0,"lost_in_post":0,"other_logs":0,"out_stock_days":null,"lost_sales":null,"has_location":false,"update_date":"2026-03-30T21:24:12","atum_locations":[],"atum_stock_status":"instock","restock_status":false,"low_stock_amount":1,"sales_update_date":"2026-03-30T21:24:12","calc_backorders":null,"_links":{"self":[{"href":"https:\/\/pinkpeas.es\/ca\/wp-json\/wp\/v2\/product\/28438","targetHints":{"allow":["GET"]}}],"collection":[{"href":"https:\/\/pinkpeas.es\/ca\/wp-json\/wp\/v2\/product"}],"about":[{"href":"https:\/\/pinkpeas.es\/ca\/wp-json\/wp\/v2\/types\/product"}],"replies":[{"embeddable":true,"href":"https:\/\/pinkpeas.es\/ca\/wp-json\/wp\/v2\/comments?post=28438"}],"wp:featuredmedia":[{"embeddable":true,"href":"https:\/\/pinkpeas.es\/ca\/wp-json\/wp\/v2\/media\/27446"}],"wp:attachment":[{"href":"https:\/\/pinkpeas.es\/ca\/wp-json\/wp\/v2\/media?parent=28438"}],"wp:term":[{"taxonomy":"product_brand","embeddable":true,"href":"https:\/\/pinkpeas.es\/ca\/wp-json\/wp\/v2\/product_brand?post=28438"},{"taxonomy":"product_cat","embeddable":true,"href":"https:\/\/pinkpeas.es\/ca\/wp-json\/wp\/v2\/product_cat?post=28438"},{"taxonomy":"product_tag","embeddable":true,"href":"https:\/\/pinkpeas.es\/ca\/wp-json\/wp\/v2\/product_tag?post=28438"}],"curies":[{"name":"wp","href":"https:\/\/api.w.org\/{rel}","templated":true}]}}