{"id":28434,"date":"2025-04-03T15:54:48","date_gmt":"2025-04-03T13:54:48","guid":{"rendered":"https:\/\/seosemia.es\/clientes\/pinkpeas-nueva\/?post_type=product&#038;p=28434"},"modified":"2026-04-09T13:10:30","modified_gmt":"2026-04-09T11:10:30","slug":"ami-cats-pienso-completo-vegano-para-gatos","status":"publish","type":"product","link":"https:\/\/pinkpeas.es\/ca\/producte\/ami-cats-pienso-completo-vegano-para-gatos\/","title":{"rendered":"AMI Cats Pienso completo vegano para gatos"},"content":{"rendered":"<p>AMI Cats es el pienso completo y vegano de la linea One Planet de Ami. Su <strong>receta sencilla y equilibrada<\/strong> contiene todos los nutrientes y micronutrientes necesarios para la dieta de mantenimiento de un gato adulto. No contiene colorantes, conservantes, GMO ni gluten. Est\u00e1 suplementado con taurina, omega 3 y 6 veganos, zinc y biotina.<\/p>\n<p>AMI es pionera en la formulaci\u00f3n de piensos veganos para gatos en Europa, lanzando al mercado la primera formulaci\u00f3n vegana felina en 2002, <strong>m\u00e1s de 20 a\u00f1os de experiencia a<\/strong>valan sus recetas.<\/p>\n<p>&nbsp;<\/p>","protected":false},"excerpt":{"rendered":"<p>AMI Cats es un pienso completo, equilibrado y vegano formulado para gatos adultos. Con una receta sencilla y funcional, contiene todos los micronutrientes necesarios sin conservantes ni colorantes. Disponible en sacos de 300g, 1,5kg y 7,5kg.<\/p>","protected":false},"featured_media":27445,"comment_status":"open","ping_status":"closed","template":"","meta":[],"product_brand":[620],"product_cat":[552,538],"product_tag":[541,512,513,514,515],"class_list":{"0":"post-28434","1":"product","2":"type-product","3":"status-publish","4":"has-post-thumbnail","6":"product_brand-ami","7":"product_cat-comida-seca-gatos","8":"product_cat-gatos","9":"product_tag-1-especie-gato","10":"product_tag-2-edad-adulto","11":"product_tag-2-edad-senior","12":"product_tag-3-producto-alimento-seco","13":"product_tag-3-producto-receta-completa","15":"first","16":"instock","17":"sale","18":"taxable","19":"shipping-taxable","20":"purchasable","21":"product-type-variable"},"supplier_id":null,"supplier_sku":"","barcode":null,"atum_controlled":true,"out_stock_date":null,"out_stock_threshold":null,"inheritable":true,"inbound_stock":0,"stock_on_hold":3,"sold_today":0,"sales_last_days":5,"reserved_stock":0,"customer_returns":0,"warehouse_damage":0,"lost_in_post":0,"other_logs":0,"out_stock_days":null,"lost_sales":0,"has_location":false,"update_date":"2026-04-09T11:10:35","atum_locations":[],"atum_stock_status":"instock","restock_status":false,"low_stock_amount":"","sales_update_date":"2026-04-08T20:34:45","calc_backorders":null,"_links":{"self":[{"href":"https:\/\/pinkpeas.es\/ca\/wp-json\/wp\/v2\/product\/28434","targetHints":{"allow":["GET"]}}],"collection":[{"href":"https:\/\/pinkpeas.es\/ca\/wp-json\/wp\/v2\/product"}],"about":[{"href":"https:\/\/pinkpeas.es\/ca\/wp-json\/wp\/v2\/types\/product"}],"replies":[{"embeddable":true,"href":"https:\/\/pinkpeas.es\/ca\/wp-json\/wp\/v2\/comments?post=28434"}],"wp:featuredmedia":[{"embeddable":true,"href":"https:\/\/pinkpeas.es\/ca\/wp-json\/wp\/v2\/media\/27445"}],"wp:attachment":[{"href":"https:\/\/pinkpeas.es\/ca\/wp-json\/wp\/v2\/media?parent=28434"}],"wp:term":[{"taxonomy":"product_brand","embeddable":true,"href":"https:\/\/pinkpeas.es\/ca\/wp-json\/wp\/v2\/product_brand?post=28434"},{"taxonomy":"product_cat","embeddable":true,"href":"https:\/\/pinkpeas.es\/ca\/wp-json\/wp\/v2\/product_cat?post=28434"},{"taxonomy":"product_tag","embeddable":true,"href":"https:\/\/pinkpeas.es\/ca\/wp-json\/wp\/v2\/product_tag?post=28434"}],"curies":[{"name":"wp","href":"https:\/\/api.w.org\/{rel}","templated":true}]}}