{"id":28425,"date":"2025-04-03T15:54:25","date_gmt":"2025-04-03T13:54:25","guid":{"rendered":"https:\/\/seosemia.es\/clientes\/pinkpeas-nueva\/?post_type=product&#038;p=28425"},"modified":"2026-05-01T06:35:10","modified_gmt":"2026-05-01T04:35:10","slug":"consulta-con-nuestra-veterinaria-nutricionista-pack-cachorro","status":"publish","type":"product","link":"https:\/\/pinkpeas.es\/ca\/producte\/consulta-con-nuestra-veterinaria-nutricionista-pack-cachorro\/","title":{"rendered":"Consulta con nuestra veterinaria nutricionista &#8211; Pack cachorro"},"content":{"rendered":"<p>La nutrici\u00f3n es clave para una buena salud y en PinkPeas nos tomamos muy en serio la salud de tu compa\u00f1ero. Siempre se ha dicho que somos lo que comemos y no iba a ser menos con nuestros perros y gatos. Una alimentaci\u00f3n completa, variada, equilibrada y de buena calidad es clave para una buena salud. Desde la nutrici\u00f3n podemos prevenir una gran variedad de enfermedades e incluso ayudar en su tratamiento. Desde PinkPeas ofrecemos un servicio veterinario de consulta nutricional 100% vegetal a trav\u00e9s de nuestras colaboradoras de la cl\u00ednica veterinaria vegana LidaVet. Si tu perro o gato es un cachorro y quieres abordar la nutrici\u00f3n 100% vegetal en esta etapa tan importante, podemos ayudarte a planificar una dieta completa y adecuada para tu cachorro. La alimentaci\u00f3n vegana es posible a cualquier edad siempre que est\u00e9 bien planificada, por lo que el pack de consulta nutricional para cachorros permite abordar tanto la dieta comercial (pienso) como la casera. <strong>Incluye una primera visita completa y dos controles en semanas posteriores para ajustar las cantidades y hacer un buen seguimiento.<\/strong><\/p>\n<p>&nbsp;<\/p>","protected":false},"excerpt":{"rendered":"<p>La nutrici\u00f3n es clave para una buena salud y en PinkPeas nos tomamos muy en serio la salud de tu compa\u00f1ero. Si tu perro o gato es un cachorro y quieres abordar la nutrici\u00f3n 100% vegetal en esta etapa tan importante, podemos ayudarte a planificar una dieta completa y adecuada para tu cachorro. La alimentaci\u00f3n vegana es posible a cualquier edad siempre que est\u00e9 bien planificada, por lo que el pack de consulta nutricional para cachorros permite abordar tanto la dieta comercial (pienso) como la casera. Incluye una primera visita completa y dos controles en semanas posteriores para ajustar las cantidades y hacer un buen seguimiento.<\/p>","protected":false},"featured_media":34548,"comment_status":"open","ping_status":"closed","template":"","meta":[],"product_brand":[],"product_cat":[589],"product_tag":[],"class_list":{"0":"post-28425","1":"product","2":"type-product","3":"status-publish","4":"has-post-thumbnail","6":"product_cat-nutricion","8":"first","9":"instock","10":"virtual","11":"taxable","12":"purchasable","13":"product-type-simple"},"supplier_id":30168,"supplier_sku":"","barcode":null,"atum_controlled":true,"out_stock_date":null,"out_stock_threshold":null,"inheritable":false,"inbound_stock":0,"stock_on_hold":0,"sold_today":0,"sales_last_days":0,"reserved_stock":0,"customer_returns":0,"warehouse_damage":0,"lost_in_post":0,"other_logs":0,"out_stock_days":0,"lost_sales":0,"has_location":false,"update_date":"2026-05-01T04:35:27","atum_locations":[],"atum_stock_status":"instock","restock_status":false,"low_stock_amount":"","sales_update_date":"2026-03-25T18:51:31","calc_backorders":null,"_links":{"self":[{"href":"https:\/\/pinkpeas.es\/ca\/wp-json\/wp\/v2\/product\/28425","targetHints":{"allow":["GET"]}}],"collection":[{"href":"https:\/\/pinkpeas.es\/ca\/wp-json\/wp\/v2\/product"}],"about":[{"href":"https:\/\/pinkpeas.es\/ca\/wp-json\/wp\/v2\/types\/product"}],"replies":[{"embeddable":true,"href":"https:\/\/pinkpeas.es\/ca\/wp-json\/wp\/v2\/comments?post=28425"}],"wp:featuredmedia":[{"embeddable":true,"href":"https:\/\/pinkpeas.es\/ca\/wp-json\/wp\/v2\/media\/34548"}],"wp:attachment":[{"href":"https:\/\/pinkpeas.es\/ca\/wp-json\/wp\/v2\/media?parent=28425"}],"wp:term":[{"taxonomy":"product_brand","embeddable":true,"href":"https:\/\/pinkpeas.es\/ca\/wp-json\/wp\/v2\/product_brand?post=28425"},{"taxonomy":"product_cat","embeddable":true,"href":"https:\/\/pinkpeas.es\/ca\/wp-json\/wp\/v2\/product_cat?post=28425"},{"taxonomy":"product_tag","embeddable":true,"href":"https:\/\/pinkpeas.es\/ca\/wp-json\/wp\/v2\/product_tag?post=28425"}],"curies":[{"name":"wp","href":"https:\/\/api.w.org\/{rel}","templated":true}]}}