{"id":28416,"date":"2025-04-03T15:54:25","date_gmt":"2025-04-03T13:54:25","guid":{"rendered":"https:\/\/seosemia.es\/clientes\/pinkpeas-nueva\/?post_type=product&#038;p=28416"},"modified":"2026-04-25T06:15:22","modified_gmt":"2026-04-25T04:15:22","slug":"consulta-con-nuestra-veterinaria-nutricionista-iniciacion-y-dudas","status":"publish","type":"product","link":"https:\/\/pinkpeas.es\/ca\/producte\/consulta-con-nuestra-veterinaria-nutricionista-iniciacion-y-dudas\/","title":{"rendered":"Consulta con nuestra veterinaria nutricionista \u2013 Iniciaci\u00f3n y dudas"},"content":{"rendered":"<p>La nutrici\u00f3n es clave para una buena salud y en PinkPeas nos tomamos muy en serio la salud de tu compa\u00f1ero. Siempre se ha dicho que somos lo que comemos y no iba a ser menos con nuestros perros y gatos. Una alimentaci\u00f3n completa, variada, equilibrada y de buena calidad es clave para una buena salud. Desde la nutrici\u00f3n podemos prevenir una gran variedad de enfermedades e incluso ayudar en su tratamiento. Desde PinkPeas ofrecemos un servicio veterinario de consulta nutricional 100% vegetal a trav\u00e9s de nuestras colaboradoras de la cl\u00ednica veterinaria vegana LidaVet. Si tienes dudas sobre la dieta actual de tu compa\u00f1ero, si ya come vegano pero quieres revisar y mejorar su dieta, si quieres hacer una buena transici\u00f3n a una alimentaci\u00f3n 100% vegetal, si tienes dudas sobre nutrici\u00f3n o quieres entender su funcionamiento, si prefieres las dietas caseras frente a las comerciales y quieres pautas para seguir en casa, \u2026 La consulta de iniciaci\u00f3n y dudas es para ti.<\/p>\n<p>&nbsp;<\/p>","protected":false},"excerpt":{"rendered":"<p>La nutrici\u00f3n es clave para una buena salud y en PinkPeas nos tomamos muy en serio la salud de tu compa\u00f1ero. Tanto si tienes dudas sobre la dieta actual de tu compa\u00f1ero, como si quieres ayuda en el proceso de veganizaci\u00f3n, si quieres entender el funcionamiento de la nutrici\u00f3n en perros y gatos, si te gustar\u00eda darle dieta vegana casera a tu perro o gato, &#8230; La consulta de iniciaci\u00f3n y dudas es para ti.<\/p>","protected":false},"featured_media":34547,"comment_status":"open","ping_status":"closed","template":"","meta":[],"product_brand":[],"product_cat":[589],"product_tag":[590],"class_list":{"0":"post-28416","1":"product","2":"type-product","3":"status-publish","4":"has-post-thumbnail","6":"product_cat-nutricion","7":"product_tag-7-otros-nutricion","9":"first","10":"instock","11":"taxable","12":"shipping-taxable","13":"purchasable","14":"product-type-variable"},"supplier_id":null,"supplier_sku":"","barcode":null,"atum_controlled":true,"out_stock_date":null,"out_stock_threshold":null,"inheritable":true,"inbound_stock":0,"stock_on_hold":0,"sold_today":0,"sales_last_days":1,"reserved_stock":0,"customer_returns":0,"warehouse_damage":0,"lost_in_post":0,"other_logs":0,"out_stock_days":null,"lost_sales":0,"has_location":false,"update_date":"2026-04-25T04:15:30","atum_locations":[],"atum_stock_status":"instock","restock_status":false,"low_stock_amount":"","sales_update_date":"2026-03-24T16:17:03","calc_backorders":null,"_links":{"self":[{"href":"https:\/\/pinkpeas.es\/ca\/wp-json\/wp\/v2\/product\/28416","targetHints":{"allow":["GET"]}}],"collection":[{"href":"https:\/\/pinkpeas.es\/ca\/wp-json\/wp\/v2\/product"}],"about":[{"href":"https:\/\/pinkpeas.es\/ca\/wp-json\/wp\/v2\/types\/product"}],"replies":[{"embeddable":true,"href":"https:\/\/pinkpeas.es\/ca\/wp-json\/wp\/v2\/comments?post=28416"}],"wp:featuredmedia":[{"embeddable":true,"href":"https:\/\/pinkpeas.es\/ca\/wp-json\/wp\/v2\/media\/34547"}],"wp:attachment":[{"href":"https:\/\/pinkpeas.es\/ca\/wp-json\/wp\/v2\/media?parent=28416"}],"wp:term":[{"taxonomy":"product_brand","embeddable":true,"href":"https:\/\/pinkpeas.es\/ca\/wp-json\/wp\/v2\/product_brand?post=28416"},{"taxonomy":"product_cat","embeddable":true,"href":"https:\/\/pinkpeas.es\/ca\/wp-json\/wp\/v2\/product_cat?post=28416"},{"taxonomy":"product_tag","embeddable":true,"href":"https:\/\/pinkpeas.es\/ca\/wp-json\/wp\/v2\/product_tag?post=28416"}],"curies":[{"name":"wp","href":"https:\/\/api.w.org\/{rel}","templated":true}]}}