{"id":28410,"date":"2025-04-03T15:54:25","date_gmt":"2025-04-03T13:54:25","guid":{"rendered":"https:\/\/seosemia.es\/clientes\/pinkpeas-nueva\/?post_type=product&#038;p=28410"},"modified":"2026-04-02T23:09:25","modified_gmt":"2026-04-02T21:09:25","slug":"denta-fun-veggie-hueso-mandibula-snack-vegano-para-perro","status":"publish","type":"product","link":"https:\/\/pinkpeas.es\/ca\/producte\/denta-fun-veggie-hueso-mandibula-snack-vegano-para-perro\/","title":{"rendered":"Denta Fun Veggie Hueso Mand\u00edbula Snack vegano para perro"},"content":{"rendered":"<p>Los snacks cumplen una funci\u00f3n imprescindible en la educaci\u00f3n en positivo de los perros y en su enriquecimiento ambiental y de su d\u00eda a d\u00eda. Los huesos dentales DENTA FUN de Trixie son veganos y tienen un olor y sabor irresistibles. Gracias a la gran cantidad de levaduras que contienen, su olor es muy atractivo. No contienen az\u00facares a\u00f1adidos y est\u00e1n basadas en boniato y guisante.<\/p>\n<p>&nbsp;<\/p>","protected":false},"excerpt":{"rendered":"<p>Los huesos dentales DENTA FUN de Trixie son una opci\u00f3n vegana muy sabrosa para tu perro. Con una gran palatabilidad gracias a las levaduras y las algas, no hay perro que se resista. Disponibles en 2 tama\u00f1os.<\/p>","protected":false},"featured_media":27426,"comment_status":"open","ping_status":"closed","template":"","meta":[],"product_brand":[],"product_cat":[509,525],"product_tag":[511,528,546,519,520,521,523],"class_list":{"0":"post-28410","1":"product","2":"type-product","3":"status-publish","4":"has-post-thumbnail","6":"product_cat-perros","7":"product_cat-snacks-perros","8":"product_tag-1-especie-perro","9":"product_tag-3-producto-snack","10":"product_tag-4-propiedades-dental","11":"product_tag-5-alergenos-sin-gluten","12":"product_tag-5-alergenos-sin-maiz","13":"product_tag-5-alergenos-sin-patata","14":"product_tag-6-textura-duro","16":"first","17":"instock","18":"taxable","19":"shipping-taxable","20":"purchasable","21":"product-type-variable"},"supplier_id":null,"supplier_sku":"","barcode":null,"atum_controlled":true,"out_stock_date":null,"out_stock_threshold":null,"inheritable":true,"inbound_stock":0,"stock_on_hold":7,"sold_today":2,"sales_last_days":2,"reserved_stock":0,"customer_returns":0,"warehouse_damage":0,"lost_in_post":0,"other_logs":0,"out_stock_days":null,"lost_sales":0,"has_location":false,"update_date":"2026-04-09T11:13:20","atum_locations":[],"atum_stock_status":"instock","restock_status":false,"low_stock_amount":"","sales_update_date":"2026-04-09T11:13:20","calc_backorders":null,"_links":{"self":[{"href":"https:\/\/pinkpeas.es\/ca\/wp-json\/wp\/v2\/product\/28410","targetHints":{"allow":["GET"]}}],"collection":[{"href":"https:\/\/pinkpeas.es\/ca\/wp-json\/wp\/v2\/product"}],"about":[{"href":"https:\/\/pinkpeas.es\/ca\/wp-json\/wp\/v2\/types\/product"}],"replies":[{"embeddable":true,"href":"https:\/\/pinkpeas.es\/ca\/wp-json\/wp\/v2\/comments?post=28410"}],"wp:featuredmedia":[{"embeddable":true,"href":"https:\/\/pinkpeas.es\/ca\/wp-json\/wp\/v2\/media\/27426"}],"wp:attachment":[{"href":"https:\/\/pinkpeas.es\/ca\/wp-json\/wp\/v2\/media?parent=28410"}],"wp:term":[{"taxonomy":"product_brand","embeddable":true,"href":"https:\/\/pinkpeas.es\/ca\/wp-json\/wp\/v2\/product_brand?post=28410"},{"taxonomy":"product_cat","embeddable":true,"href":"https:\/\/pinkpeas.es\/ca\/wp-json\/wp\/v2\/product_cat?post=28410"},{"taxonomy":"product_tag","embeddable":true,"href":"https:\/\/pinkpeas.es\/ca\/wp-json\/wp\/v2\/product_tag?post=28410"}],"curies":[{"name":"wp","href":"https:\/\/api.w.org\/{rel}","templated":true}]}}