{"id":28409,"date":"2025-04-03T15:54:19","date_gmt":"2025-04-03T13:54:19","guid":{"rendered":"https:\/\/seosemia.es\/clientes\/pinkpeas-nueva\/?post_type=product&#038;p=28409"},"modified":"2026-03-24T17:25:24","modified_gmt":"2026-03-24T16:25:24","slug":"hownd-yup-you-stink-champu-acondicionador","status":"publish","type":"product","link":"https:\/\/pinkpeas.es\/ca\/producte\/hownd-yup-you-stink-champu-acondicionador\/","title":{"rendered":"Hownd Yup You Stink! Champ\u00fa acondicionador"},"content":{"rendered":"<p>Yup you stink! es un champ\u00fa con acondicionador de Hownd adecuado para perros y gatos adultos con un olor corporal fuerte. Este champ\u00fa <strong>ayuda a limpiar profundamente y eliminar los olores<\/strong> mediante una combinaci\u00f3n de aceites esenciales de eucalipto y madera de cedro y neutralizadores de olores suaves, desodorizar\u00e1 a los perros y absorber\u00e1 los olores fuertes de excremento de zorro, esti\u00e9rcol de vaca, suciedad y mugre.<\/p>\n<h3>Propiedades<\/h3>\n<p>Ideal para perros apestosos que se revuelcan en cosas apestosas y tambi\u00e9n elimina la orina y la grasa. Las <strong>propiedades antibacterianas<\/strong> de este producto proporcionan una limpieza profunda pero suave de la piel y el pelaje del perro. Su f\u00f3rmula con pH equilibrado contiene prote\u00edna de trigo, avena, aceite de arg\u00e1n y jugo de hoja de aloe vera. Nutre, acondiciona y suaviza la piel y el pelaje, dejando un maravilloso brillo. Es apto para pelo corto y largo, para caballos y gatos. Es importante aclarar con agua abundante.<\/p>\n<h3>La opci\u00f3n \u00e9tica<\/h3>\n<p>El champ\u00fa acondicionador Yup You Stink no contiene productos qu\u00edmicos agresivos como alcohol, parabenos, jab\u00f3n ni colorantes. Es seguro usarlo con productos t\u00f3picos contra pulgas. Los productos para la higiene de HOWND cuentan con el sello de aprobaci\u00f3n de Leaping Bunny de Cruelty Free International, la \u00fanica acreditaci\u00f3n contra la crueldad animal reconocida a nivel mundial, y acreditados por PETA Cruelty Free, la Vegetarian (Vegan) Society y The Ethical Company Organization.<\/p>\n<p>&nbsp;<\/p>","protected":false},"excerpt":{"rendered":"<p>Yup you stink champ\u00fa acondicionador de Hownd es un champ\u00fa de limpieza intensa formulado para perros y gatos con olores fuertes. Ayuda a limpiar profundamente y neutralizar olores tanto corporales como de orina, heces o grasa. Disponible en envases de 250ml.<\/p>","protected":false},"featured_media":27419,"comment_status":"open","ping_status":"closed","template":"","meta":[],"product_brand":[617],"product_cat":[538,575,587,509],"product_tag":[588,541,511,512,553,526,513,576,548,544,524],"class_list":{"0":"post-28409","1":"product","2":"type-product","3":"status-publish","4":"has-post-thumbnail","6":"product_brand-hownd","7":"product_cat-gatos","8":"product_cat-higiene-gatos","9":"product_cat-higiene-perros","10":"product_cat-perros","11":"product_tag-1-especie-caballo","12":"product_tag-1-especie-gato","13":"product_tag-1-especie-perro","14":"product_tag-2-edad-adulto","15":"product_tag-2-edad-kitten-gatito","16":"product_tag-2-edad-puppy-cachorro","17":"product_tag-2-edad-senior","18":"product_tag-3-producto-higiene","19":"product_tag-4-propiedades-hipoalergenico","20":"product_tag-4-propiedades-piel-sensible","21":"product_tag-7-otros-marca-100-vegana","23":"first","24":"instock","25":"taxable","26":"shipping-taxable","27":"purchasable","28":"product-type-simple"},"supplier_id":30169,"supplier_sku":"","barcode":null,"atum_controlled":true,"out_stock_date":null,"out_stock_threshold":null,"inheritable":false,"inbound_stock":0,"stock_on_hold":0,"sold_today":0,"sales_last_days":0,"reserved_stock":0,"customer_returns":0,"warehouse_damage":0,"lost_in_post":0,"other_logs":0,"out_stock_days":0,"lost_sales":0,"has_location":false,"update_date":"2026-04-13T22:49:07","atum_locations":[],"atum_stock_status":"instock","restock_status":false,"low_stock_amount":5,"sales_update_date":"2026-04-13T22:49:07","calc_backorders":null,"_links":{"self":[{"href":"https:\/\/pinkpeas.es\/ca\/wp-json\/wp\/v2\/product\/28409","targetHints":{"allow":["GET"]}}],"collection":[{"href":"https:\/\/pinkpeas.es\/ca\/wp-json\/wp\/v2\/product"}],"about":[{"href":"https:\/\/pinkpeas.es\/ca\/wp-json\/wp\/v2\/types\/product"}],"replies":[{"embeddable":true,"href":"https:\/\/pinkpeas.es\/ca\/wp-json\/wp\/v2\/comments?post=28409"}],"wp:featuredmedia":[{"embeddable":true,"href":"https:\/\/pinkpeas.es\/ca\/wp-json\/wp\/v2\/media\/27419"}],"wp:attachment":[{"href":"https:\/\/pinkpeas.es\/ca\/wp-json\/wp\/v2\/media?parent=28409"}],"wp:term":[{"taxonomy":"product_brand","embeddable":true,"href":"https:\/\/pinkpeas.es\/ca\/wp-json\/wp\/v2\/product_brand?post=28409"},{"taxonomy":"product_cat","embeddable":true,"href":"https:\/\/pinkpeas.es\/ca\/wp-json\/wp\/v2\/product_cat?post=28409"},{"taxonomy":"product_tag","embeddable":true,"href":"https:\/\/pinkpeas.es\/ca\/wp-json\/wp\/v2\/product_tag?post=28409"}],"curies":[{"name":"wp","href":"https:\/\/api.w.org\/{rel}","templated":true}]}}