{"id":28405,"date":"2025-04-03T15:54:18","date_gmt":"2025-04-03T13:54:18","guid":{"rendered":"https:\/\/seosemia.es\/clientes\/pinkpeas-nueva\/?post_type=product&#038;p=28405"},"modified":"2026-03-24T17:26:48","modified_gmt":"2026-03-24T16:26:48","slug":"hownd-keep-calm-snacks-veganos-relajantes-para-perros","status":"publish","type":"product","link":"https:\/\/pinkpeas.es\/ca\/producte\/hownd-keep-calm-snacks-veganos-relajantes-para-perros\/","title":{"rendered":"Hownd Keep Calm Snacks veganos relajantes para perros"},"content":{"rendered":"<p>Keep Calm es una receta semih\u00fameda de snacks veganos para perros con ansiedad o que necesiten ayuda puntual para relajarse a partir de 8 semanas de la gama Wellness Treats de HOWND. Su textura es masticable, suave y tremendamente palatable y sabrosa.<\/p>\n<h3>Propiedades y superalimentos<\/h3>\n<p>Esta receta es naturalmente hipoalerg\u00e9nica, sin gluten, 100% vegetal, cocinada en hornos de le\u00f1a de biomasa. Est\u00e1n elaboradas con lavanda, manzanilla y ra\u00edz de valeriana, todas ellas reconocidas por sus <strong>propiedades calmantes para ayudar a tu mejor amigo a relajarse<\/strong>. Se sabe que la manzanilla y la lavanda ayudan a aliviar el estr\u00e9s a los perros ansiosos. Estos snacks ayudan a los perros a relajarse y encontrar su paz interior, brind\u00e1ndoles una sensaci\u00f3n de tranquilidad durante situaciones estresantes como cuando los llevan al veterinario, durante los viajes por carretera o la temporada de fuegos artificiales. Keep Calm es rico en fibra, hierro y calcio gracias a la harina de guisantes as\u00ed como rico en Omegas 3 y 6. Contiene tambi\u00e9n ra\u00edz de achicoria que aporta beneficios para el sistema inmunol\u00f3gico y pipas de girasol para promover la salud card\u00edaca y el buen desarrollo.<\/p>\n<h3>La alternativa \u00e9tica<\/h3>\n<p>Est\u00e1 dise\u00f1ada para perros con est\u00f3mago sensible. Es una excelente alternativa para perros propensos a las alergias a la carne, los l\u00e1cteos o el pescado. No contiene ingredientes modificados gen\u00e9ticamente, ni trigo, soja, rellenos, aditivos, conservantes, colorantes o sabores artificiales y, por supuesto, nada de carne. Acreditado por Cruelty Free International, acreditada por PETA Cruelty Free, the Vegetarian (Vegan) Society y The Ethical Company Organisation.<\/p>\n<p>&nbsp;<\/p>","protected":false},"excerpt":{"rendered":"<p>Keep Calm de HOWND son unos snacks semih\u00famedos veganos especialmente dise\u00f1ados para perros con ansiedad o que vayan a pasar por un momento de nervios. Sabrosos, suaves y masticables est\u00e1n reforzados con manzanilla, ra\u00edz de valeriana y lavanda para ayudar a reducir el estr\u00e9s y la ansiedad. Disponible en sobres de 100g.<\/p>","protected":false},"featured_media":27411,"comment_status":"open","ping_status":"closed","template":"","meta":[],"product_brand":[617],"product_cat":[509,525],"product_tag":[511,512,526,513,528,546,517,548,518,519,520,521,522,586],"class_list":{"0":"post-28405","1":"product","2":"type-product","3":"status-publish","4":"has-post-thumbnail","6":"product_brand-hownd","7":"product_cat-perros","8":"product_cat-snacks-perros","9":"product_tag-1-especie-perro","10":"product_tag-2-edad-adulto","11":"product_tag-2-edad-puppy-cachorro","12":"product_tag-2-edad-senior","13":"product_tag-3-producto-snack","14":"product_tag-4-propiedades-dental","15":"product_tag-4-propiedades-estomago-sensible","16":"product_tag-4-propiedades-hipoalergenico","17":"product_tag-5-alergenos-sin-cereales","18":"product_tag-5-alergenos-sin-gluten","19":"product_tag-5-alergenos-sin-maiz","20":"product_tag-5-alergenos-sin-patata","21":"product_tag-5-alergenos-sin-soja","22":"product_tag-6-textura-semihumedo","24":"first","25":"instock","26":"taxable","27":"shipping-taxable","28":"purchasable","29":"product-type-simple"},"supplier_id":30169,"supplier_sku":"","barcode":null,"atum_controlled":true,"out_stock_date":null,"out_stock_threshold":null,"inheritable":false,"inbound_stock":0,"stock_on_hold":0,"sold_today":0,"sales_last_days":3,"reserved_stock":0,"customer_returns":0,"warehouse_damage":0,"lost_in_post":0,"other_logs":0,"out_stock_days":0,"lost_sales":0,"has_location":false,"update_date":"2026-03-30T21:06:23","atum_locations":[],"atum_stock_status":"instock","restock_status":false,"low_stock_amount":30,"sales_update_date":"2026-03-30T21:06:23","calc_backorders":null,"_links":{"self":[{"href":"https:\/\/pinkpeas.es\/ca\/wp-json\/wp\/v2\/product\/28405","targetHints":{"allow":["GET"]}}],"collection":[{"href":"https:\/\/pinkpeas.es\/ca\/wp-json\/wp\/v2\/product"}],"about":[{"href":"https:\/\/pinkpeas.es\/ca\/wp-json\/wp\/v2\/types\/product"}],"replies":[{"embeddable":true,"href":"https:\/\/pinkpeas.es\/ca\/wp-json\/wp\/v2\/comments?post=28405"}],"wp:featuredmedia":[{"embeddable":true,"href":"https:\/\/pinkpeas.es\/ca\/wp-json\/wp\/v2\/media\/27411"}],"wp:attachment":[{"href":"https:\/\/pinkpeas.es\/ca\/wp-json\/wp\/v2\/media?parent=28405"}],"wp:term":[{"taxonomy":"product_brand","embeddable":true,"href":"https:\/\/pinkpeas.es\/ca\/wp-json\/wp\/v2\/product_brand?post=28405"},{"taxonomy":"product_cat","embeddable":true,"href":"https:\/\/pinkpeas.es\/ca\/wp-json\/wp\/v2\/product_cat?post=28405"},{"taxonomy":"product_tag","embeddable":true,"href":"https:\/\/pinkpeas.es\/ca\/wp-json\/wp\/v2\/product_tag?post=28405"}],"curies":[{"name":"wp","href":"https:\/\/api.w.org\/{rel}","templated":true}]}}