{"id":28404,"date":"2025-04-03T15:54:18","date_gmt":"2025-04-03T13:54:18","guid":{"rendered":"https:\/\/seosemia.es\/clientes\/pinkpeas-nueva\/?post_type=product&#038;p=28404"},"modified":"2026-04-08T18:08:47","modified_gmt":"2026-04-08T16:08:47","slug":"hownd-golden-oldies-7-snacks-veganos-para-senior","status":"publish","type":"product","link":"https:\/\/pinkpeas.es\/ca\/producte\/hownd-golden-oldies-7-snacks-veganos-para-senior\/","title":{"rendered":"Hownd Golden Oldies 7+ Snacks veganos para Senior"},"content":{"rendered":"<p>Golden Oldies 7+ es una receta semih\u00fameda de snacks veganos para <strong>perros a partir de 7 a\u00f1os<\/strong> de la gama Wellness Treats de HOWND. Su textura es masticable, suave y tremendamente palatable y sabrosa. Esta receta es naturalmente hipoalerg\u00e9nica, sin gluten, 100% vegetal y cocinada en hornos de le\u00f1a de biomasa. Contiene condroprotectores veganos como la fitodroitina una alga marina <strong>alternativa a la condroitina<\/strong> m\u00e1s comercial derivada de las aletas de tibur\u00f3n y del cart\u00edlago bovino para ayudar a mantener las articulaciones del perro amortiguadas. Tambi\u00e9n contiene glucosamina para ayudar a la reparaci\u00f3n del cart\u00edlago y minerales conocidos por abordar problemas de salud comunes.<\/p>\n<h3>Propiedades y superalimentos<\/h3>\n<p>Unos cuantos snacks Golden Oldies pueden <strong>ayudar a aliviar y soportar la rigidez de las articulaciones<\/strong>. Son ricos en fibra, hierro y calcio gracias a la harina de guisantes. Contiene tambi\u00e9n ra\u00edz de achicoria que aporta beneficios para el sistema inmunol\u00f3gico y pipas de girasol para promover la salud card\u00edaca y contribuir a la vitalidad general en perros mayores de 7 a\u00f1os. Est\u00e1 dise\u00f1ada para perros con est\u00f3mago sensible. Es una excelente alternativa para perros propensos a las alergias a la carne, los l\u00e1cteos o el pescado.<\/p>\n<h3>La alternativa \u00e9tica<\/h3>\n<p>No contiene ingredientes modificados gen\u00e9ticamente, ni trigo, soja, rellenos, aditivos, conservantes, colorantes o sabores artificiales y, por supuesto, nada de carne. Acreditado por Cruelty Free International, acreditada por PETA Cruelty Free, the Vegetarian (Vegan) Society y The Ethical Company Organisation.<\/p>\n<p>&nbsp;<\/p>","protected":false},"excerpt":{"rendered":"<p>Golden Oldies 7+ de HOWND son unos snacks semih\u00famedos veganos especialmente dise\u00f1ados para perros a partir de 7 a\u00f1os. Sabrosos, suaves y masticables est\u00e1n reforzados con condroprotectores veganos para ayudar a aliviar problemas articulares. Disponible en sobres de 100g.<\/p>","protected":false},"featured_media":27403,"comment_status":"open","ping_status":"closed","template":"","meta":[],"product_brand":[617],"product_cat":[509,525],"product_tag":[511,512,526,513,528,537,546,517,548,518,519,520,521,522,586],"class_list":{"0":"post-28404","1":"product","2":"type-product","3":"status-publish","4":"has-post-thumbnail","6":"product_brand-hownd","7":"product_cat-perros","8":"product_cat-snacks-perros","9":"product_tag-1-especie-perro","10":"product_tag-2-edad-adulto","11":"product_tag-2-edad-puppy-cachorro","12":"product_tag-2-edad-senior","13":"product_tag-3-producto-snack","14":"product_tag-4-propiedades-articular","15":"product_tag-4-propiedades-dental","16":"product_tag-4-propiedades-estomago-sensible","17":"product_tag-4-propiedades-hipoalergenico","18":"product_tag-5-alergenos-sin-cereales","19":"product_tag-5-alergenos-sin-gluten","20":"product_tag-5-alergenos-sin-maiz","21":"product_tag-5-alergenos-sin-patata","22":"product_tag-5-alergenos-sin-soja","23":"product_tag-6-textura-semihumedo","25":"first","26":"instock","27":"taxable","28":"shipping-taxable","29":"purchasable","30":"product-type-simple"},"supplier_id":30169,"supplier_sku":"","barcode":null,"atum_controlled":true,"out_stock_date":null,"out_stock_threshold":null,"inheritable":false,"inbound_stock":0,"stock_on_hold":1,"sold_today":1,"sales_last_days":1,"reserved_stock":0,"customer_returns":0,"warehouse_damage":0,"lost_in_post":0,"other_logs":0,"out_stock_days":0,"lost_sales":0,"has_location":false,"update_date":"2026-04-08T16:10:51","atum_locations":[],"atum_stock_status":"instock","restock_status":false,"low_stock_amount":30,"sales_update_date":"2026-04-08T16:10:51","calc_backorders":null,"_links":{"self":[{"href":"https:\/\/pinkpeas.es\/ca\/wp-json\/wp\/v2\/product\/28404","targetHints":{"allow":["GET"]}}],"collection":[{"href":"https:\/\/pinkpeas.es\/ca\/wp-json\/wp\/v2\/product"}],"about":[{"href":"https:\/\/pinkpeas.es\/ca\/wp-json\/wp\/v2\/types\/product"}],"replies":[{"embeddable":true,"href":"https:\/\/pinkpeas.es\/ca\/wp-json\/wp\/v2\/comments?post=28404"}],"wp:featuredmedia":[{"embeddable":true,"href":"https:\/\/pinkpeas.es\/ca\/wp-json\/wp\/v2\/media\/27403"}],"wp:attachment":[{"href":"https:\/\/pinkpeas.es\/ca\/wp-json\/wp\/v2\/media?parent=28404"}],"wp:term":[{"taxonomy":"product_brand","embeddable":true,"href":"https:\/\/pinkpeas.es\/ca\/wp-json\/wp\/v2\/product_brand?post=28404"},{"taxonomy":"product_cat","embeddable":true,"href":"https:\/\/pinkpeas.es\/ca\/wp-json\/wp\/v2\/product_cat?post=28404"},{"taxonomy":"product_tag","embeddable":true,"href":"https:\/\/pinkpeas.es\/ca\/wp-json\/wp\/v2\/product_tag?post=28404"}],"curies":[{"name":"wp","href":"https:\/\/api.w.org\/{rel}","templated":true}]}}