{"id":28403,"date":"2025-04-03T15:54:18","date_gmt":"2025-04-03T13:54:18","guid":{"rendered":"https:\/\/seosemia.es\/clientes\/pinkpeas-nueva\/?post_type=product&#038;p=28403"},"modified":"2026-03-24T17:26:35","modified_gmt":"2026-03-24T16:26:35","slug":"hownd-playful-pup-snacks-semihumedos-veganos-para-cachorros","status":"publish","type":"product","link":"https:\/\/pinkpeas.es\/ca\/producte\/hownd-playful-pup-snacks-semihumedos-veganos-para-cachorros\/","title":{"rendered":"Hownd Playful Pup Snacks semih\u00famedos veganos para cachorros"},"content":{"rendered":"<p>Playful Pup es una receta semih\u00fameda de snacks veganos para perros <strong>a partir de 8 semanas<\/strong> de la gama Wellness Treats de HOWND. Su textura es masticable, suave y tremendamente palatable y sabrosa. Esta receta es naturalmente hipoalerg\u00e9nica, sin gluten, 100% vegetal y cocinada en hornos de le\u00f1a de biomasa. Contiene pl\u00e1tanos frescos y algas marinas para <strong>apoyar mentes en crecimiento y cuerpos activos<\/strong>.<\/p>\n<h3>Propiedades y superalimentos<\/h3>\n<p>Los cachorros est\u00e1n llenos de energ\u00eda y necesitan nutrici\u00f3n adicional para apoyar su desarrollo. Esta deliciosa combinaci\u00f3n de pl\u00e1tanos y algas marinas favorece el desarrollo saludable del cerebro, ayuda a estimular el sistema inmunol\u00f3gico y promueve la vitalidad general en perros j\u00f3venes y de razas m\u00e1s peque\u00f1as. Playful Pup de HOWND es ideal para <strong>cachorros, perros j\u00f3venes y adultos de razas mini o peque\u00f1as<\/strong>. Son ricos en fibra, hierro y calcio gracias a la harina de guisantes. Contiene tambi\u00e9n ra\u00edz de achicoria que aporta beneficios para el sistema inmunol\u00f3gico y pipas de girasol para promover la salud card\u00edaca y el buen desarrollo. Est\u00e1 dise\u00f1ada para perros con est\u00f3mago sensible.<\/p>\n<h3>La alternativa \u00e9tica<\/h3>\n<p>Es una excelente alternativa para perros propensos a las alergias a la carne, los l\u00e1cteos o el pescado. No contiene ingredientes modificados gen\u00e9ticamente, ni trigo, soja, rellenos, aditivos, conservantes, colorantes o sabores artificiales y, por supuesto, nada de carne. Acreditado por Cruelty Free International, acreditada por PETA Cruelty Free, the Vegetarian (Vegan) Society y The Ethical Company Organisation.<\/p>\n<p>&nbsp;<\/p>","protected":false},"excerpt":{"rendered":"<p>Playful Pup de HOWND son unos snacks semih\u00famedos veganos especialmente dise\u00f1ados para cachorros a partir de 8 semanas. Sabrosos, suaves y masticables est\u00e1n reforzados con calcio para apoyar un crecimiento y desarrollo adecuado. Disponible en sobres de 100g.<\/p>","protected":false},"featured_media":27400,"comment_status":"open","ping_status":"closed","template":"","meta":[],"product_brand":[617],"product_cat":[509,525],"product_tag":[511,526,528,546,517,548,536,518,519,520,521,522,586],"class_list":{"0":"post-28403","1":"product","2":"type-product","3":"status-publish","4":"has-post-thumbnail","6":"product_brand-hownd","7":"product_cat-perros","8":"product_cat-snacks-perros","9":"product_tag-1-especie-perro","10":"product_tag-2-edad-puppy-cachorro","11":"product_tag-3-producto-snack","12":"product_tag-4-propiedades-dental","13":"product_tag-4-propiedades-estomago-sensible","14":"product_tag-4-propiedades-hipoalergenico","15":"product_tag-4-propiedades-mini","16":"product_tag-5-alergenos-sin-cereales","17":"product_tag-5-alergenos-sin-gluten","18":"product_tag-5-alergenos-sin-maiz","19":"product_tag-5-alergenos-sin-patata","20":"product_tag-5-alergenos-sin-soja","21":"product_tag-6-textura-semihumedo","23":"first","24":"instock","25":"taxable","26":"shipping-taxable","27":"purchasable","28":"product-type-simple"},"supplier_id":30169,"supplier_sku":"","barcode":null,"atum_controlled":true,"out_stock_date":null,"out_stock_threshold":null,"inheritable":false,"inbound_stock":0,"stock_on_hold":0,"sold_today":0,"sales_last_days":3,"reserved_stock":0,"customer_returns":0,"warehouse_damage":0,"lost_in_post":0,"other_logs":0,"out_stock_days":0,"lost_sales":0,"has_location":false,"update_date":"2026-03-30T21:06:23","atum_locations":[],"atum_stock_status":"instock","restock_status":false,"low_stock_amount":30,"sales_update_date":"2026-03-30T21:06:23","calc_backorders":null,"_links":{"self":[{"href":"https:\/\/pinkpeas.es\/ca\/wp-json\/wp\/v2\/product\/28403","targetHints":{"allow":["GET"]}}],"collection":[{"href":"https:\/\/pinkpeas.es\/ca\/wp-json\/wp\/v2\/product"}],"about":[{"href":"https:\/\/pinkpeas.es\/ca\/wp-json\/wp\/v2\/types\/product"}],"replies":[{"embeddable":true,"href":"https:\/\/pinkpeas.es\/ca\/wp-json\/wp\/v2\/comments?post=28403"}],"wp:featuredmedia":[{"embeddable":true,"href":"https:\/\/pinkpeas.es\/ca\/wp-json\/wp\/v2\/media\/27400"}],"wp:attachment":[{"href":"https:\/\/pinkpeas.es\/ca\/wp-json\/wp\/v2\/media?parent=28403"}],"wp:term":[{"taxonomy":"product_brand","embeddable":true,"href":"https:\/\/pinkpeas.es\/ca\/wp-json\/wp\/v2\/product_brand?post=28403"},{"taxonomy":"product_cat","embeddable":true,"href":"https:\/\/pinkpeas.es\/ca\/wp-json\/wp\/v2\/product_cat?post=28403"},{"taxonomy":"product_tag","embeddable":true,"href":"https:\/\/pinkpeas.es\/ca\/wp-json\/wp\/v2\/product_tag?post=28403"}],"curies":[{"name":"wp","href":"https:\/\/api.w.org\/{rel}","templated":true}]}}