{"id":28399,"date":"2025-04-03T15:54:18","date_gmt":"2025-04-03T13:54:18","guid":{"rendered":"https:\/\/seosemia.es\/clientes\/pinkpeas-nueva\/?post_type=product&#038;p=28399"},"modified":"2026-02-10T15:01:19","modified_gmt":"2026-02-10T14:01:19","slug":"juguete-trixie-para-gatos-de-carton-y-sisal","status":"publish","type":"product","link":"https:\/\/pinkpeas.es\/ca\/producte\/juguete-trixie-para-gatos-de-carton-y-sisal\/","title":{"rendered":"Juguete Trixie para gatos de cart\u00f3n y sisal"},"content":{"rendered":"<p>Los juguetes para gatos de cart\u00f3n y sisal de Trixie son una gran forma de juego con materiales naturales. Est\u00e1n construidos con materiales ligeros y amables para morder por lo que animan al juego en compa\u00f1\u00eda o en solitario. Est\u00e1 disponible en tres formas. El pin y el rat\u00f3n ruedan de forma err\u00e1tica haciendo las sesiones de juego m\u00e1s imprevisibles. La pelota de rugby incluye cascabel en las cuerdas para otro tipo de juego. Apto para todas las edades.<\/p>\n<p>&nbsp;<\/p>","protected":false},"excerpt":{"rendered":"<p>Los juguetes para gatos de cart\u00f3n y sisal de Trixie son una gran forma de juego con materiales naturales. Su bajo peso, su tama\u00f1o y su forma de rodar los hacen juguetes muy vers\u00e1tiles para los gatos. Disponibles tres modelos: pin, rat\u00f3n y pelota de rugby<\/p>","protected":false},"featured_media":27369,"comment_status":"open","ping_status":"closed","template":"","meta":[],"product_brand":[],"product_cat":[538,585],"product_tag":[541,578],"class_list":{"0":"post-28399","1":"product","2":"type-product","3":"status-publish","4":"has-post-thumbnail","6":"product_cat-gatos","7":"product_cat-juguetes-gatos","8":"product_tag-1-especie-gato","9":"product_tag-3-producto-juguete","11":"first","12":"instock","13":"sale","14":"taxable","15":"shipping-taxable","16":"purchasable","17":"product-type-variable"},"supplier_id":null,"supplier_sku":"","barcode":null,"atum_controlled":true,"out_stock_date":null,"out_stock_threshold":null,"inheritable":true,"inbound_stock":0,"stock_on_hold":1,"sold_today":1,"sales_last_days":1,"reserved_stock":0,"customer_returns":0,"warehouse_damage":0,"lost_in_post":0,"other_logs":0,"out_stock_days":null,"lost_sales":0,"has_location":false,"update_date":"2026-04-09T11:13:20","atum_locations":[],"atum_stock_status":"instock","restock_status":false,"low_stock_amount":"","sales_update_date":"2026-04-09T11:13:20","calc_backorders":null,"_links":{"self":[{"href":"https:\/\/pinkpeas.es\/ca\/wp-json\/wp\/v2\/product\/28399","targetHints":{"allow":["GET"]}}],"collection":[{"href":"https:\/\/pinkpeas.es\/ca\/wp-json\/wp\/v2\/product"}],"about":[{"href":"https:\/\/pinkpeas.es\/ca\/wp-json\/wp\/v2\/types\/product"}],"replies":[{"embeddable":true,"href":"https:\/\/pinkpeas.es\/ca\/wp-json\/wp\/v2\/comments?post=28399"}],"wp:featuredmedia":[{"embeddable":true,"href":"https:\/\/pinkpeas.es\/ca\/wp-json\/wp\/v2\/media\/27369"}],"wp:attachment":[{"href":"https:\/\/pinkpeas.es\/ca\/wp-json\/wp\/v2\/media?parent=28399"}],"wp:term":[{"taxonomy":"product_brand","embeddable":true,"href":"https:\/\/pinkpeas.es\/ca\/wp-json\/wp\/v2\/product_brand?post=28399"},{"taxonomy":"product_cat","embeddable":true,"href":"https:\/\/pinkpeas.es\/ca\/wp-json\/wp\/v2\/product_cat?post=28399"},{"taxonomy":"product_tag","embeddable":true,"href":"https:\/\/pinkpeas.es\/ca\/wp-json\/wp\/v2\/product_tag?post=28399"}],"curies":[{"name":"wp","href":"https:\/\/api.w.org\/{rel}","templated":true}]}}