{"id":28391,"date":"2025-04-03T15:54:17","date_gmt":"2025-04-03T13:54:17","guid":{"rendered":"https:\/\/seosemia.es\/clientes\/pinkpeas-nueva\/?post_type=product&#038;p=28391"},"modified":"2026-02-19T17:08:07","modified_gmt":"2026-02-19T16:08:07","slug":"trixie-varita-corazon-de-juego-para-gato-con-catnip","status":"publish","type":"product","link":"https:\/\/pinkpeas.es\/ca\/producte\/trixie-varita-corazon-de-juego-para-gato-con-catnip\/","title":{"rendered":"Trixie Varita coraz\u00f3n de juego para gato con catnip"},"content":{"rendered":"<p>Las varita para gatos con coraz\u00f3n de algod\u00f3n y yute permite muchos tipos de juego. Es ideal para fomentar el juego en todas las edades siendo de materiales suaves y atrayentes para el gato. El coraz\u00f3n est\u00e1 formado por una cara de tela de algod\u00f3n y una cara de tejido de yute. Contiene papel crunch por dentro para un juego m\u00e1s estimulante y la cuerda es el\u00e1stica. La varita es de madera de 35 cm.<\/p>\n<p>&nbsp;<\/p>","protected":false},"excerpt":{"rendered":"<p>Las varitas de Trixie son una gran forma de jugar con tu gato e interactuar en todas sus etapas. La varita con coraz\u00f3n con catnip incorpora menta gatera dentro del coraz\u00f3n para incrementar la jugabilidad. Disponible en un solo color con varita de madera.<\/p>","protected":false},"featured_media":27374,"comment_status":"open","ping_status":"closed","template":"","meta":[],"product_brand":[],"product_cat":[538,585],"product_tag":[541,578],"class_list":{"0":"post-28391","1":"product","2":"type-product","3":"status-publish","4":"has-post-thumbnail","6":"product_cat-gatos","7":"product_cat-juguetes-gatos","8":"product_tag-1-especie-gato","9":"product_tag-3-producto-juguete","11":"first","12":"instock","13":"sale","14":"taxable","15":"shipping-taxable","16":"purchasable","17":"product-type-simple"},"supplier_id":30167,"supplier_sku":"","barcode":null,"atum_controlled":true,"out_stock_date":null,"out_stock_threshold":null,"inheritable":false,"inbound_stock":0,"stock_on_hold":1,"sold_today":0,"sales_last_days":0,"reserved_stock":0,"customer_returns":0,"warehouse_damage":0,"lost_in_post":0,"other_logs":0,"out_stock_days":0,"lost_sales":0,"has_location":false,"update_date":"2026-04-09T11:13:21","atum_locations":[],"atum_stock_status":"instock","restock_status":true,"low_stock_amount":1,"sales_update_date":"2026-04-09T11:13:21","calc_backorders":null,"_links":{"self":[{"href":"https:\/\/pinkpeas.es\/ca\/wp-json\/wp\/v2\/product\/28391","targetHints":{"allow":["GET"]}}],"collection":[{"href":"https:\/\/pinkpeas.es\/ca\/wp-json\/wp\/v2\/product"}],"about":[{"href":"https:\/\/pinkpeas.es\/ca\/wp-json\/wp\/v2\/types\/product"}],"replies":[{"embeddable":true,"href":"https:\/\/pinkpeas.es\/ca\/wp-json\/wp\/v2\/comments?post=28391"}],"wp:featuredmedia":[{"embeddable":true,"href":"https:\/\/pinkpeas.es\/ca\/wp-json\/wp\/v2\/media\/27374"}],"wp:attachment":[{"href":"https:\/\/pinkpeas.es\/ca\/wp-json\/wp\/v2\/media?parent=28391"}],"wp:term":[{"taxonomy":"product_brand","embeddable":true,"href":"https:\/\/pinkpeas.es\/ca\/wp-json\/wp\/v2\/product_brand?post=28391"},{"taxonomy":"product_cat","embeddable":true,"href":"https:\/\/pinkpeas.es\/ca\/wp-json\/wp\/v2\/product_cat?post=28391"},{"taxonomy":"product_tag","embeddable":true,"href":"https:\/\/pinkpeas.es\/ca\/wp-json\/wp\/v2\/product_tag?post=28391"}],"curies":[{"name":"wp","href":"https:\/\/api.w.org\/{rel}","templated":true}]}}