{"id":28390,"date":"2025-04-03T15:54:17","date_gmt":"2025-04-03T13:54:17","guid":{"rendered":"https:\/\/seosemia.es\/clientes\/pinkpeas-nueva\/?post_type=product&#038;p=28390"},"modified":"2026-04-09T13:18:29","modified_gmt":"2026-04-09T11:18:29","slug":"trixie-malta-en-pasta-para-gatos","status":"publish","type":"product","link":"https:\/\/pinkpeas.es\/ca\/producte\/trixie-malta-en-pasta-para-gatos\/","title":{"rendered":"Trixie Malta en pasta para gatos"},"content":{"rendered":"<p>La malta de Trixie es un complemento alimentario en formato pasta 100% vegetal. La malta para gatos ayuda a prevenir o eliminar las bolas de pelo del sistema digestivo. <strong>Actua como lubricante natural, permitiendo que el pelo ingerido se desplace y elimine de forma segura sin causar una obstrucci\u00f3n.<\/strong> La malta ayuda, tambi\u00e9n, al proceso digestivo y tiene efecto laxante, por lo que su uso tambi\u00e9n puede contribuir al buen tr\u00e1nsito intestinal general. No tiene efectos secundarios a excepci\u00f3n de si se sobredosifica. El formato tubo de la pasta de malta suele ser el m\u00e1s aceptado para los gatos ya que puede ofrecerse directamente del envase para ser lamido. Es importante cepillar al gato a menudo para evitar que el pelo sea ingerido.<\/p>\n<p>No contiene saborizantes l\u00e1cteos, aceites de pescado ni az\u00facares a\u00f1adidos.<\/p>\n<p>&nbsp;<\/p>","protected":false},"excerpt":{"rendered":"<p>La malta Trixie es una pasta de malta de origen 100% vegetal sin atrayentes l\u00e1cteos ni grasas animales. Es muy apetitosa y sabrosa. Contribuye a la salud digestiva y evita la obstrucci\u00f3n por bolas de pelo ingerido. Disponible en tubos de 100g.<\/p>\n<p>47.90\u20ac\/Kg<\/p>","protected":false},"featured_media":27368,"comment_status":"open","ping_status":"closed","template":"","meta":[],"product_brand":[],"product_cat":[538,539],"product_tag":[541,511,512,553,513,542,532,520,521],"class_list":{"0":"post-28390","1":"product","2":"type-product","3":"status-publish","4":"has-post-thumbnail","6":"product_cat-gatos","7":"product_cat-suplementacion-gatos","8":"product_tag-1-especie-gato","9":"product_tag-1-especie-perro","10":"product_tag-2-edad-adulto","11":"product_tag-2-edad-kitten-gatito","12":"product_tag-2-edad-senior","13":"product_tag-3-producto-nutraceutico-suplemento","14":"product_tag-4-propiedades-gastrointestinal","15":"product_tag-5-alergenos-sin-maiz","16":"product_tag-5-alergenos-sin-patata","18":"first","19":"instock","20":"sale","21":"taxable","22":"shipping-taxable","23":"purchasable","24":"product-type-simple"},"supplier_id":30167,"supplier_sku":"","barcode":"4011905042206","atum_controlled":true,"out_stock_date":null,"out_stock_threshold":null,"inheritable":false,"inbound_stock":0,"stock_on_hold":0,"sold_today":0,"sales_last_days":0,"reserved_stock":0,"customer_returns":0,"warehouse_damage":0,"lost_in_post":0,"other_logs":0,"out_stock_days":0,"lost_sales":0,"has_location":false,"update_date":"2026-04-09T11:18:32","atum_locations":[],"atum_stock_status":"instock","restock_status":false,"low_stock_amount":6,"sales_update_date":"2026-04-09T11:13:21","calc_backorders":null,"_links":{"self":[{"href":"https:\/\/pinkpeas.es\/ca\/wp-json\/wp\/v2\/product\/28390","targetHints":{"allow":["GET"]}}],"collection":[{"href":"https:\/\/pinkpeas.es\/ca\/wp-json\/wp\/v2\/product"}],"about":[{"href":"https:\/\/pinkpeas.es\/ca\/wp-json\/wp\/v2\/types\/product"}],"replies":[{"embeddable":true,"href":"https:\/\/pinkpeas.es\/ca\/wp-json\/wp\/v2\/comments?post=28390"}],"wp:featuredmedia":[{"embeddable":true,"href":"https:\/\/pinkpeas.es\/ca\/wp-json\/wp\/v2\/media\/27368"}],"wp:attachment":[{"href":"https:\/\/pinkpeas.es\/ca\/wp-json\/wp\/v2\/media?parent=28390"}],"wp:term":[{"taxonomy":"product_brand","embeddable":true,"href":"https:\/\/pinkpeas.es\/ca\/wp-json\/wp\/v2\/product_brand?post=28390"},{"taxonomy":"product_cat","embeddable":true,"href":"https:\/\/pinkpeas.es\/ca\/wp-json\/wp\/v2\/product_cat?post=28390"},{"taxonomy":"product_tag","embeddable":true,"href":"https:\/\/pinkpeas.es\/ca\/wp-json\/wp\/v2\/product_tag?post=28390"}],"curies":[{"name":"wp","href":"https:\/\/api.w.org\/{rel}","templated":true}]}}