{"id":28376,"date":"2025-04-03T15:54:10","date_gmt":"2025-04-03T13:54:10","guid":{"rendered":"https:\/\/seosemia.es\/clientes\/pinkpeas-nueva\/?post_type=product&#038;p=28376"},"modified":"2026-03-30T15:29:07","modified_gmt":"2026-03-30T13:29:07","slug":"adiva-biotic-probiotico-vegano-en-polvo-para-perros-y-gatos","status":"publish","type":"product","link":"https:\/\/pinkpeas.es\/ca\/producte\/adiva-biotic-probiotico-vegano-en-polvo-para-perros-y-gatos\/","title":{"rendered":"Adiva\u00ae Biotic Probi\u00f3tico vegano en polvo para perros y gatos"},"content":{"rendered":"<p>ADIVA\u00ae BIOTIC de Vetnova de un alimento complementario diet\u00e9tico simbi\u00f3tico vegano que contiene probi\u00f3ticos, prebi\u00f3ticos (FOS y MOS), L. acidophilus y E. faecium. Sus componentes ayudan a mantener una consistencia normal de las heces y apoyan el mantenimiento de la microbiota saludable. Contiene, tambi\u00e9n, electrolitos, cobalamina y otras vitaminas del grupo B para ayudar a reponer posibles p\u00e9rdidas en procesos de enfermedad gastrointestinal. Gracias a las levaduras, tiene una gran palatabilidad y aceptaci\u00f3n entre perros y gatos pudi\u00e9ndose mezclar con comida seca, h\u00fameda o casera.<\/p>\n<p>Se recomienda en caso de riesgo, durante o tras trastornos digestivos para ayudar a la recuperaci\u00f3n.<\/p>\n<p>&nbsp;<\/p>","protected":false},"excerpt":{"rendered":"<p>ADIVA\u00ae BIOTIC de Vetnova es un probi\u00f3tico en formato polvo con una f\u00f3rmula vegana y muy palatable apta para perros y gatos. Ayuda a dar soporte a la funci\u00f3n digestiva e intestinal en cambios de dieta, trastornos digestivos, desequilibrios de la microbiota, etc. Disponible en sobres monodosis de 1,5g y botes de 30g.<\/p>","protected":false},"featured_media":27296,"comment_status":"open","ping_status":"closed","template":"","meta":[],"product_brand":[],"product_cat":[538,509,539,540],"product_tag":[541,511,542,517,532,543,545],"class_list":{"0":"post-28376","1":"product","2":"type-product","3":"status-publish","4":"has-post-thumbnail","6":"product_cat-gatos","7":"product_cat-perros","8":"product_cat-suplementacion-gatos","9":"product_cat-suplementacion-perros","10":"product_tag-1-especie-gato","11":"product_tag-1-especie-perro","12":"product_tag-3-producto-nutraceutico-suplemento","13":"product_tag-4-propiedades-estomago-sensible","14":"product_tag-4-propiedades-gastrointestinal","15":"product_tag-4-propiedades-para-dieta-casera","16":"product_tag-6-textura-polvo","18":"first","19":"instock","20":"taxable","21":"shipping-taxable","22":"purchasable","23":"product-type-variable"},"supplier_id":null,"supplier_sku":"","barcode":null,"atum_controlled":true,"out_stock_date":null,"out_stock_threshold":null,"inheritable":true,"inbound_stock":0,"stock_on_hold":1,"sold_today":1,"sales_last_days":2,"reserved_stock":0,"customer_returns":0,"warehouse_damage":0,"lost_in_post":0,"other_logs":0,"out_stock_days":null,"lost_sales":0,"has_location":false,"update_date":"2026-03-30T13:29:10","atum_locations":[],"atum_stock_status":"instock","restock_status":false,"low_stock_amount":"","sales_update_date":"2026-03-30T10:48:36","calc_backorders":null,"_links":{"self":[{"href":"https:\/\/pinkpeas.es\/ca\/wp-json\/wp\/v2\/product\/28376","targetHints":{"allow":["GET"]}}],"collection":[{"href":"https:\/\/pinkpeas.es\/ca\/wp-json\/wp\/v2\/product"}],"about":[{"href":"https:\/\/pinkpeas.es\/ca\/wp-json\/wp\/v2\/types\/product"}],"replies":[{"embeddable":true,"href":"https:\/\/pinkpeas.es\/ca\/wp-json\/wp\/v2\/comments?post=28376"}],"wp:featuredmedia":[{"embeddable":true,"href":"https:\/\/pinkpeas.es\/ca\/wp-json\/wp\/v2\/media\/27296"}],"wp:attachment":[{"href":"https:\/\/pinkpeas.es\/ca\/wp-json\/wp\/v2\/media?parent=28376"}],"wp:term":[{"taxonomy":"product_brand","embeddable":true,"href":"https:\/\/pinkpeas.es\/ca\/wp-json\/wp\/v2\/product_brand?post=28376"},{"taxonomy":"product_cat","embeddable":true,"href":"https:\/\/pinkpeas.es\/ca\/wp-json\/wp\/v2\/product_cat?post=28376"},{"taxonomy":"product_tag","embeddable":true,"href":"https:\/\/pinkpeas.es\/ca\/wp-json\/wp\/v2\/product_tag?post=28376"}],"curies":[{"name":"wp","href":"https:\/\/api.w.org\/{rel}","templated":true}]}}