{"id":28374,"date":"2025-04-03T15:54:10","date_gmt":"2025-04-03T13:54:10","guid":{"rendered":"https:\/\/seosemia.es\/clientes\/pinkpeas-nueva\/?post_type=product&#038;p=28374"},"modified":"2026-04-13T21:54:05","modified_gmt":"2026-04-13T19:54:05","slug":"oxbow-critical-care-herbivoros-sabor-manzana-banana","status":"publish","type":"product","link":"https:\/\/pinkpeas.es\/ca\/producte\/oxbow-critical-care-herbivoros-sabor-manzana-banana\/","title":{"rendered":"Oxbow Critical Care Herb\u00edvoros (sabor manzana-banana)"},"content":{"rendered":"<p>Oxbow Critical Care para herb\u00edvoros es un preparado en formato polvo dise\u00f1ado para ser mezclado con agua y recomponer una papilla. Puede administrarse a trav\u00e9s de sonda de alimentaci\u00f3n no intravenosa o con jeringuilla ya que su sabor a manzana-banana le da una alta palatabilidad. Su uso est\u00e1 recomendado <strong>para conejos y otros animales herb\u00edvoros de mayor tama\u00f1o<\/strong> que no quieren o no pueden comer su dieta habitual debido a enfermedad, cirug\u00eda reciente o por un estado nutricional deficiente. La f\u00f3rmula de Oxbow Critical Care contiene todos los nutrientes esenciales de una dieta completa y un alto contenido de fibra de heno Timothy que garantiza la correcta fisiolog\u00eda del intestino y una digesti\u00f3n adecuada.<\/p>\n<p>La administraci\u00f3n de dietas de cuidados intensivos deben ser supervisadas siempre por un veterinario especializado.<\/p>\n<p>&nbsp;<\/p>","protected":false},"excerpt":{"rendered":"<p>Oxbow Critical Care para herb\u00edvoros es un alimento en formato polvo para mezclar con agua y recomponer una papilla. Est\u00e1 especialmente dise\u00f1ado para herb\u00edvoros de tama\u00f1o peque\u00f1o como cobayas, chinchillas, iguanas, tortugas herb\u00edvoras y otros reptiles herb\u00edvoros. Recomendado para estados carenciales. Disponible en envases de 141g con sabor manzana-banana.<\/p>\n<p>Producto rebajado por liquidaci\u00f3n de la linea de productos en esta web. Caducidad cercana 22\/06\/2026.<\/p>","protected":false},"featured_media":27351,"comment_status":"open","ping_status":"closed","template":"","meta":[],"product_brand":[],"product_cat":[561,581],"product_tag":[569,542,515],"class_list":{"0":"post-28374","1":"product","2":"type-product","3":"status-publish","4":"has-post-thumbnail","6":"product_cat-conejos-y-roedores","7":"product_cat-suplementacion-conejos-roedores","8":"product_tag-1-especie-conejo","9":"product_tag-3-producto-nutraceutico-suplemento","10":"product_tag-3-producto-receta-completa","12":"first","13":"instock","14":"sale","15":"taxable","16":"shipping-taxable","17":"purchasable","18":"product-type-simple"},"supplier_id":30148,"supplier_sku":"","barcode":"744845969152","atum_controlled":true,"out_stock_date":null,"out_stock_threshold":null,"inheritable":false,"inbound_stock":0,"stock_on_hold":0,"sold_today":0,"sales_last_days":0,"reserved_stock":0,"customer_returns":0,"warehouse_damage":0,"lost_in_post":0,"other_logs":0,"out_stock_days":0,"lost_sales":0,"has_location":false,"update_date":"2026-05-01T11:52:21","atum_locations":[],"atum_stock_status":"instock","restock_status":false,"low_stock_amount":2,"sales_update_date":"2026-05-01T11:52:21","calc_backorders":null,"_links":{"self":[{"href":"https:\/\/pinkpeas.es\/ca\/wp-json\/wp\/v2\/product\/28374","targetHints":{"allow":["GET"]}}],"collection":[{"href":"https:\/\/pinkpeas.es\/ca\/wp-json\/wp\/v2\/product"}],"about":[{"href":"https:\/\/pinkpeas.es\/ca\/wp-json\/wp\/v2\/types\/product"}],"replies":[{"embeddable":true,"href":"https:\/\/pinkpeas.es\/ca\/wp-json\/wp\/v2\/comments?post=28374"}],"wp:featuredmedia":[{"embeddable":true,"href":"https:\/\/pinkpeas.es\/ca\/wp-json\/wp\/v2\/media\/27351"}],"wp:attachment":[{"href":"https:\/\/pinkpeas.es\/ca\/wp-json\/wp\/v2\/media?parent=28374"}],"wp:term":[{"taxonomy":"product_brand","embeddable":true,"href":"https:\/\/pinkpeas.es\/ca\/wp-json\/wp\/v2\/product_brand?post=28374"},{"taxonomy":"product_cat","embeddable":true,"href":"https:\/\/pinkpeas.es\/ca\/wp-json\/wp\/v2\/product_cat?post=28374"},{"taxonomy":"product_tag","embeddable":true,"href":"https:\/\/pinkpeas.es\/ca\/wp-json\/wp\/v2\/product_tag?post=28374"}],"curies":[{"name":"wp","href":"https:\/\/api.w.org\/{rel}","templated":true}]}}