{"id":28348,"date":"2025-04-03T15:54:03","date_gmt":"2025-04-03T13:54:03","guid":{"rendered":"https:\/\/seosemia.es\/clientes\/pinkpeas-nueva\/?post_type=product&#038;p=28348"},"modified":"2025-12-01T01:19:25","modified_gmt":"2025-12-01T00:19:25","slug":"soria-natural-extracto-de-alcachofa-para-perro-y-gato","status":"publish","type":"product","link":"https:\/\/pinkpeas.es\/ca\/producte\/soria-natural-extracto-de-alcachofa-para-perro-y-gato\/","title":{"rendered":"Soria Natural &#8211; Extracto de Alcachofa para perro y gato"},"content":{"rendered":"<p>El extracto de alcachofa de Soria Natural es una opci\u00f3n natural muy \u00fatil tanto en problemas digestivos como hep\u00e1ticos. Usado en medicina natural tanto para humanos como para perros o gatos, la alcachofa posee propiedades muy usadas tradicionalmente en la fitoterapia. Este extracto de la gama Siglo XXI de Soria Natural tiene una muy buena aceptaci\u00f3n en la ingesta, no contiene alcohol y tiene una gran absorci\u00f3n y biodisponibilidad. Se recomienda para ayudar al tratamiento de algunos tipos de v\u00f3mitos en perros y gatos.<\/p>\n<p>&nbsp;<\/p>","protected":false},"excerpt":{"rendered":"<p>El extracto de alcachofa de Soria Natural posee propiedades tanto nutritivas como digestivas y depurativas que contribuyen, entre otros, al buen funcionamiento del h\u00edgado. Es un gran aliado en algunos problemas digestivos tanto en humanos como en perros y gatos. Disponible en envases de 50ml con dosificador.<\/p>","protected":false},"featured_media":27234,"comment_status":"open","ping_status":"closed","template":"","meta":[],"product_brand":[],"product_cat":[538,509,539,540],"product_tag":[541,511,542,532,547],"class_list":{"0":"post-28348","1":"product","2":"type-product","3":"status-publish","4":"has-post-thumbnail","6":"product_cat-gatos","7":"product_cat-perros","8":"product_cat-suplementacion-gatos","9":"product_cat-suplementacion-perros","10":"product_tag-1-especie-gato","11":"product_tag-1-especie-perro","12":"product_tag-3-producto-nutraceutico-suplemento","13":"product_tag-4-propiedades-gastrointestinal","14":"product_tag-4-propiedades-hepatico","16":"first","17":"instock","18":"purchasable","19":"product-type-simple"},"supplier_id":30151,"supplier_sku":"","barcode":"8422947044022","atum_controlled":true,"out_stock_date":null,"out_stock_threshold":null,"inheritable":false,"inbound_stock":0,"stock_on_hold":0,"sold_today":0,"sales_last_days":0,"reserved_stock":0,"customer_returns":0,"warehouse_damage":0,"lost_in_post":0,"other_logs":0,"out_stock_days":0,"lost_sales":0,"has_location":false,"update_date":"2026-03-24T22:18:01","atum_locations":[],"atum_stock_status":"instock","restock_status":false,"low_stock_amount":1,"sales_update_date":"2026-03-24T22:18:01","calc_backorders":null,"_links":{"self":[{"href":"https:\/\/pinkpeas.es\/ca\/wp-json\/wp\/v2\/product\/28348","targetHints":{"allow":["GET"]}}],"collection":[{"href":"https:\/\/pinkpeas.es\/ca\/wp-json\/wp\/v2\/product"}],"about":[{"href":"https:\/\/pinkpeas.es\/ca\/wp-json\/wp\/v2\/types\/product"}],"replies":[{"embeddable":true,"href":"https:\/\/pinkpeas.es\/ca\/wp-json\/wp\/v2\/comments?post=28348"}],"wp:featuredmedia":[{"embeddable":true,"href":"https:\/\/pinkpeas.es\/ca\/wp-json\/wp\/v2\/media\/27234"}],"wp:attachment":[{"href":"https:\/\/pinkpeas.es\/ca\/wp-json\/wp\/v2\/media?parent=28348"}],"wp:term":[{"taxonomy":"product_brand","embeddable":true,"href":"https:\/\/pinkpeas.es\/ca\/wp-json\/wp\/v2\/product_brand?post=28348"},{"taxonomy":"product_cat","embeddable":true,"href":"https:\/\/pinkpeas.es\/ca\/wp-json\/wp\/v2\/product_cat?post=28348"},{"taxonomy":"product_tag","embeddable":true,"href":"https:\/\/pinkpeas.es\/ca\/wp-json\/wp\/v2\/product_tag?post=28348"}],"curies":[{"name":"wp","href":"https:\/\/api.w.org\/{rel}","templated":true}]}}