{"id":28346,"date":"2025-04-03T15:54:03","date_gmt":"2025-04-03T13:54:03","guid":{"rendered":"https:\/\/seosemia.es\/clientes\/pinkpeas-nueva\/?post_type=product&#038;p=28346"},"modified":"2026-04-24T15:17:31","modified_gmt":"2026-04-24T13:17:31","slug":"hownd-superfood-pienso-para-perros-calabaza-quinoa-y-moringa","status":"publish","type":"product","link":"https:\/\/pinkpeas.es\/ca\/producte\/hownd-superfood-pienso-para-perros-calabaza-quinoa-y-moringa\/","title":{"rendered":"Hownd Superfood Pienso para perros calabaza, quinoa y moringa"},"content":{"rendered":"<p><strong>Superfood de HOWND<\/strong> es un <strong>pienso vegano para perros nutricionalmente completo y equilibrado<\/strong>. Su f\u00f3rmula aprobada por veterinarios es hipoalerg\u00e9nica y adecuada para perros con intolerancias a prote\u00ednas animales, est\u00f3magos delicados, piel sensible, dietas bajas en purinas y grasas. Contiene una mezcla equilibrada de <strong>prote\u00ednas vegetales de primera calidad<\/strong>, incluyendo concentrado de prote\u00edna de guisantes, lentejas y prote\u00edna de patata, carbohidratos de liberaci\u00f3n lenta como la quinoa y el arroz integral y amino\u00e1cidos esenciales. Incorpora una sabrosa mezcla de verduras como la calabaza, el boniato, las jud\u00edas verdes y el colinabo, contribuyendo al bienestar general y reforzando el sistema inmunol\u00f3gico de tu perro. Repleto de antioxidantes naturales como la moringa y su exclusiva mezcla de hierbas (como el fenogreco, diente de le\u00f3n y romero), yucca, ar\u00e1ndanos rojos y azules, etc..<\/p>\n<h3>Adecuado para<\/h3>\n<p><strong>Superfood de HOWND<\/strong> es adecuado para perros que requieren una dieta baja en purinas. Elaborada para perros con intolerancias a las prote\u00ednas animales, as\u00ed como para perros que requieren una dieta baja en grasas, la calabaza act\u00faa para restablecer el est\u00f3mago en perros con sensibilidades alimentarias, intolerancias, periodos postoperatorios, recuperaci\u00f3n de enfermedades, malestar estomacal, heces blandas o perros que, simplemente, necesitan un cambio de su comida actual. <strong>La levadura de cerveza, la prote\u00edna de patata y la ra\u00edz de achicoria sirven como fuente de prebi\u00f3ticos para lograr est\u00f3magos sanos y felices,<\/strong> Superfood de HOWND contiene tambi\u00e9n probi\u00f3ticos para apoyar el intestino de tu perro. Los aceites de canola y lino proporcionan \u00e1cidos grasos esenciales para un pelaje brillante, una piel sana sin picores y vitalidad general. Con glucosamina y fitodroitina a base de algas para la movilidad y el apoyo de las articulaciones, HOWND Superfood ayudar\u00e1 a su perro a mantenerse activo y feliz.<\/p>\n<p>Este pienso <strong>no contiene soja, gluten, OGM, trigo, cereales, rellenos, aditivos, colorantes ni conservantes.<\/strong> Es un alimento completo para perros a partir de 9 meses en razas de tama\u00f1o peque\u00f1o, 12 meses en razas de tama\u00f1o mediano\/grande, 18 meses en razas gigantes. Es apto para perros senior a partir de 7 a\u00f1os ya que contiene glucosamina y condroitina vegetal que contribuye a la buena salud articular.<\/p>\n<p>Almacena el saco bien cerrado o en un contenedor que pueda cerrarse adecuadamente, en un lugar fresco y seco.<\/p>\n<p>&nbsp;<\/p>","protected":false},"excerpt":{"rendered":"<p>Superfood Deliciosa Calabaza, Quinoa y Moringa de HOWND es un pienso vegano completo y de alta calidad para perros adultos. Es hipoalerg\u00e9nico, contiene una mezcla equilibrada de prote\u00ednas de primera calidad y est\u00e1 repleto de antioxidantes naturales. Disponible en sacos de 2kg y 10kg.<\/p>","protected":false},"featured_media":27230,"comment_status":"open","ping_status":"closed","template":"","meta":[],"product_brand":[617],"product_cat":[510,509],"product_tag":[511,512,513,515,537,529,559,516,517,532,548,544,533,519,522,524],"class_list":{"0":"post-28346","1":"product","2":"type-product","3":"status-publish","4":"has-post-thumbnail","6":"product_brand-hownd","7":"product_cat-comida-seca-perros","8":"product_cat-perros","9":"product_tag-1-especie-perro","10":"product_tag-2-edad-adulto","11":"product_tag-2-edad-senior","12":"product_tag-3-producto-receta-completa","13":"product_tag-4-propiedades-articular","14":"product_tag-4-propiedades-bajo-en-grasa","15":"product_tag-4-propiedades-bajo-en-purinas","16":"product_tag-4-propiedades-dieta-de-eliminacion","17":"product_tag-4-propiedades-estomago-sensible","18":"product_tag-4-propiedades-gastrointestinal","19":"product_tag-4-propiedades-hipoalergenico","20":"product_tag-4-propiedades-piel-sensible","21":"product_tag-4-propiedades-proteina-novel","22":"product_tag-5-alergenos-sin-gluten","23":"product_tag-5-alergenos-sin-soja","24":"product_tag-7-otros-marca-100-vegana","26":"first","27":"instock","28":"taxable","29":"shipping-taxable","30":"purchasable","31":"product-type-variable"},"supplier_id":null,"supplier_sku":"","barcode":null,"atum_controlled":true,"out_stock_date":null,"out_stock_threshold":null,"inheritable":true,"inbound_stock":0,"stock_on_hold":1,"sold_today":1,"sales_last_days":5,"reserved_stock":0,"customer_returns":0,"warehouse_damage":0,"lost_in_post":0,"other_logs":0,"out_stock_days":null,"lost_sales":0,"has_location":false,"update_date":"2026-05-01T11:49:16","atum_locations":[],"atum_stock_status":"instock","restock_status":false,"low_stock_amount":"","sales_update_date":"2026-05-01T11:49:16","calc_backorders":null,"_links":{"self":[{"href":"https:\/\/pinkpeas.es\/ca\/wp-json\/wp\/v2\/product\/28346","targetHints":{"allow":["GET"]}}],"collection":[{"href":"https:\/\/pinkpeas.es\/ca\/wp-json\/wp\/v2\/product"}],"about":[{"href":"https:\/\/pinkpeas.es\/ca\/wp-json\/wp\/v2\/types\/product"}],"replies":[{"embeddable":true,"href":"https:\/\/pinkpeas.es\/ca\/wp-json\/wp\/v2\/comments?post=28346"}],"wp:featuredmedia":[{"embeddable":true,"href":"https:\/\/pinkpeas.es\/ca\/wp-json\/wp\/v2\/media\/27230"}],"wp:attachment":[{"href":"https:\/\/pinkpeas.es\/ca\/wp-json\/wp\/v2\/media?parent=28346"}],"wp:term":[{"taxonomy":"product_brand","embeddable":true,"href":"https:\/\/pinkpeas.es\/ca\/wp-json\/wp\/v2\/product_brand?post=28346"},{"taxonomy":"product_cat","embeddable":true,"href":"https:\/\/pinkpeas.es\/ca\/wp-json\/wp\/v2\/product_cat?post=28346"},{"taxonomy":"product_tag","embeddable":true,"href":"https:\/\/pinkpeas.es\/ca\/wp-json\/wp\/v2\/product_tag?post=28346"}],"curies":[{"name":"wp","href":"https:\/\/api.w.org\/{rel}","templated":true}]}}