{"id":28325,"date":"2025-04-03T15:53:57","date_gmt":"2025-04-03T13:53:57","guid":{"rendered":"https:\/\/seosemia.es\/clientes\/pinkpeas-nueva\/?post_type=product&#038;p=28325"},"modified":"2026-02-02T13:29:49","modified_gmt":"2026-02-02T12:29:49","slug":"rub-juguete-bouncy-de-resina-natural-para-perros","status":"publish","type":"product","link":"https:\/\/pinkpeas.es\/ca\/producte\/rub-juguete-bouncy-de-resina-natural-para-perros\/","title":{"rendered":"Rub Juguete Bouncy de resina natural para perros"},"content":{"rendered":"<p>La gama de juguetes est\u00e1 hecha <strong>100% con resina org\u00e1nica natural y sin colorantes<\/strong>, del \u00e1rbol a la boca! Este material estimula la mordida en el animal y adem\u00e1s flota en el agua. El color es el original en la resina y, gracias a no llevar colorantes no presenta ning\u00fan riesgo de intoxicaci\u00f3n por desgaste.<\/p>\n<p>La resina es congelable para refrescar a tu perro en los meses de calor. Los dise\u00f1os est\u00e1n pensados para estimular el instinto natural con una elasticidad y durabilidad que permite el disfrute masticando. Muchos de <strong>los juguetes Rub son rellenables con premios o comida h\u00fameda<\/strong> para favorecer la interacci\u00f3n y el disfrute jugando. Su forma irregular a\u00f1ade dificultad en la persecuci\u00f3n y captura. Los modelos Bouncy son rellenables con comida h\u00fameda, pienso, sticks o snacks. Puedes congelar el juguete una vez relleno para hacer la experiencia m\u00e1s divertida y aliviar sus enc\u00edas.<\/p>\n<p>Ofr\u00e9celo en los momentos adecuados para evitar que se aburra al tenerlo siempre a disposici\u00f3n. Es importante elegir el tama\u00f1o adecuado y proporcional a su boca para un juego m\u00e1s seguro y satisfactorio.<\/p>\n<p>&nbsp;<\/p>","protected":false},"excerpt":{"rendered":"<p>Bouncy de Rub es un juguete de resina org\u00e1nica 100% natural rellenable y de formas irregulares. Es congelable y flota en el agua. Disponible en 3 tama\u00f1os.<\/p>","protected":false},"featured_media":27042,"comment_status":"open","ping_status":"closed","template":"","meta":[],"product_brand":[],"product_cat":[577,509],"product_tag":[511,578],"class_list":{"0":"post-28325","1":"product","2":"type-product","3":"status-publish","4":"has-post-thumbnail","6":"product_cat-juguetes-perros","7":"product_cat-perros","8":"product_tag-1-especie-perro","9":"product_tag-3-producto-juguete","11":"first","12":"instock","13":"sale","14":"taxable","15":"shipping-taxable","16":"purchasable","17":"product-type-variable"},"supplier_id":null,"supplier_sku":"","barcode":null,"atum_controlled":true,"out_stock_date":null,"out_stock_threshold":null,"inheritable":true,"inbound_stock":0,"stock_on_hold":0,"sold_today":0,"sales_last_days":1,"reserved_stock":0,"customer_returns":0,"warehouse_damage":0,"lost_in_post":0,"other_logs":0,"out_stock_days":null,"lost_sales":0,"has_location":false,"update_date":"2026-03-30T21:30:10","atum_locations":[],"atum_stock_status":"instock","restock_status":false,"low_stock_amount":"","sales_update_date":"2026-03-30T21:30:10","calc_backorders":null,"_links":{"self":[{"href":"https:\/\/pinkpeas.es\/ca\/wp-json\/wp\/v2\/product\/28325","targetHints":{"allow":["GET"]}}],"collection":[{"href":"https:\/\/pinkpeas.es\/ca\/wp-json\/wp\/v2\/product"}],"about":[{"href":"https:\/\/pinkpeas.es\/ca\/wp-json\/wp\/v2\/types\/product"}],"replies":[{"embeddable":true,"href":"https:\/\/pinkpeas.es\/ca\/wp-json\/wp\/v2\/comments?post=28325"}],"wp:featuredmedia":[{"embeddable":true,"href":"https:\/\/pinkpeas.es\/ca\/wp-json\/wp\/v2\/media\/27042"}],"wp:attachment":[{"href":"https:\/\/pinkpeas.es\/ca\/wp-json\/wp\/v2\/media?parent=28325"}],"wp:term":[{"taxonomy":"product_brand","embeddable":true,"href":"https:\/\/pinkpeas.es\/ca\/wp-json\/wp\/v2\/product_brand?post=28325"},{"taxonomy":"product_cat","embeddable":true,"href":"https:\/\/pinkpeas.es\/ca\/wp-json\/wp\/v2\/product_cat?post=28325"},{"taxonomy":"product_tag","embeddable":true,"href":"https:\/\/pinkpeas.es\/ca\/wp-json\/wp\/v2\/product_tag?post=28325"}],"curies":[{"name":"wp","href":"https:\/\/api.w.org\/{rel}","templated":true}]}}