{"id":28285,"date":"2025-04-03T15:53:48","date_gmt":"2025-04-03T13:53:48","guid":{"rendered":"https:\/\/seosemia.es\/clientes\/pinkpeas-nueva\/?post_type=product&#038;p=28285"},"modified":"2026-03-08T14:19:57","modified_gmt":"2026-03-08T13:19:57","slug":"hownd-superfood-porridge-de-arandanos-y-coco-para-perros","status":"publish","type":"product","link":"https:\/\/pinkpeas.es\/ca\/producte\/hownd-superfood-porridge-de-arandanos-y-coco-para-perros\/","title":{"rendered":"Hownd Superfood Porridge de ar\u00e1ndanos y coco para perros"},"content":{"rendered":"<p>Las gachas o porridge de ar\u00e1ndanos frescos y coco de Hownd es una <strong>receta equilibrada y completa de comida h\u00fameda de alta calidad<\/strong>. Su f\u00f3rmula aprobada por veterinarios es hipoalerg\u00e9nica de forma natural y adecuada para perros con intolerancias a las prote\u00ednas animales, est\u00f3magos delicados, piel sensible o que necesitan dietas bajas en purinas y grasas. Contiene superalimentos como los <strong>ar\u00e1ndanos que apoyan el tracto urinario con propiedades antioxidantes<\/strong>. Entre otros ingredientes tambi\u00e9n contiene ch\u00eda, moringa y coco que contribuyen a la salud intestinal y algas marinas como fuente de DHA Omega-3. Los perros necesitan nutrientes espec\u00edficos para tener una buena salud y no ingredientes espec\u00edficos, es por eso que Fresh Blueberry &amp; Coconut Porridge de HOWND es una deliciosa alternativa de carne nutricionalmente completa.<\/p>\n<h3>Adecuado para<\/h3>\n<p>Contiene todos los nutrientes esenciales necesarios para que tu perro est\u00e9 sano y es una excelente alternativa para perros propensos a las alergias a la carne, los l\u00e1cteos o el pescado. Tambi\u00e9n es ideal para perros con sobrepeso u obesidad ya que su alto contenido en prote\u00edna y baja cantidad de grasa y purinas lo hacen totalmente adecuado. Esta receta incluye vitamina D3 vegana adem\u00e1s de antioxidantes, probi\u00f3ticos y prebi\u00f3tico. No contiene ingredientes modificados gen\u00e9ticamente, ni trigo, soja, rellenos, aditivos, conservantes, colorantes o sabores artificiales y, por supuesto, nada de carne.<\/p>\n<p>Est\u00e1 indicado para perros adultos a partir de 9 meses en razas peque\u00f1as, 12 meses en medianas y grandes y 18 meses en razas gigantes. Para cachorros puede mezclarse con su comida habitual y usarse como complemento hasta la edad indicada anteriormente. Se puede mezclar con la comida actual como complemento. Para una buena aceptaci\u00f3n, se recomienda ofrecer a temperatura ambiente una o dos veces al d\u00eda y tener siempre a mano un recipiente con agua fresca. Si est\u00e1s cambiando de alimento, es importante introducir el nuevo gradualmente durante 2 semanas.<\/p>\n<p>Guardar en un lugar fresco y seco. Una vez abierto, refrigerar y usar en un periodo de 2 d\u00edas.<\/p>\n<p>Por motivos de producci\u00f3n la etiqueta puede diferir de la imagen.<\/p>\n<p>&nbsp;<\/p>","protected":false},"excerpt":{"rendered":"<p>La comida h\u00fameda completa de Hownd Porridge de ar\u00e1ndanos frescos y coco con ch\u00eda y avena es una gran receta vegana para perros. Su f\u00f3rmula naturalmente hipoalerg\u00e9nica es alta en prote\u00ednas, baja en grasas y purinas. Disponible en latas de 400g.<\/p>\n<p>Aunque el Porridge de Hownd es una receta completa para perros, sab\u00edas que es apta para gatos de forma complementaria? Es muy palatable y gusta a muchos gatos!<\/p>","protected":false},"featured_media":27377,"comment_status":"open","ping_status":"closed","template":"","meta":[],"product_brand":[617],"product_cat":[555,530,538,509],"product_tag":[511,512,526,513,531,515,551,529,559,517,548,549,544,533,519,520,522,524],"class_list":{"0":"post-28285","1":"product","2":"type-product","3":"status-publish","4":"has-post-thumbnail","6":"product_brand-hownd","7":"product_cat-comida-humeda-gatos","8":"product_cat-comida-humeda-perros","9":"product_cat-gatos","10":"product_cat-perros","11":"product_tag-1-especie-perro","12":"product_tag-2-edad-adulto","13":"product_tag-2-edad-puppy-cachorro","14":"product_tag-2-edad-senior","15":"product_tag-3-producto-alimento-humedo","16":"product_tag-3-producto-receta-completa","17":"product_tag-4-propiedades-alto-en-proteina","18":"product_tag-4-propiedades-bajo-en-grasa","19":"product_tag-4-propiedades-bajo-en-purinas","20":"product_tag-4-propiedades-estomago-sensible","21":"product_tag-4-propiedades-hipoalergenico","22":"product_tag-4-propiedades-obesidad","23":"product_tag-4-propiedades-piel-sensible","24":"product_tag-4-propiedades-proteina-novel","25":"product_tag-5-alergenos-sin-gluten","26":"product_tag-5-alergenos-sin-maiz","27":"product_tag-5-alergenos-sin-soja","28":"product_tag-7-otros-marca-100-vegana","30":"first","31":"outofstock","32":"taxable","33":"shipping-taxable","34":"purchasable","35":"product-type-simple"},"supplier_id":30169,"supplier_sku":"","barcode":null,"atum_controlled":true,"out_stock_date":"2025-12-11 15:40:59","out_stock_threshold":null,"inheritable":false,"inbound_stock":0,"stock_on_hold":0,"sold_today":0,"sales_last_days":0,"reserved_stock":0,"customer_returns":0,"warehouse_damage":0,"lost_in_post":0,"other_logs":0,"out_stock_days":112,"lost_sales":2150,"has_location":false,"update_date":"2026-04-03T12:29:28","atum_locations":[],"atum_stock_status":"outofstock","restock_status":false,"low_stock_amount":30,"sales_update_date":"2026-04-03T12:29:28","calc_backorders":null,"_links":{"self":[{"href":"https:\/\/pinkpeas.es\/ca\/wp-json\/wp\/v2\/product\/28285","targetHints":{"allow":["GET"]}}],"collection":[{"href":"https:\/\/pinkpeas.es\/ca\/wp-json\/wp\/v2\/product"}],"about":[{"href":"https:\/\/pinkpeas.es\/ca\/wp-json\/wp\/v2\/types\/product"}],"replies":[{"embeddable":true,"href":"https:\/\/pinkpeas.es\/ca\/wp-json\/wp\/v2\/comments?post=28285"}],"wp:featuredmedia":[{"embeddable":true,"href":"https:\/\/pinkpeas.es\/ca\/wp-json\/wp\/v2\/media\/27377"}],"wp:attachment":[{"href":"https:\/\/pinkpeas.es\/ca\/wp-json\/wp\/v2\/media?parent=28285"}],"wp:term":[{"taxonomy":"product_brand","embeddable":true,"href":"https:\/\/pinkpeas.es\/ca\/wp-json\/wp\/v2\/product_brand?post=28285"},{"taxonomy":"product_cat","embeddable":true,"href":"https:\/\/pinkpeas.es\/ca\/wp-json\/wp\/v2\/product_cat?post=28285"},{"taxonomy":"product_tag","embeddable":true,"href":"https:\/\/pinkpeas.es\/ca\/wp-json\/wp\/v2\/product_tag?post=28285"}],"curies":[{"name":"wp","href":"https:\/\/api.w.org\/{rel}","templated":true}]}}