{"id":28283,"date":"2025-04-03T15:53:48","date_gmt":"2025-04-03T13:53:48","guid":{"rendered":"https:\/\/seosemia.es\/clientes\/pinkpeas-nueva\/?post_type=product&#038;p=28283"},"modified":"2026-04-14T13:25:44","modified_gmt":"2026-04-14T11:25:44","slug":"hownd-yup-you-stink-snacks-veganos-dentales-para-perros","status":"publish","type":"product","link":"https:\/\/pinkpeas.es\/ca\/producte\/hownd-yup-you-stink-snacks-veganos-dentales-para-perros\/","title":{"rendered":"Hownd Yup You Stink! Snacks veganos dentales para perros"},"content":{"rendered":"<p>Yup You Stink! es una receta semih\u00fameda de snacks veganos para perros con mal aliento a partir de 8 semanas de la gama Wellness Treats de HOWND. Su textura es masticable, suave y tremendamente palatable y sabrosa.<\/p>\n<h3>Propiedades y superalimentos<\/h3>\n<p>Esta receta es naturalmente hipoalerg\u00e9nica, sin gluten, 100% vegetal, cocinada en hornos de le\u00f1a de biomasa. Est\u00e1n elaboradas con con hierbas a\u00f1adidas de apio, menta y perejil, maravillosas hierbas culinarias para combatir el mal aliento. Tambi\u00e9n se sabe que ayudan a la digesti\u00f3n y son amables con el est\u00f3mago de los perros. Con estos snacks los perros podr\u00e1n disfrutar de deliciosos sabores que adem\u00e1s <strong>combaten el mal aliento y ayudan a controlar el olor<\/strong>. \u00a1Hay un lugar en el coraz\u00f3n (y en el est\u00f3mago) de cada perro para el apio! Yup You stink es rico en fibra, hierro y calcio gracias a la harina de guisantes as\u00ed como rico en Omegas 3 y 6. Contiene tambi\u00e9n ra\u00edz de achicoria que aporta beneficios para el sistema inmunol\u00f3gico y pipas de girasol para promover la salud card\u00edaca y el buen desarrollo.<\/p>\n<h3>La alternativa \u00e9tica<\/h3>\n<p>Est\u00e1 dise\u00f1ada para perros con est\u00f3mago sensible. Es una excelente alternativa para perros propensos a las alergias a la carne, los l\u00e1cteos o el pescado. No contiene ingredientes modificados gen\u00e9ticamente, ni trigo, soja, rellenos, aditivos, conservantes, colorantes o sabores artificiales y, por supuesto, nada de carne. Acreditado por Cruelty Free International, acreditada por PETA Cruelty Free, the Vegetarian (Vegan) Society y The Ethical Company Organisation.<\/p>\n<p>&nbsp;<\/p>","protected":false},"excerpt":{"rendered":"<p>Yup You stink! de HOWND son unos snacks semih\u00famedos veganos especialmente dise\u00f1ados para perros con mal aliento. Sabrosos, suaves y masticables est\u00e1n reforzados con apio, menta y perejil para ayudar a combatir el mal aliento. Disponible en sobres de 100g.<\/p>","protected":false},"featured_media":27414,"comment_status":"open","ping_status":"closed","template":"","meta":[],"product_brand":[617],"product_cat":[509,525],"product_tag":[511,512,526,513,528,546,517,548,518,519,520,521,522,586],"class_list":{"0":"post-28283","1":"product","2":"type-product","3":"status-publish","4":"has-post-thumbnail","6":"product_brand-hownd","7":"product_cat-perros","8":"product_cat-snacks-perros","9":"product_tag-1-especie-perro","10":"product_tag-2-edad-adulto","11":"product_tag-2-edad-puppy-cachorro","12":"product_tag-2-edad-senior","13":"product_tag-3-producto-snack","14":"product_tag-4-propiedades-dental","15":"product_tag-4-propiedades-estomago-sensible","16":"product_tag-4-propiedades-hipoalergenico","17":"product_tag-5-alergenos-sin-cereales","18":"product_tag-5-alergenos-sin-gluten","19":"product_tag-5-alergenos-sin-maiz","20":"product_tag-5-alergenos-sin-patata","21":"product_tag-5-alergenos-sin-soja","22":"product_tag-6-textura-semihumedo","24":"first","25":"instock","26":"taxable","27":"shipping-taxable","28":"purchasable","29":"product-type-simple"},"supplier_id":30169,"supplier_sku":"","barcode":null,"atum_controlled":true,"out_stock_date":null,"out_stock_threshold":null,"inheritable":false,"inbound_stock":0,"stock_on_hold":1,"sold_today":1,"sales_last_days":1,"reserved_stock":0,"customer_returns":0,"warehouse_damage":0,"lost_in_post":0,"other_logs":0,"out_stock_days":0,"lost_sales":0,"has_location":false,"update_date":"2026-04-14T11:25:53","atum_locations":[],"atum_stock_status":"instock","restock_status":false,"low_stock_amount":20,"sales_update_date":"2026-04-14T06:24:56","calc_backorders":null,"_links":{"self":[{"href":"https:\/\/pinkpeas.es\/ca\/wp-json\/wp\/v2\/product\/28283","targetHints":{"allow":["GET"]}}],"collection":[{"href":"https:\/\/pinkpeas.es\/ca\/wp-json\/wp\/v2\/product"}],"about":[{"href":"https:\/\/pinkpeas.es\/ca\/wp-json\/wp\/v2\/types\/product"}],"replies":[{"embeddable":true,"href":"https:\/\/pinkpeas.es\/ca\/wp-json\/wp\/v2\/comments?post=28283"}],"wp:featuredmedia":[{"embeddable":true,"href":"https:\/\/pinkpeas.es\/ca\/wp-json\/wp\/v2\/media\/27414"}],"wp:attachment":[{"href":"https:\/\/pinkpeas.es\/ca\/wp-json\/wp\/v2\/media?parent=28283"}],"wp:term":[{"taxonomy":"product_brand","embeddable":true,"href":"https:\/\/pinkpeas.es\/ca\/wp-json\/wp\/v2\/product_brand?post=28283"},{"taxonomy":"product_cat","embeddable":true,"href":"https:\/\/pinkpeas.es\/ca\/wp-json\/wp\/v2\/product_cat?post=28283"},{"taxonomy":"product_tag","embeddable":true,"href":"https:\/\/pinkpeas.es\/ca\/wp-json\/wp\/v2\/product_tag?post=28283"}],"curies":[{"name":"wp","href":"https:\/\/api.w.org\/{rel}","templated":true}]}}