{"id":28281,"date":"2025-04-03T15:53:48","date_gmt":"2025-04-03T13:53:48","guid":{"rendered":"https:\/\/seosemia.es\/clientes\/pinkpeas-nueva\/?post_type=product&#038;p=28281"},"modified":"2026-04-14T13:25:44","modified_gmt":"2026-04-14T11:25:44","slug":"hownd-got-an-itch-snacks-semihumedos-veganos-perros-sensibles","status":"publish","type":"product","link":"https:\/\/pinkpeas.es\/ca\/producte\/hownd-got-an-itch-snacks-semihumedos-veganos-perros-sensibles\/","title":{"rendered":"Hownd Got An Itch Snacks semih\u00famedos veganos perros sensibles"},"content":{"rendered":"<p><strong>Got an itch<\/strong> es una receta semih\u00fameda de snacks veganos para perros con picores o problemas dermatol\u00f3gicos a partir de 8 semanas de la gama Wellness Treats de HOWND. Su textura es masticable, suave y tremendamente palatable y sabrosa.<\/p>\n<h3>Propiedades y superalimentos<\/h3>\n<p>Esta receta es naturalmente hipoalerg\u00e9nica, sin gluten, 100% vegetal, cocinada en hornos de le\u00f1a de biomasa y con el poderoso d\u00fao de <strong>c\u00farcuma y hongos shiitake<\/strong>. El picor en la piel puede ser un problema persistente para los perros, provocando malestar e irritaci\u00f3n. La c\u00farcuma es un vegetal con muchas propiedades que contiene el compuesto activo curcumina que tiene <strong>propiedades antioxidantes, ayuda a mantener una piel y un pelaje sanos y ayuda a aliviar los picores<\/strong>. Los hongos shiitake a\u00f1adidos ayudan a proteger el sistema inmunol\u00f3gico y se dice que tienen efectos antiinflamatorios. Got an itch es rico en fibra, hierro y calcio gracias a la harina de guisantes as\u00ed como rico en Omegas 3 y 6. Contiene tambi\u00e9n ra\u00edz de achicoria que aporta beneficios para el sistema inmunol\u00f3gico y pipas de girasol para promover la salud card\u00edaca y el buen desarrollo.<\/p>\n<h3>La alternativa \u00e9tica<\/h3>\n<p>Est\u00e1 dise\u00f1ada para perros con est\u00f3mago sensible. Es una excelente alternativa para perros propensos a las alergias a la carne, los l\u00e1cteos o el pescado. No contiene ingredientes modificados gen\u00e9ticamente, ni trigo, soja, rellenos, aditivos, conservantes, colorantes o sabores artificiales y, por supuesto, nada de carne. Acreditado por Cruelty Free International, acreditada por PETA Cruelty Free, the Vegetarian (Vegan) Society y The Ethical Company Organisation.<\/p>\n<p>&nbsp;<\/p>","protected":false},"excerpt":{"rendered":"<p>Got an Itch de HOWND son unos snacks semih\u00famedos veganos especialmente dise\u00f1ados para perros con picores o problemas de piel. Sabrosos, suaves y masticables est\u00e1n reforzados con shiitake, c\u00farcuma, Omega 3 y 6 para una mejora de la salud de la piel. Disponible en sobres de 100g.<\/p>","protected":false},"featured_media":27406,"comment_status":"open","ping_status":"closed","template":"","meta":[],"product_brand":[617],"product_cat":[509,525],"product_tag":[511,512,526,513,528,546,517,548,544,518,519,520,521,522,586],"class_list":{"0":"post-28281","1":"product","2":"type-product","3":"status-publish","4":"has-post-thumbnail","6":"product_brand-hownd","7":"product_cat-perros","8":"product_cat-snacks-perros","9":"product_tag-1-especie-perro","10":"product_tag-2-edad-adulto","11":"product_tag-2-edad-puppy-cachorro","12":"product_tag-2-edad-senior","13":"product_tag-3-producto-snack","14":"product_tag-4-propiedades-dental","15":"product_tag-4-propiedades-estomago-sensible","16":"product_tag-4-propiedades-hipoalergenico","17":"product_tag-4-propiedades-piel-sensible","18":"product_tag-5-alergenos-sin-cereales","19":"product_tag-5-alergenos-sin-gluten","20":"product_tag-5-alergenos-sin-maiz","21":"product_tag-5-alergenos-sin-patata","22":"product_tag-5-alergenos-sin-soja","23":"product_tag-6-textura-semihumedo","25":"first","26":"instock","27":"taxable","28":"shipping-taxable","29":"purchasable","30":"product-type-simple"},"supplier_id":30169,"supplier_sku":"","barcode":null,"atum_controlled":true,"out_stock_date":null,"out_stock_threshold":null,"inheritable":false,"inbound_stock":0,"stock_on_hold":2,"sold_today":1,"sales_last_days":2,"reserved_stock":0,"customer_returns":0,"warehouse_damage":0,"lost_in_post":0,"other_logs":0,"out_stock_days":0,"lost_sales":0,"has_location":false,"update_date":"2026-04-14T11:25:53","atum_locations":[],"atum_stock_status":"instock","restock_status":false,"low_stock_amount":30,"sales_update_date":"2026-04-14T06:24:55","calc_backorders":null,"_links":{"self":[{"href":"https:\/\/pinkpeas.es\/ca\/wp-json\/wp\/v2\/product\/28281","targetHints":{"allow":["GET"]}}],"collection":[{"href":"https:\/\/pinkpeas.es\/ca\/wp-json\/wp\/v2\/product"}],"about":[{"href":"https:\/\/pinkpeas.es\/ca\/wp-json\/wp\/v2\/types\/product"}],"replies":[{"embeddable":true,"href":"https:\/\/pinkpeas.es\/ca\/wp-json\/wp\/v2\/comments?post=28281"}],"wp:featuredmedia":[{"embeddable":true,"href":"https:\/\/pinkpeas.es\/ca\/wp-json\/wp\/v2\/media\/27406"}],"wp:attachment":[{"href":"https:\/\/pinkpeas.es\/ca\/wp-json\/wp\/v2\/media?parent=28281"}],"wp:term":[{"taxonomy":"product_brand","embeddable":true,"href":"https:\/\/pinkpeas.es\/ca\/wp-json\/wp\/v2\/product_brand?post=28281"},{"taxonomy":"product_cat","embeddable":true,"href":"https:\/\/pinkpeas.es\/ca\/wp-json\/wp\/v2\/product_cat?post=28281"},{"taxonomy":"product_tag","embeddable":true,"href":"https:\/\/pinkpeas.es\/ca\/wp-json\/wp\/v2\/product_tag?post=28281"}],"curies":[{"name":"wp","href":"https:\/\/api.w.org\/{rel}","templated":true}]}}