{"id":28279,"date":"2025-04-03T15:53:48","date_gmt":"2025-04-03T13:53:48","guid":{"rendered":"https:\/\/seosemia.es\/clientes\/pinkpeas-nueva\/?post_type=product&#038;p=28279"},"modified":"2026-04-09T13:21:47","modified_gmt":"2026-04-09T11:21:47","slug":"trixie-pelota-madera-de-matatabi-para-gatos","status":"publish","type":"product","link":"https:\/\/pinkpeas.es\/ca\/producte\/trixie-pelota-madera-de-matatabi-para-gatos\/","title":{"rendered":"Trixie Pelota Madera de Matatabi para gatos"},"content":{"rendered":"<p>La pelota de madera de Matatabi Trixie es un <strong>juguete natural fabricado a partir de ramas de madera de matatabi<\/strong>. Esta madera originaria del este de Asia produce un aceite naturalmente atrayente y estimulante para los gatos. Gracias a la actinidina que contiene genera un efecto similar al de la hierba gatera, a veces m\u00e1s potente. Alrededor del 80% de los gatos son sensibles a la esencia natural del matatabi. Permite el juego tanto solo como acompa\u00f1ado y puede ser masticado sin peligro de que se astille. <strong>Contribuye a la buena salud dental<\/strong> gracias a poder ser masticado sin peligro. Les ayuda a <strong>aliviar el estr\u00e9s, la ansiedad<\/strong> e incluso a mejorar el v\u00ednculo entre tu gato y t\u00fa tras desaparecer los efectos. Estas pelotas no contienen carbohidratos as\u00ed que resultan un excelente juguete para un gato diab\u00e9tico. Contribuyen a reducir el estr\u00e9s y aumentar la actividad y el juego por lo que pueden ayudar en procesos de obesidad o estr\u00e9s.<\/p>\n<p>&nbsp;<\/p>","protected":false},"excerpt":{"rendered":"<p>La pelota de madera de Matatabi Trixie es un juguete natural y muy estimulante para gatos de todas las edades. Favorece el juego y la salud dental. Disponible en blisters de 1 pelota.<\/p>","protected":false},"featured_media":27360,"comment_status":"open","ping_status":"closed","template":"","meta":[],"product_brand":[],"product_cat":[538,585],"product_tag":[541,578],"class_list":{"0":"post-28279","1":"product","2":"type-product","3":"status-publish","4":"has-post-thumbnail","6":"product_cat-gatos","7":"product_cat-juguetes-gatos","8":"product_tag-1-especie-gato","9":"product_tag-3-producto-juguete","11":"first","12":"instock","13":"sale","14":"taxable","15":"shipping-taxable","16":"purchasable","17":"product-type-simple"},"supplier_id":30167,"supplier_sku":"","barcode":"4011905424323","atum_controlled":true,"out_stock_date":null,"out_stock_threshold":null,"inheritable":false,"inbound_stock":0,"stock_on_hold":1,"sold_today":0,"sales_last_days":0,"reserved_stock":0,"customer_returns":0,"warehouse_damage":0,"lost_in_post":0,"other_logs":0,"out_stock_days":0,"lost_sales":0,"has_location":false,"update_date":"2026-04-09T11:21:57","atum_locations":[],"atum_stock_status":"instock","restock_status":false,"low_stock_amount":3,"sales_update_date":"2026-04-09T11:13:21","calc_backorders":null,"_links":{"self":[{"href":"https:\/\/pinkpeas.es\/ca\/wp-json\/wp\/v2\/product\/28279","targetHints":{"allow":["GET"]}}],"collection":[{"href":"https:\/\/pinkpeas.es\/ca\/wp-json\/wp\/v2\/product"}],"about":[{"href":"https:\/\/pinkpeas.es\/ca\/wp-json\/wp\/v2\/types\/product"}],"replies":[{"embeddable":true,"href":"https:\/\/pinkpeas.es\/ca\/wp-json\/wp\/v2\/comments?post=28279"}],"wp:featuredmedia":[{"embeddable":true,"href":"https:\/\/pinkpeas.es\/ca\/wp-json\/wp\/v2\/media\/27360"}],"wp:attachment":[{"href":"https:\/\/pinkpeas.es\/ca\/wp-json\/wp\/v2\/media?parent=28279"}],"wp:term":[{"taxonomy":"product_brand","embeddable":true,"href":"https:\/\/pinkpeas.es\/ca\/wp-json\/wp\/v2\/product_brand?post=28279"},{"taxonomy":"product_cat","embeddable":true,"href":"https:\/\/pinkpeas.es\/ca\/wp-json\/wp\/v2\/product_cat?post=28279"},{"taxonomy":"product_tag","embeddable":true,"href":"https:\/\/pinkpeas.es\/ca\/wp-json\/wp\/v2\/product_tag?post=28279"}],"curies":[{"name":"wp","href":"https:\/\/api.w.org\/{rel}","templated":true}]}}